{"id":2307,"date":"2020-03-24T17:59:37","date_gmt":"2020-03-24T16:59:37","guid":{"rendered":"http:\/\/cajovnajasminka.sk\/?post_type=product&#038;p=2307"},"modified":"2020-03-24T18:03:18","modified_gmt":"2020-03-24T17:03:18","slug":"exotika-telovy-a-masazny-olej","status":"publish","type":"product","link":"http:\/\/cajovnajasminka.sk\/?product=exotika-telovy-a-masazny-olej","title":{"rendered":"Exotika &#8211; telov\u00fd a mas\u00e1\u017eny olej"},"content":{"rendered":"<p>Telov\u00e9 a mas\u00e1\u017ene oleje zna\u010dky Saloos s\u00fa\u00a0osvie\u017euj\u00face oleje ur\u010den\u00e9 na ka\u017edodenn\u00e9 o\u0161etrenie poko\u017eky i k povzbudzuj\u00facej mas\u00e1\u017ei.\u00a0Rastlinn\u00e9 bio oleje poko\u017eku \u00a0vy\u017eivuj\u00fa a zvl\u00e1\u010d\u0148uj\u00fa.<\/p>\n<ul>\n<li>Luxusn\u00e1\u00a0 recept\u00fara z exotick\u00fdch a vz\u00e1cn\u00fdch \u00e9terick\u00fdch olejov c\u00e9drov\u00e9ho ihli\u010dia, ylang-ylang, ger\u00e1nia a \u010fal\u0161\u00edch pr\u00edrodn\u00fdch esenci\u00ed v harmonickom spojen\u00ed s rastlinn\u00fdmi bio olejmi dod\u00e1 poko\u017eke maxim\u00e1lnu d\u00e1vku bioakt\u00edvnych l\u00e1tok, vitam\u00ednov a antioxidantov. Vracia jej pevnos\u0165, pru\u017enost a zamatov\u00fa hebkost. Kompoz\u00edcia je vhodn\u00e1 na relaxa\u010dn\u00fa mas\u00e1\u017e, ale taktie\u017e na ka\u017edodenn\u00e9 o\u0161etrenie poko\u017eky po k\u00fapeli alebo sprchovan\u00ed.<strong>Zlo\u017eenie:<\/strong>\n<ul>\n<li>Oleje lisovan\u00e9 za studena<\/li>\n<li>100% pr\u00edrodn\u00e9 esenci\u00e1lne oleje<\/li>\n<\/ul>\n<p>Bez konzerva\u010dn\u00fdch a syntetick\u00fdch vonn\u00fdch l\u00e1tok.<\/li>\n<\/ul>\n<p>&nbsp;<\/p>\n","protected":false},"excerpt":{"rendered":"<p><strong>Obsah balenia :\u00a050 ml<\/strong><\/p>\n<p><strong>Povzbudzuj\u00faci a v\u00fdborn\u00fd pre relaxa\u010dn\u00fa mas\u00e1\u017e<\/strong><\/p>\n","protected":false},"featured_media":2309,"comment_status":"closed","ping_status":"closed","template":"","meta":[],"_links":{"self":[{"href":"http:\/\/cajovnajasminka.sk\/index.php?rest_route=\/wp\/v2\/product\/2307"}],"collection":[{"href":"http:\/\/cajovnajasminka.sk\/index.php?rest_route=\/wp\/v2\/product"}],"about":[{"href":"http:\/\/cajovnajasminka.sk\/index.php?rest_route=\/wp\/v2\/types\/product"}],"replies":[{"embeddable":true,"href":"http:\/\/cajovnajasminka.sk\/index.php?rest_route=%2Fwp%2Fv2%2Fcomments&post=2307"}],"wp:featuredmedia":[{"embeddable":true,"href":"http:\/\/cajovnajasminka.sk\/index.php?rest_route=\/wp\/v2\/media\/2309"}],"wp:attachment":[{"href":"http:\/\/cajovnajasminka.sk\/index.php?rest_route=%2Fwp%2Fv2%2Fmedia&parent=2307"}],"curies":[{"name":"wp","href":"https:\/\/api.w.org\/{rel}","templated":true}]}}