{"id":2302,"date":"2020-03-24T14:24:55","date_gmt":"2020-03-24T13:24:55","guid":{"rendered":"http:\/\/cajovnajasminka.sk\/?post_type=product&#038;p=2302"},"modified":"2020-03-24T17:50:06","modified_gmt":"2020-03-24T16:50:06","slug":"lubovnikovy-olejovy-extrakt","status":"publish","type":"product","link":"http:\/\/cajovnajasminka.sk\/?product=lubovnikovy-olejovy-extrakt","title":{"rendered":"\u013dubovn\u00edkov\u00fd olejov\u00fd extrakt 50 ml"},"content":{"rendered":"<p><strong>Celkovo upokojuje a \u010dist\u00ed citliv\u00fa, zap\u00e1len\u00fa a podr\u00e1\u017eden\u00fa ple\u0165<\/strong><\/p>\n<ul>\n<li>je ve\u013emi \u00fa\u010dinn\u00fd pri hojen\u00ed ko\u017en\u00fdch ochoren\u00ed a drobn\u00fdch rezn\u00fdch r\u00e1n (s\u0165ahuj\u00face \u00fa\u010dinky)<\/li>\n<li>pom\u00e1ha pri o\u0161etrovan\u00ed pomlia\u017eden\u00edn, odren\u00edn a pop\u00e1len\u00edn,<\/li>\n<li>u\u013eah\u010duje zacelenie jaziev, poko\u017eku vy\u017eivuje a zjem\u0148uje.<\/li>\n<\/ul>\n<p>\u013dubovn\u00edkov\u00fd extrakt je okrem toho antidepres\u00edvum a sedat\u00edvum, priaznivo p\u00f4sob\u00ed pri psychick\u00fdch poruch\u00e1ch, nepokoja a nespavosti. Kvalitn\u00fd \u013eubovn\u00edkov\u00fd olej sa pozn\u00e1 pod\u013ea s\u00fdto \u010dervenej farby.<\/p>\n<p>Zvy\u0161uje fotosenzibilitu, preto sa pri pou\u017e\u00edvan\u00ed \u013eubovn\u00edka nevystavujte priamemu slnku!<\/p>\n<p>\u010cisto pr\u00edrodn\u00fd produkt. Olej\u00a0<strong>nie je rafinovan\u00fd<\/strong>, z\u00edskava sa v\u00fdhradne\u00a0<strong>lisovan\u00edm za studena<\/strong>.<\/p>\n","protected":false},"excerpt":{"rendered":"<p><strong>Obsah balenia : 50 ml\u00a0<\/strong><\/p>\n<p><strong>Celkovo upokojuje a tie\u017e \u010dist\u00ed citliv\u00fa, z\u00e1palov\u00fa a podr\u00e1\u017eden\u00fa ple\u0165. Je ve\u013emi \u00fa\u010dinn\u00fd pri hojen\u00ed ko\u017en\u00fdch ochoren\u00ed, drobn\u00fdch rezn\u00fdch r\u00e1n. Je vhodn\u00fd aj pre ve\u013emi citliv\u00fa ple\u0165<\/strong><\/p>\n","protected":false},"featured_media":2303,"comment_status":"closed","ping_status":"closed","template":"","meta":[],"_links":{"self":[{"href":"http:\/\/cajovnajasminka.sk\/index.php?rest_route=\/wp\/v2\/product\/2302"}],"collection":[{"href":"http:\/\/cajovnajasminka.sk\/index.php?rest_route=\/wp\/v2\/product"}],"about":[{"href":"http:\/\/cajovnajasminka.sk\/index.php?rest_route=\/wp\/v2\/types\/product"}],"replies":[{"embeddable":true,"href":"http:\/\/cajovnajasminka.sk\/index.php?rest_route=%2Fwp%2Fv2%2Fcomments&post=2302"}],"wp:featuredmedia":[{"embeddable":true,"href":"http:\/\/cajovnajasminka.sk\/index.php?rest_route=\/wp\/v2\/media\/2303"}],"wp:attachment":[{"href":"http:\/\/cajovnajasminka.sk\/index.php?rest_route=%2Fwp%2Fv2%2Fmedia&parent=2302"}],"curies":[{"name":"wp","href":"https:\/\/api.w.org\/{rel}","templated":true}]}}