{"id":2300,"date":"2020-03-24T14:14:14","date_gmt":"2020-03-24T13:14:14","guid":{"rendered":"http:\/\/cajovnajasminka.sk\/?post_type=product&#038;p=2300"},"modified":"2020-03-24T14:15:53","modified_gmt":"2020-03-24T13:15:53","slug":"bio-pletovy-olej-arganopuncia-levandula","status":"publish","type":"product","link":"http:\/\/cajovnajasminka.sk\/?product=bio-pletovy-olej-arganopuncia-levandula","title":{"rendered":"Bio ple\u0165ov\u00fd olej Argan&#038;Opuncia-Levandu\u013ea"},"content":{"rendered":"<p>Dokonal\u00e1 a maxim\u00e1lna<strong>\u00a0anti-age<\/strong>\u00a0ple\u0165ov\u00e1 starostlivos\u0165. Luxusn\u00e9 spojenie\u00a0<strong>bio opunciov\u00e9ho<\/strong>\u00a0oleja s pr\u00edrodn\u00fdmi liftingov\u00fdmi \u00fa\u010dinkami a v\u00fd\u017eivn\u00e9ho<strong>\u00a0extra bio arg\u00e1nov\u00e9ho<\/strong>\u00a0oleja napom\u00e1ha zmierni\u0165 vr\u00e1sky, hydratova\u0165 a zvl\u00e1\u010dni\u0165 ple\u0165. Podporuje tvorbu\u00a0<strong>kolag\u00e9nu<\/strong>, vypl\u0148uje vr\u00e1sky, udr\u017euje v pleti vlhkos\u0165, upokojuje jej podr\u00e1\u017edenie a obnovuje jej vitalitu.\u00a0<strong>Levandu\u013eov\u00fd<\/strong>\u00a0<strong>olej<\/strong>\u00a0m\u00e1 neuverite\u013ene siln\u00e9 regenera\u010dn\u00e9 a hojiv\u00e9 \u00fa\u010dinky na poko\u017eku. Pom\u00e1ha\u00a0<strong>zmier\u0148ova\u0165 pr\u00edznaky akn\u00e9,<\/strong>\u00a0zamedzuje podr\u00e1\u017edenie a za\u010dervenanie pleti. Jedine\u010dn\u00e1 v\u00f4\u0148a levandu\u013ee pom\u00e1ha harmonizova\u0165 myse\u013e. Elix\u00edr sa vynikaj\u00faco vstreb\u00e1va bez zanechania pocitu mastnoty. Vhodn\u00fd na v\u0161etky typy pleti, vr\u00e1tane citlivej.<\/p>\n<p><strong>Pou\u017eitie :<\/strong> Nieko\u013eko kvapiek jemne vmas\u00edrova\u0165 do vy\u010distenej poko\u017eky tv\u00e1re, krku a\u00a0dekoltu. Pravideln\u00fdm pou\u017e\u00edvan\u00edm r\u00e1no a\u00a0ve\u010der bud\u00fa v\u00fdsledky zlep\u0161enia stavu va\u0161ej pleti skuto\u010dne vidite\u013en\u00e9.<\/p>\n<p><strong>Bez konzerva\u010dn\u00fdch a syntetick\u00fdch vonn\u00fdch l\u00e1tok, miner\u00e1lnych a rafinovan\u00fdch olejov.<\/strong><\/p>\n<p><strong>INCI:<\/strong>\u00a0Argania Spinosa Kernel Oil bio, Opuntia Ficus-indica Seed Oil bio, Lavandula Angustifolia bio, Linalool**, Limonene**, Geraniol**,\u00a0 ** s\u00fa\u010das\u0165 \u00e9terick\u00fdch olejov<\/p>\n","protected":false},"excerpt":{"rendered":"<p><strong>Obsah balenia : 20 ml\u00a0<\/strong><\/p>\n<p><strong>Luxusn\u00e9 spojenie bio opunciov\u00e9ho oleja s pr\u00edrodn\u00fdmi liftingov\u00fdmi \u00fa\u010dinkami a v\u00fd\u017eivn\u00e9ho extra bio arg\u00e1nov\u00e9ho oleja napom\u00e1ha zmierni\u0165 vr\u00e1sky, hydratova\u0165 a zvl\u00e1\u010dni\u0165 ple\u0165<\/strong><\/p>\n","protected":false},"featured_media":2301,"comment_status":"closed","ping_status":"closed","template":"","meta":[],"_links":{"self":[{"href":"http:\/\/cajovnajasminka.sk\/index.php?rest_route=\/wp\/v2\/product\/2300"}],"collection":[{"href":"http:\/\/cajovnajasminka.sk\/index.php?rest_route=\/wp\/v2\/product"}],"about":[{"href":"http:\/\/cajovnajasminka.sk\/index.php?rest_route=\/wp\/v2\/types\/product"}],"replies":[{"embeddable":true,"href":"http:\/\/cajovnajasminka.sk\/index.php?rest_route=%2Fwp%2Fv2%2Fcomments&post=2300"}],"wp:featuredmedia":[{"embeddable":true,"href":"http:\/\/cajovnajasminka.sk\/index.php?rest_route=\/wp\/v2\/media\/2301"}],"wp:attachment":[{"href":"http:\/\/cajovnajasminka.sk\/index.php?rest_route=%2Fwp%2Fv2%2Fmedia&parent=2300"}],"curies":[{"name":"wp","href":"https:\/\/api.w.org\/{rel}","templated":true}]}}