{"id":2297,"date":"2020-03-24T14:11:31","date_gmt":"2020-03-24T13:11:31","guid":{"rendered":"http:\/\/cajovnajasminka.sk\/?post_type=product&#038;p=2297"},"modified":"2020-03-24T14:13:59","modified_gmt":"2020-03-24T13:13:59","slug":"bio-pletovy-olej-arganopuncia-ruza","status":"publish","type":"product","link":"http:\/\/cajovnajasminka.sk\/?product=bio-pletovy-olej-arganopuncia-ruza","title":{"rendered":"Bio ple\u0165ov\u00fd olej Argan&#038;Opuncia Ru\u017ea"},"content":{"rendered":"<p>Kr\u00e1\u013eovsk\u00e1 starostlivos\u0165 o ple\u0165 s olejom z najvz\u00e1cnej\u0161ej\u00a0<strong>damascenskej ru\u017ee<\/strong>\u00a0je olejom hodn\u00fdm starostlivosti o kr\u00e1\u013eovn\u00fa. O\u0161etruje ple\u0165, dokonale ju vy\u017eivuje a zjem\u0148uje, dod\u00e1va jej vlahu a ple\u0165 po ru\u017eovom oleji vykvitne do kr\u00e1sy rovnako ako samotn\u00e1 ru\u017ea. Spojenie bio opunciov\u00e9ho, extra bio arganov\u00e9ho a bio ru\u017eov\u00e9ho oleja h\u00fd\u010dka such\u00fa a podr\u00e1\u017eden\u00fa ple\u0165. Jemne a \u00fa\u010dinne vyhladzuje vr\u00e1sky, roz\u017eiari a omlad\u00ed vzh\u013ead, navy\u0161e aj ok\u00fazli zmysly. Ru\u017eov\u00fd olej je v\u00fdrazn\u00fdm \u017eensk\u00fdm olejom, podporuje zdrav\u00e9 sebavedomie, p\u00f4sob\u00ed antidepres\u00edvne a navodzuje pocit \u0161\u0165astia. Elix\u00edr je vhodn\u00fd na v\u0161etky typy pleti, hlavne zrel\u00fa, starn\u00facu, dehydrovan\u00fa so sklonom k vr\u00e1skam.<\/p>\n<p><strong>Pou\u017eitie :<\/strong> Nieko\u013eko kvapiek jemne vmas\u00edrova\u0165 do vy\u010distenej poko\u017eky tv\u00e1re, krku a\u00a0dekoltu. Pravideln\u00fdm pou\u017e\u00edvan\u00edm r\u00e1no a\u00a0ve\u010der bud\u00fa v\u00fdsledky zlep\u0161enia stavu va\u0161ej pleti skuto\u010dne vidite\u013en\u00e9.<\/p>\n<p><strong>Bez konzerva\u010dn\u00fdch a syntetick\u00fdch vonn\u00fdch l\u00e1tok, miner\u00e1lnych a rafinovan\u00fdch olejov.<\/strong><\/p>\n<p><strong>INCI:<\/strong>\u00a0Argania Spinosa Kernel Oil bio, Opuntia Ficus-indica Oil bio, Rosa Damascena bio, Citronellol**, Geraniol**, Eugenol**,\u00a0 ** s\u00fa\u010das\u0165 \u00e9terick\u00fdch olejov<\/p>\n","protected":false},"excerpt":{"rendered":"<p><strong>Obsah balenia : 20 ml\u00a0<\/strong><\/p>\n<p><strong>Kr\u00e1\u013eovsk\u00e1 starostlivos\u0165 o ple\u0165 s olejom z najvz\u00e1cnej\u0161ej\u00a0damascenskej ru\u017ee.\u00a0Luxusn\u00e9 balenie<\/strong><\/p>\n","protected":false},"featured_media":2299,"comment_status":"closed","ping_status":"closed","template":"","meta":[],"_links":{"self":[{"href":"http:\/\/cajovnajasminka.sk\/index.php?rest_route=\/wp\/v2\/product\/2297"}],"collection":[{"href":"http:\/\/cajovnajasminka.sk\/index.php?rest_route=\/wp\/v2\/product"}],"about":[{"href":"http:\/\/cajovnajasminka.sk\/index.php?rest_route=\/wp\/v2\/types\/product"}],"replies":[{"embeddable":true,"href":"http:\/\/cajovnajasminka.sk\/index.php?rest_route=%2Fwp%2Fv2%2Fcomments&post=2297"}],"wp:featuredmedia":[{"embeddable":true,"href":"http:\/\/cajovnajasminka.sk\/index.php?rest_route=\/wp\/v2\/media\/2299"}],"wp:attachment":[{"href":"http:\/\/cajovnajasminka.sk\/index.php?rest_route=%2Fwp%2Fv2%2Fmedia&parent=2297"}],"curies":[{"name":"wp","href":"https:\/\/api.w.org\/{rel}","templated":true}]}}