{"id":2293,"date":"2020-03-24T13:56:43","date_gmt":"2020-03-24T12:56:43","guid":{"rendered":"http:\/\/cajovnajasminka.sk\/?post_type=product&#038;p=2293"},"modified":"2021-06-16T07:27:56","modified_gmt":"2021-06-16T05:27:56","slug":"ak-profi-cosmetic-serum-z-morskych-rias-a-kolagenu","status":"publish","type":"product","link":"http:\/\/cajovnajasminka.sk\/?product=ak-profi-cosmetic-serum-z-morskych-rias-a-kolagenu","title":{"rendered":"AK profi cosmetic &#8211; S\u00e9rum z morsk\u00fdch rias a kolag\u00e9nu"},"content":{"rendered":"<p>S\u00e9rum z morsk\u00fdch rias a kolag\u00e9nu p\u00f4sob\u00ed v\u00fd\u017eivne a antioxidat\u00edvne,\u00a0<strong>\u0161peci\u00e1lne na problematick\u00fa a mastn\u00fa ple\u0165<\/strong>, bojuje proti vr\u00e1skam.<\/p>\n<p>Morsk\u00e9 suroviny-riasy zhroma\u017e\u010fuj\u00fa bielkoviny, enz\u00fdmy, vitam\u00edny C,E,A,B, antioxidanty a viac ako 20 miner\u00e1lnych a stopov\u00fdch prvkov (najm\u00e4 v\u00e1pnik, hor\u010d\u00edk, \u017eelezo, sel\u00e9n, zinok).<\/p>\n<ul>\n<li>Miner\u00e1lne rastlinn\u00e9 s\u00e9rum ur\u010den\u00e9 na o\u0161etrenie a v\u00fd\u017eivu pleti pre v\u0161etky vekov\u00e9 skupiny a typy pleti.<\/li>\n<li>Odpor\u00fa\u010da sa obzvl\u00e1\u0161\u0165 na problematick\u00fa a mastn\u00fa ple\u0165. Morsk\u00e9 riasy v\u00fdrazne od\u010fa\u013euj\u00fa tvorbu vr\u00e1sok, chr\u00e1nia pred slne\u010dn\u00fdm \u017eiaren\u00edm a vo\u013en\u00fdmi radik\u00e1lmi.<\/li>\n<li>Hydrata\u010dn\u00fd a vyp\u00ednac\u00ed efekt je podporen\u00fd pr\u00eddavkom \u010dist\u00e9ho kolag\u00e9nu<\/li>\n<\/ul>\n<p><strong>Sp\u00f4sob pou\u017eitia:<\/strong>\u00a0Na vy\u010disten\u00fa ple\u0165 a dekolt sa nan\u00e1\u0161a r\u00e1no a ve\u010der\u00a0v mno\u017estve\u00a0nieko\u013eko kvapiek (cca. 2-3 kvapky), opatrne rozotrie\u0165 a necha\u0165 vsiaknu\u0165. N\u00e1sledne sa odpor\u00fa\u010da\u00a0aplikova\u0165 vhodn\u00fd ple\u0165ov\u00fd pr\u00edpravok (kr\u00e9m, regenera\u010dn\u00fd olej, vitam\u00ednov\u00fd prepar\u00e1t), \u010d\u00edm sa zabr\u00e1ni v\u00fdrazn\u00e9mu nap\u00ednaniu poko\u017eky a dosiahne po\u017eadovan\u00fd komfort.<\/p>\n<p><strong>Zlo\u017eenie:\u00a0<\/strong>Aqua, Propylene Glycol,Glycerin, Hydrolyzed Collagen, Algae, Magnesium PCA, Zine PCA, Manganese PCA, Calcium PCA, Hydroxyethylcellulose, Diazolidinyl Urea, Sodium Benzoate, Potasium Sorbate, Phenoxyethanol, Methylparaben, Propylparaben, Ethylparaben, Butylparaben.<\/p>\n","protected":false},"excerpt":{"rendered":"<p><strong>Obsah balenia : 20 ml<\/strong><\/p>\n<p><strong>\u0160peci\u00e1lne na problematick\u00fa a mastn\u00fa ple\u0165, bojuje proti vr\u00e1skam<\/strong><\/p>\n","protected":false},"featured_media":2295,"comment_status":"closed","ping_status":"closed","template":"","meta":[],"_links":{"self":[{"href":"http:\/\/cajovnajasminka.sk\/index.php?rest_route=\/wp\/v2\/product\/2293"}],"collection":[{"href":"http:\/\/cajovnajasminka.sk\/index.php?rest_route=\/wp\/v2\/product"}],"about":[{"href":"http:\/\/cajovnajasminka.sk\/index.php?rest_route=\/wp\/v2\/types\/product"}],"replies":[{"embeddable":true,"href":"http:\/\/cajovnajasminka.sk\/index.php?rest_route=%2Fwp%2Fv2%2Fcomments&post=2293"}],"wp:featuredmedia":[{"embeddable":true,"href":"http:\/\/cajovnajasminka.sk\/index.php?rest_route=\/wp\/v2\/media\/2295"}],"wp:attachment":[{"href":"http:\/\/cajovnajasminka.sk\/index.php?rest_route=%2Fwp%2Fv2%2Fmedia&parent=2293"}],"curies":[{"name":"wp","href":"https:\/\/api.w.org\/{rel}","templated":true}]}}