{"id":2288,"date":"2020-03-24T13:50:08","date_gmt":"2020-03-24T12:50:08","guid":{"rendered":"http:\/\/cajovnajasminka.sk\/?post_type=product&#038;p=2288"},"modified":"2021-06-16T07:28:14","modified_gmt":"2021-06-16T05:28:14","slug":"ak-profi-cosmetic-kolagen-fluid","status":"publish","type":"product","link":"http:\/\/cajovnajasminka.sk\/?product=ak-profi-cosmetic-kolagen-fluid","title":{"rendered":"AK profi cosmetic &#8211; Kolag\u00e9n fluid"},"content":{"rendered":"<p>Poskytne V\u00e1m\u00a0<strong>intenz\u00edvnu starostlivos\u0165 proti vr\u00e1skam<\/strong>. Hne\u010f po aplik\u00e1cii uvo\u013e\u0148uje rysy a vyhladzuje vr\u00e1sky, aj tie mimick\u00e9. Ple\u0165 je posilnen\u00e1, vracia sa jej rovnov\u00e1ha a zlep\u0161uje sa jej kvalita. Je ur\u010den\u00fd na o\u0161etrovanie zrelej, st\u00e1rnucej, suchej a ochabnutej pleti.<\/p>\n<p>Kolag\u00e9n je bielkovina, ktor\u00e1 m\u00e1 nenahradite\u013en\u00fd v\u00fdznam pre zdrav\u00e9 fungovanie a vzh\u013ead ko\u017ee. Vytv\u00e1ra vl\u00e1kna na zadr\u017eiavanie vody. T\u00fdm zabra\u0148uje vysu\u0161ovaniu ko\u017ee a tvor\u00ed vodou napit\u00fa podlo\u017eku pre poko\u017eku. V procese starnutia sa prirodzen\u00e1 schopnos\u0165 tvorby kolag\u00e9nu spoma\u013euje, a\u017e \u00faplne zanikne, \u010d\u00edm doch\u00e1dza k strate pru\u017enosti poko\u017eky a tvorbe vr\u00e1sok.<\/p>\n<p>Pr\u00edpravok s kolag\u00e9nom\u00a0je ur\u010den\u00fd na\u00a0o\u0161etrenie\u00a0a\u00a0v\u00fd\u017eivu poko\u017eky,\u00a0<strong>vhodn\u00fd\u00a0pre v\u0161etky typy pleti<\/strong>\u00a0a vekov\u00e9 kateg\u00f3rie.<\/p>\n<ul>\n<li>hne\u010f po aplik\u00e1cii jemne uvo\u013e\u0148uje rysy a vyhladzuje vr\u00e1sky, aj tie mimick\u00e9<\/li>\n<li>je ur\u010den\u00e9 na o\u0161etrovanie zrelej, starn\u00facej, suchej a ochabnutej pleti<\/li>\n<li>spoma\u013euje tvorbu nov\u00fdch vr\u00e1sok<\/li>\n<li>zabra\u0148uje vysu\u0161ovaniu ko\u017ee a\u00a0strate pru\u017enosti pleti<\/li>\n<li>schopnos\u0165ou viaza\u0165 vodu poko\u017eku hydratuje a zvl\u00e1\u010d\u0148uje<\/li>\n<\/ul>\n<p>Neobsahuje syntetick\u00e9 parf\u00e9my, farbiv\u00e1, parab\u00e9ny.<\/p>\n<p><strong>Sp\u00f4sob pou\u017eitia:\u00a0<\/strong>Nan\u00e1\u0161a sa pomocou d\u00e1vkova\u010da na vy\u010disten\u00fa ple\u0165 a dekolt r\u00e1no a ve\u010der v mno\u017estve nieko\u013eko kvapiek, n\u00e1sledne sa rozotrie a nech\u00e1 sa\u00a0vsiaknu\u0165.\u00a0Odpor\u00fa\u010da sa potom\u00a0aplikova\u0165 vhodn\u00fd ple\u0165ov\u00fd pr\u00edpravok (kr\u00e9m, regenera\u010dn\u00fd olej, vitam\u00ednov\u00fd prepar\u00e1t), \u010d\u00edm sa zabr\u00e1ni v\u00fdrazn\u00e9mu nap\u00ednaniu ko\u017ee a dosiahne sa pocit absol\u00fatneho komfortu a hodv\u00e1bnej pleti.<\/p>\n<p><strong>Zlo\u017eenie:\u00a0<\/strong>Aqua, Propylene Glycol, Hydrolyzed Collagen, Glycerin, Hydroxyethylcellulose, Diazolidinyl Urea, Sodium Benzoate, Potasium Sorbate.<\/p>\n<p>Neobsahuje syntetick\u00e9 parf\u00e9my, farbiv\u00e1, parab\u00e9ny.<\/p>\n","protected":false},"excerpt":{"rendered":"<p><strong>Obsah balenia : 20 ml<\/strong><\/p>\n<p><strong>Intenz\u00edvna starostlivos\u0165 proti vr\u00e1skam, je vhodn\u00fd pre v\u0161etky typy pleti<\/strong><\/p>\n","protected":false},"featured_media":2292,"comment_status":"closed","ping_status":"closed","template":"","meta":[],"_links":{"self":[{"href":"http:\/\/cajovnajasminka.sk\/index.php?rest_route=\/wp\/v2\/product\/2288"}],"collection":[{"href":"http:\/\/cajovnajasminka.sk\/index.php?rest_route=\/wp\/v2\/product"}],"about":[{"href":"http:\/\/cajovnajasminka.sk\/index.php?rest_route=\/wp\/v2\/types\/product"}],"replies":[{"embeddable":true,"href":"http:\/\/cajovnajasminka.sk\/index.php?rest_route=%2Fwp%2Fv2%2Fcomments&post=2288"}],"wp:featuredmedia":[{"embeddable":true,"href":"http:\/\/cajovnajasminka.sk\/index.php?rest_route=\/wp\/v2\/media\/2292"}],"wp:attachment":[{"href":"http:\/\/cajovnajasminka.sk\/index.php?rest_route=%2Fwp%2Fv2%2Fmedia&parent=2288"}],"curies":[{"name":"wp","href":"https:\/\/api.w.org\/{rel}","templated":true}]}}