{"id":2284,"date":"2020-03-24T13:34:34","date_gmt":"2020-03-24T12:34:34","guid":{"rendered":"http:\/\/cajovnajasminka.sk\/?post_type=product&#038;p=2284"},"modified":"2020-03-24T13:37:30","modified_gmt":"2020-03-24T12:37:30","slug":"squalane-verbena-pletovy-suchy-olej","status":"publish","type":"product","link":"http:\/\/cajovnajasminka.sk\/?product=squalane-verbena-pletovy-suchy-olej","title":{"rendered":"Squalane &#038; Verbena ple\u0165ov\u00fd &#8222;such\u00fd&#8220; olej"},"content":{"rendered":"<p>Extra starostlivos\u0165 vyvinut\u00e1 na ochranu pred zn\u00e1mkami starnutia. Zvy\u0161uje prirodzen\u00fa ochranu pred vo\u013en\u00fdmi radik\u00e1lmi a chr\u00e1ni ple\u0165 pred ka\u017edodenn\u00fdm za\u0165a\u017een\u00edm ako s\u00fa<strong>\u00a0UV l\u00fa\u010de, zne\u010distenie a stres.<\/strong>\u00a0Napom\u00e1ha\u00a0<strong>zmier\u0148ova\u0165 opuchy tv\u00e1re<\/strong>\u00a0a celkovo rozjasn\u00ed a zjemn\u00ed poko\u017eku.<\/p>\n<p>Obsahuje patentovan\u00fa l\u00e1tku\u00a0<strong>Pomegranate Oleoactif\u00ae<\/strong>, ktor\u00e1 poskytuje pleti siln\u00fa d\u00e1vku regener\u00e1cie a hydrat\u00e1cie a \u00fa\u010dinne sa tak star\u00e1 hlavne o citliv\u00fa a such\u00fd ple\u0165, ktor\u00e1 je vysu\u0161en\u00e1, str\u00e1ca elasticitu a lesk.<\/p>\n<p>Vz\u00e1cny\u00a0<strong>bio malinov\u00fd olej<\/strong>\u00a0sa vyzna\u010duje siln\u00fdmi hydrata\u010dn\u00fdmi \u00fa\u010dinkami. R\u00fdchlo sa vstreb\u00e1va a nezanech\u00e1va pocit mastnoty. Po nanesen\u00ed na poko\u017eke vytv\u00e1ra lipidov\u00fa bari\u00e9ru, v\u010faka ktorej dok\u00e1\u017ee poko\u017eku tela ofekt\u00edvne a dlhodobo hydratova\u0165. Zanech\u00e1va ju zamatovo hebk\u00fa, rozjasnen\u00fa a pru\u017en\u00fa. Je balzamom pre such\u00fa, za\u010dervenan\u00fa, ekzematick\u00fa alebo inak problematick\u00fa ple\u0165, ktor\u00fa efekt\u00edvne uk\u013eudn\u00ed na cel\u00fd de\u0148.<\/p>\n<p>Nech\u00fdba ani &#8222;such\u00fd olej&#8220;\u00a0<strong>squalane<\/strong>, ktor\u00fd sa \u013eahko a pritom r\u00fdchlo vstreb\u00e1va. Zanech\u00e1va ple\u0165 zamatovo jemn\u00fa a rozjasnen\u00fa bez pocitu mastnoty. \u00da\u010dinne uzamyk\u00e1 v pleti vlhkos\u0165, dod\u00e1va jej hydrat\u00e1ciu a napom\u00e1ha k zlep\u0161eniu jej prirodzen\u00e9ho vzh\u013eadu. Zvy\u0161uje pru\u017enos\u0165 poko\u017eky a pom\u00e1ha zni\u017eova\u0165 v\u00fdskyt vr\u00e1sok. Je nekomedog\u00e9nny, preto sa hod\u00ed na starostlivos\u0165 o poko\u017eku v ka\u017edom veku vr\u00e1tane mladej a problematickej.<\/p>\n<p>Elix\u00edr tie\u017e obsahuje extrakt z\u00a0<strong>necht\u00edka lek\u00e1rskeho<\/strong>, ktor\u00fd je v\u00fdznamn\u00fd predov\u0161etk\u00fdm pre svoje regenera\u010dn\u00e9 \u00fa\u010dinky.<\/p>\n<p>Citliv\u00fa, popraskan\u00fa a inak problematick\u00fa poko\u017eku pom\u00e1ha uk\u013eud\u0148ova\u0165, udr\u017euje ju v zdravej kond\u00edcii a blahod\u00e1rne p\u00f4sob\u00ed proti jej podr\u00e1\u017edeniu.<\/p>\n<p>Pr\u00edjemn\u00fa v\u00f4\u0148u elix\u00edru dod\u00e1vaj\u00fa\u00a0<strong>100% pr\u00edrodn\u00e9 \u00e9terick\u00e9 oleje verbena a lemon myrta<\/strong>. \u00c9terick\u00fd olej verbena je antidepres\u00edvny a uvo\u013e\u0148uje psychick\u00e9 nap\u00e4tie. Vzh\u013eadom k antiseprick\u00fdm vlastnostiam je pou\u017e\u00edvan\u00fd aj v boji proti akn\u00e9. \u00c9terick\u00fd olej lemon myrta je vhodn\u00fd na mastn\u00fa, z\u00e1palov\u00fa ple\u0165 so sklonmi k problematick\u00fdm prejavom.<\/p>\n<p><strong>Pou\u017eitie :<\/strong> Mal\u00e9 mno\u017estvo elix\u00edru aplikujte na vy\u010disten\u00fa ple\u0165 samostatne alebo n\u00e1sledne aplikujte regenera\u010dn\u00fd ple\u0165ov\u00fd olej saloos.<\/p>\n<p><strong>Zlo\u017eenie :<\/strong> Squalane, Simmondsia Chinesis Seed Oil bio, Rubus Idaeus Seed Oil bio, Punica Granatum Extract\/Punica Granatum Flower Extract, Calendula Officinalis Flower Extract, Daucus Carota Root Extract, Parfum*, Rosmarinus Officinalis Leaf Extract, Tocopherol, Citral**, Geraniol**, Limonene**, Eugenol**; *zmes \u00e9terick\u00fdch olejov, **s\u00fa\u010das\u0165 \u00e9terick\u00fdch olejov<\/p>\n","protected":false},"excerpt":{"rendered":"<p><strong>Obsah balenia : 20 ml\u00a0s kvapkadlom<\/strong><\/p>\n<p><strong>Extra starostlivos\u0165 vyvinut\u00e1 na ochranu pred zn\u00e1mkami st\u00e1rnutia<\/strong><\/p>\n","protected":false},"featured_media":2285,"comment_status":"closed","ping_status":"closed","template":"","meta":[],"_links":{"self":[{"href":"http:\/\/cajovnajasminka.sk\/index.php?rest_route=\/wp\/v2\/product\/2284"}],"collection":[{"href":"http:\/\/cajovnajasminka.sk\/index.php?rest_route=\/wp\/v2\/product"}],"about":[{"href":"http:\/\/cajovnajasminka.sk\/index.php?rest_route=\/wp\/v2\/types\/product"}],"replies":[{"embeddable":true,"href":"http:\/\/cajovnajasminka.sk\/index.php?rest_route=%2Fwp%2Fv2%2Fcomments&post=2284"}],"wp:featuredmedia":[{"embeddable":true,"href":"http:\/\/cajovnajasminka.sk\/index.php?rest_route=\/wp\/v2\/media\/2285"}],"wp:attachment":[{"href":"http:\/\/cajovnajasminka.sk\/index.php?rest_route=%2Fwp%2Fv2%2Fmedia&parent=2284"}],"curies":[{"name":"wp","href":"https:\/\/api.w.org\/{rel}","templated":true}]}}