{"id":2281,"date":"2020-03-24T13:27:12","date_gmt":"2020-03-24T12:27:12","guid":{"rendered":"http:\/\/cajovnajasminka.sk\/?post_type=product&#038;p=2281"},"modified":"2020-03-24T13:34:20","modified_gmt":"2020-03-24T12:34:20","slug":"squalane-q10-pletovy-suchy-olej","status":"publish","type":"product","link":"http:\/\/cajovnajasminka.sk\/?product=squalane-q10-pletovy-suchy-olej","title":{"rendered":"Squalane &#038; Q10 ple\u0165ov\u00fd &#8222;such\u00fd&#8220; olej"},"content":{"rendered":"<p>Obsiahnut\u00e1 patentovan\u00e1 l\u00e1tka<strong>\u00a0Lift Oleoactif\u00ae<\/strong>\u00a0pom\u00e1ha vypn\u00fa\u0165 ple\u0165, vyplni\u0165 vr\u00e1sky, vyhladi\u0165 poko\u017eku a celkovo omladi\u0165.<\/p>\n<p><strong>Koenz\u00fdm Q10<\/strong>\u00a0podporuje tvorbu energie v bunk\u00e1ch, neutralizuje vo\u013en\u00e9 radik\u00e1ly a chr\u00e1ni poko\u017eku pred oxida\u010dn\u00fdm stresom, ktor\u00fd ju po\u0161kodzuje.<\/p>\n<p>Tento \u00fa\u010dinn\u00fd olejov\u00fd komplex je samozrejme doplnen\u00fd o kvalitn\u00e9 rastlinn\u00e9 oleje lisovan\u00e9 za studena a 100% pr\u00edrodn\u00e9 esenci\u00e1lne oleje. Jeho s\u00fa\u010das\u0165 tvor\u00ed<strong>\u00a0squalane zn\u00e1my ako &#8222;such\u00fd olej&#8220;<\/strong>, ktor\u00fd dod\u00e1va pleti h\u013abkov\u00fa hydrat\u00e1ciu a star\u00e1 sa o \u0148u bez pocitu mastnoty. \u010cist\u00fd pr\u00edrodn\u00fd bio produkt.<\/p>\n<h3><span style=\"color: #000000;\"><strong>Akt\u00edvne zlo\u017eky Squalane Q10:\u00a0<\/strong><\/span><\/h3>\n<ul>\n<li><strong>Squalane<\/strong>, ktor\u00fd je zn\u00e1my ako tzv. &#8222;such\u00fd olej&#8220;. V\u010faka svojej \u0161trukt\u00fare sa ve\u013emi \u013eahko a pritom r\u00fdchlo vstreb\u00e1va. Z\u00e1rove\u0148 p\u00f4sob\u00ed ako antioxidant, ktor\u00fd pom\u00e1ha chr\u00e1ni\u0165 poko\u017eku proti nepriazniv\u00fdm vplyvom prostredia. Zanech\u00e1va ju zamatovo jemn\u00fa a rozjasnen\u00fa bez pocitu mastnoty. \u00da\u010dinne uzamyk\u00e1 v pleti vlhkos\u0165, dod\u00e1va jej hydrat\u00e1ciu a napom\u00e1ha k zlep\u0161eniu jej prirodzen\u00e9ho vzh\u013eadu. Zvy\u0161uje pru\u017enos\u0165 poko\u017eky a pom\u00e1ha zni\u017eova\u0165 v\u00fdskyt vr\u00e1sok.<\/li>\n<\/ul>\n<ul>\n<li><strong>Extra bio \u0161\u00edpkov\u00fd olej<\/strong>\u00a0je doposia\u013e zn\u00e1mym bojovn\u00edkom na poli starostlivos\u0165 proti vr\u00e1skam. Vynikaj\u00faci je nielen na vr\u00e1sky, zahojen\u00e9 jazvy a pop\u00e1leniny, ale taktie\u017e skvele hydratuje a napom\u00e1ha vylep\u0161i\u0165 zdrav\u00fd vzh\u013ead poko\u017eky.<\/li>\n<\/ul>\n<ul>\n<li><strong>Arganov\u00fd olej<\/strong>\u00a0v kombin\u00e1cii s\u00a0<strong>karotkov\u00fdm<\/strong>\u00a0ple\u0165 dokonale ochr\u00e1ni pred p\u00f4soben\u00edm vo\u013en\u00fdch radik\u00e1lov. Intenz\u00edvne sa star\u00e1 najm\u00e4 o zrel\u00fa poko\u017eku so sklonom k vr\u00e1skam, s\u010dervenaniu a inak problematick\u00fa poko\u017eku. Tieto oleje ple\u0165 upokojuj\u00fa, vy\u017eivuj\u00fa a prispievaj\u00fa k jej vit\u00e1lnemu vzh\u013eadu. Skvele regeneruj\u00fa a pom\u00e1haj\u00fa vyhladi\u0165 ple\u0165.<\/li>\n<\/ul>\n<ul>\n<li><strong>Extrakt z plamatky &#8211; Spilanthes Acmella extrakt<\/strong>\u00a0je ob\u013e\u00faben\u00fd pre svoje vlastnosti prirovn\u00e1van\u00e9 k injekcii botulotox\u00ednu. Pom\u00e1ha vyhladi\u0165 jemn\u00e9 vr\u00e1sky a nedokonalosti pleti.<\/li>\n<\/ul>\n<ul>\n<li><strong>Extrakt z kozinca blanit\u00e9ho &#8211; Astragalus membranaceus extrakt<\/strong>\u00a0je zn\u00e1my svojimi antibakteri\u00e1lnymi, protiz\u00e1palov\u00fdmi a antioxida\u010dn\u00fdmi \u00fa\u010dinky. Pom\u00e1ha ur\u00fdchli\u0165 proces celkovej regener\u00e1cie pleti.<\/li>\n<\/ul>\n<ul>\n<li><strong>Komplex 100% pr\u00edrodn\u00fdch esenci\u00e1lnych olejov<\/strong>\u00a0(ru\u017ee, santalov\u00e9 dreva, ger\u00e1nia a \u010fal\u0161\u00edch) dod\u00e1vaj\u00fa elix\u00edru jemn\u00fa, decentn\u00fa a pritom harmonick\u00fa v\u00f4\u0148u.<\/li>\n<\/ul>\n<p>Bez konzerva\u010dn\u00fdch a syntetick\u00fdch vonn\u00fdch l\u00e1tok. CPK bio.<\/p>\n<p><strong>Pou\u017eitie:<\/strong>\u00a0Aplikujte r\u00e1no a ve\u010der na vy\u010disten\u00fa ple\u0165. V\u010faka svojej \u0161trukt\u00fare sa ve\u013emi \u013eahko a pritom r\u00fdchlo vstreb\u00e1va. Elix\u00edr sl\u00fa\u017ei ako samostatn\u00e1 starostlivos\u0165. Mo\u017eno ju kombinova\u0165 s ple\u0165ov\u00fdm s\u00e9rom.<\/p>\n<p><strong>Objem:<\/strong>\u00a020ml, f\u013ea\u0161ti\u010dka s kvapkadlom<\/p>\n<p><strong>Zlo\u017eenie:<\/strong>\u00a0Spojenie\u00a0 Squalane ( &#8222;skvalanu&#8220;), koenz\u00fdmu Q10, rastlinn\u00fdch extraktov, olejov a esenci\u00ed d\u00e1va dokopy pr\u00edjemne vo\u0148aj\u00faci produkt pre starostlivos\u0165 o zrel\u00fa ple\u0165. Navracia poko\u017eke vitalitu a chr\u00e1ni ju pred vonkaj\u0161\u00edm vplyvmi.<\/p>\n","protected":false},"excerpt":{"rendered":"<p><strong>Obsah balenia : 20 ml\u00a0s kvapkadlom<\/strong><\/p>\n<p><strong>Jedine\u010dn\u00e1 vysoko \u00fa\u010dinn\u00e1 anti-age starostlivos\u0165 s preuk\u00e1zate\u013en\u00fdm, vidite\u013en\u00fdm \u00fa\u010dinkom na redukciu vr\u00e1sok a remodel\u00e1ciu pleti<\/strong><\/p>\n","protected":false},"featured_media":2283,"comment_status":"closed","ping_status":"closed","template":"","meta":[],"_links":{"self":[{"href":"http:\/\/cajovnajasminka.sk\/index.php?rest_route=\/wp\/v2\/product\/2281"}],"collection":[{"href":"http:\/\/cajovnajasminka.sk\/index.php?rest_route=\/wp\/v2\/product"}],"about":[{"href":"http:\/\/cajovnajasminka.sk\/index.php?rest_route=\/wp\/v2\/types\/product"}],"replies":[{"embeddable":true,"href":"http:\/\/cajovnajasminka.sk\/index.php?rest_route=%2Fwp%2Fv2%2Fcomments&post=2281"}],"wp:featuredmedia":[{"embeddable":true,"href":"http:\/\/cajovnajasminka.sk\/index.php?rest_route=\/wp\/v2\/media\/2283"}],"wp:attachment":[{"href":"http:\/\/cajovnajasminka.sk\/index.php?rest_route=%2Fwp%2Fv2%2Fmedia&parent=2281"}],"curies":[{"name":"wp","href":"https:\/\/api.w.org\/{rel}","templated":true}]}}