{"id":2280,"date":"2020-03-24T13:27:11","date_gmt":"2020-03-24T12:27:11","guid":{"rendered":"http:\/\/cajovnajasminka.sk\/?post_type=product&#038;p=2280"},"modified":"2020-03-24T13:38:13","modified_gmt":"2020-03-24T12:38:13","slug":"squalane-kamelia-pletovy-suchy-olej","status":"publish","type":"product","link":"http:\/\/cajovnajasminka.sk\/?product=squalane-kamelia-pletovy-suchy-olej","title":{"rendered":"Squalane &#038; Kam\u00e9lia ple\u0165ov\u00fd &#8222;such\u00fd&#8220; olej"},"content":{"rendered":"<p>Rastlinn\u00fd elix\u00edr\u00a0obsahuje\u00a0\u00a0<strong>Squalane<\/strong>\u00a0&#8211; zn\u00e1my ako tzv. &#8222;such\u00fd olej&#8220;. V\u010faka svojej \u0161trukt\u00fare sa ve\u013emi \u013eahko a pritom\u00a0<strong>r\u00fdchlo vstreb\u00e1va<\/strong>. Z\u00e1rove\u0148 p\u00f4sob\u00ed ako\u00a0<strong>antioxidant,<\/strong>\u00a0ktor\u00fd pom\u00e1ha chr\u00e1ni\u0165 poko\u017eku proti nepriazniv\u00fdm vplyvom prostredia. Zanech\u00e1va ju\u00a0zamatovo jemn\u00fa a rozjasnen\u00fa\u00a0<strong>bez pocitu mastnoty.<\/strong>\u00a0\u00da\u010dinne\u00a0uzamyk\u00e1 v pleti vlhkos\u0165, dod\u00e1va ju hydrat\u00e1ciu\u00a0a napom\u00e1ha k zlep\u0161eniu jej prirodzen\u00e9ho vzh\u013eadu.<\/p>\n<p>Zvy\u0161uje\u00a0pru\u017enos\u0165 poko\u017eky a pom\u00e1ha\u00a0<strong>zni\u017eova\u0165 v\u00fdskyt vr\u00e1sok<\/strong>.<\/p>\n<p><strong>Kam\u00e9liov\u00fd olej<\/strong><\/p>\n<ul>\n<li>&#8222;pr\u00edrodn\u00fd lifting&#8220;<\/li>\n<li>podie\u013ea sa na<strong>\u00a0obnove buniek a kolag\u00e9nu a zvy\u0161uje elasticitu poko\u017eky<\/strong><\/li>\n<li>pom\u00e1ha obnovi\u0165 spr\u00e1vnu hodnotu pH poko\u017eky<\/li>\n<li>poskytuje poko\u017eke v\u00fddatn\u00fa d\u00e1vku\u00a0<strong>toniz\u00e1cie<\/strong>\u00a0a z\u00e1rove\u0148 ju chr\u00e1ni svojimi siln\u00fdmi\u00a0<strong>antioxida\u010dn\u00fdmi a protiz\u00e1palov\u00fdmi \u00fa\u010dinkami<\/strong><\/li>\n<li>pom\u00e1ha\u00a0<strong>mierni\u0165 nepr\u00edjemn\u00e9 opuchy a tmav\u00e9 kruhy pod o\u010dami<\/strong>.<\/li>\n<li>olej z kam\u00e9lie sa ve\u013emi\u00a0<strong>dobre vstreb\u00e1va,<\/strong>\u00a0lep\u0161ie tak prenik\u00e1 do hlb\u0161\u00edch vrstiev ko\u017ee a perfektne vy\u017eivuje ple\u0165.<\/li>\n<li>zjem\u0148uje\u00a0<strong>drobn\u00e9 jazvy po akn\u00e9<\/strong>\u00a0a zmier\u0148uje\u00a0<strong>jemn\u00e9 vr\u00e1sky<\/strong><\/li>\n<\/ul>\n<p><strong>Patentovan\u00e1 l\u00e1tka\u00a0Bright Oleoactif\u00ae<\/strong><\/p>\n<ul>\n<li><strong>\u00a0reguluje mechanizmy pigment\u00e1cie<\/strong>\u00a0a SETNA sa postar\u00e1 o poko\u017eku so sklonom k za\u010dervenaniu.<\/li>\n<li>\u00a0<strong>arganov\u00fd olej<\/strong>\u00a0v kombin\u00e1cii s\u00a0<strong>karotkov\u00fdm<\/strong>\u00a0ple\u0165 dokonale ochr\u00e1ni pred p\u00f4soben\u00edm vo\u013en\u00fdch radik\u00e1lov.<\/li>\n<li>\u00a0 s\u00fa\u010das\u0165ou elix\u00edru je tie\u017e\u00a0<strong>esenci\u00e1lny olej z kadidlovn\u00edka<\/strong>,\u00a0ktor\u00fd napom\u00e1ha vyhladzova\u0165 stopy po akn\u00e9, jazv\u00e1ch a in\u00fdch nedokonalostiach poko\u017eky. Pom\u00e1ha vypn\u00fa\u0165 ple\u0165 a zamedzuje jej svrbeniu. Ve\u013emi vyh\u013ead\u00e1van\u00fd je tie\u017e pre svoju schopnos\u0165\u00a0<strong>bojova\u0165 proti bakt\u00e9ri\u00e1m a ne\u010distot\u00e1m<\/strong>.<\/li>\n<li>esenci\u00e1lny<strong>\u00a0olej bergamot bez kumar\u00ednu<\/strong>\u00a0sa skvele postar\u00e1 o citliv\u00fa, svrbiacu ple\u0165, pom\u00e1ha podpori\u0165 hojenie jaziev<\/li>\n<li>mimo svojich mimoriadnych schopnost\u00ed tieto esencie spolu s lemon-myrtou dod\u00e1vaj\u00fa elix\u00edru\u00a0<strong>kr\u00e1snu, pr\u00edjemn\u00fa v\u00f4\u0148u<\/strong><\/li>\n<li>rastlinn\u00fd elix\u00edr je vhodn\u00fd\u00a0<strong>pre v\u0161etky typy pleti<\/strong><\/li>\n<\/ul>\n<p><strong>\u00a0<\/strong><\/p>\n<p><strong>Pou\u017eitie:\u00a0<\/strong>Bio rastlinn\u00fd elix\u00edr Squalane &amp; Kam\u00e9lie je vhodn\u00fd pre v\u0161etky typy pleti. Aplikujeme ho r\u00e1no a ve\u010der na vy\u010disten\u00fa ple\u0165 ako samostatn\u00fa starostlivos\u0165, alebo ho odpor\u00fa\u010dame kombinova\u0165 s vhodn\u00fdm ple\u0165ov\u00fdm s\u00e9rom. V\u010faka obsahu squalanu elix\u00edr okam\u017eite hydratuje a vy\u017eivuje ple\u0165 bez pocitu mastnoty.<\/p>\n<p><strong>Objem:\u00a0<\/strong>20 ml s kvap\u00e1tkom<\/p>\n<p><strong>Zlo\u017eenie:<\/strong><\/p>\n<p>Squalane, bio kam\u00e9liov\u00fd a\u00a0bio arganov\u00fd<br \/>\nExtrakty: mrkvov\u00fd a\u00a0rakytn\u00edkov\u00fd extrakt<br \/>\nBright Oleoactif<br \/>\nEsenci\u00e1ln\u00ed oleje: lemon myrta, kadidlovn\u00edk, bergamot bez kumarinu a\u00a0dal\u0161\u00ed<\/p>\n","protected":false},"excerpt":{"rendered":"<p><strong>Obsah balenia : 20 ml\u00a0s kvapkadlom<\/strong><\/p>\n<p><strong>Ple\u0165ov\u00fd elix\u00edr s koktailom \u00fa\u010dinn\u00fdch l\u00e1tok pre dokonal\u00fa ple\u0165<\/strong><\/p>\n","protected":false},"featured_media":2282,"comment_status":"closed","ping_status":"closed","template":"","meta":[],"_links":{"self":[{"href":"http:\/\/cajovnajasminka.sk\/index.php?rest_route=\/wp\/v2\/product\/2280"}],"collection":[{"href":"http:\/\/cajovnajasminka.sk\/index.php?rest_route=\/wp\/v2\/product"}],"about":[{"href":"http:\/\/cajovnajasminka.sk\/index.php?rest_route=\/wp\/v2\/types\/product"}],"replies":[{"embeddable":true,"href":"http:\/\/cajovnajasminka.sk\/index.php?rest_route=%2Fwp%2Fv2%2Fcomments&post=2280"}],"wp:featuredmedia":[{"embeddable":true,"href":"http:\/\/cajovnajasminka.sk\/index.php?rest_route=\/wp\/v2\/media\/2282"}],"wp:attachment":[{"href":"http:\/\/cajovnajasminka.sk\/index.php?rest_route=%2Fwp%2Fv2%2Fmedia&parent=2280"}],"curies":[{"name":"wp","href":"https:\/\/api.w.org\/{rel}","templated":true}]}}