{"id":2278,"date":"2020-03-23T21:23:07","date_gmt":"2020-03-23T20:23:07","guid":{"rendered":"http:\/\/cajovnajasminka.sk\/?post_type=product&#038;p=2278"},"modified":"2020-03-24T13:26:18","modified_gmt":"2020-03-24T12:26:18","slug":"squalane-pletovy-suchy-olej","status":"publish","type":"product","link":"http:\/\/cajovnajasminka.sk\/?product=squalane-pletovy-suchy-olej","title":{"rendered":"Squalane ple\u0165ov\u00fd &#8222;such\u00fd&#8220; olej"},"content":{"rendered":"<p>Squalane je tzv.<strong>\u00a0&#8222;such\u00fd olej&#8220;<\/strong>. V\u010faka svojej \u0161trukt\u00fare sa ve\u013emi \u013eahko a r\u00fdchlo vstreb\u00e1va. Z\u00e1rove\u0148 p\u00f4sob\u00ed ako antioxidant, ktor\u00fd pom\u00e1ha chr\u00e1ni\u0165 poko\u017eku proti nepriazniv\u00fdm vplyvom prostredia. zanech\u00e1va ju zamatovo jemn\u00fa a rozjasnen\u00fa bez pocitu mastnoty. \u00da\u010dinne v nej\u00a0<strong>uzamyk\u00e1 vlhkos\u0165, dod\u00e1va pleti hydrat\u00e1ciu a napom\u00e1ha k zlep\u0161eniu jej prirodzen\u00e9ho vzh\u013eadu.<\/strong><\/p>\n<p>Zvy\u0161uje pru\u017enos\u0165 poko\u017eky a pom\u00e1ha\u00a0<strong>zni\u017eova\u0165 v\u00fdskyt vr\u00e1sok. Je nekomedog\u00e9nny,<\/strong>\u00a0preto sa skvele hod\u00ed na starostlivos\u0165 o poko\u017eku ka\u017ed\u00e9ho veku, vr\u00e1tane mladej a problematickej. Je mo\u017en\u00e9 ho pou\u017ei\u0165 s ak\u00fdmko\u013evek in\u00fdm ob\u013e\u00faben\u00fdm pr\u00edpravkom bez toho, aby sa navz\u00e1jom preb\u00edjali, nako\u013eko je bez parfem\u00e1cie.<\/p>\n<ul class=\"Article ArticleBR disc\">\n<li>\u013eahk\u00fd tzv. &#8222;such\u00fd olej&#8220;, bez v\u00f4ne, zanech\u00e1va ple\u0165 rozjasnen\u00fa bez pocitu mastnoty<\/li>\n<li>p\u00f4sob\u00ed ako antioxidant chr\u00e1niaci poko\u017eku pred nepriazniv\u00fdmi vplyvmi prostredia<\/li>\n<li>vhodn\u00fd\u00a0 pri probl\u00e9moch s ekz\u00e9mom \u010di psori\u00e1zou<\/li>\n<li>zlep\u0161uje vzh\u013ead jaziev a pigmentov\u00fdch \u0161kv\u0155n<\/li>\n<li>pri pou\u017eit\u00ed na vlasy im prinavracia\u00a0 lesk a vy\u017eivuje ich<\/li>\n<li>nie je parfumovan\u00fd<\/li>\n<li>mo\u017en\u00e9 pou\u017ei\u0165 ako podkladov\u00fa b\u00e1zu pod make up<\/li>\n<\/ul>\n<p><strong>Pou\u017eitie:\u00a0<\/strong><\/p>\n<p>Squalane aplikujte r\u00e1no i ve\u010der na o\u010disten\u00fa ple\u0165. Stane sa v\u00fdbornou pr\u00edrodnou n\u00e1hradou drah\u00fdch podkladov\u00fdch z\u00e1kladov pod make-up, ktor\u00e9 s\u00fa \u010dasto pln\u00e9 silik\u00f3nov. Svoj\u00edm \u00fa\u010dinkom ich Squalane hravo &#8222;str\u010d\u00ed do kapsy&#8220;.<\/p>\n<p>Vyu\u017eijete ho nielen v starostlivosti o ple\u0165. Porad\u00ed si tie\u017e s roztriepen\u00fdmi a po\u0161koden\u00fdmi kon\u010dekmi vlasov. Celkovo dod\u00e1 lesk. V\u010faka svojej v\u00fdnimo\u010dn\u00e9j hydrata\u010dn\u00e9j schopnosti prakticky neexistuje tak\u00e9 miesto na tele, s ktor\u00fdm by si neporadil.<\/p>\n<p>V lete ho ocen\u00edte aj po opa\u013eovan\u00ed, ke\u010f dod\u00e1 va\u0161ej pleti uk\u013eudnenie, ktor\u00e9 si zasl\u00fa\u017ei.<\/p>\n<p><strong>Balenie:\u00a0<\/strong>20 ml s kvapkadlom<\/p>\n<p><strong>Upozornenie:\u00a0<\/strong>Ur\u010den\u00e9 len na vonkaj\u0161ie pou\u017eitie. Nekomedog\u00e9nny a bez parfum\u00e1cie.<\/p>\n<p><strong>Zlo\u017eenie:<\/strong>\u00a0100% squalane<\/p>\n<p>Squalane je vyroben\u00fd biotechnologickou ferment\u00e1ciou rastlinn\u00e9ho materi\u00e1lu z udr\u017eate\u013en\u00fdch zdrojov. Konkr\u00e9tne z cukrovej trstiny.<\/p>\n","protected":false},"excerpt":{"rendered":"<p><strong>Obsah balenia : 20 ml\u00a0s kvapkadlom<\/strong><\/p>\n<p><strong>100% Squalane vhodn\u00fd ako podklad pod make up. Nezanech\u00e1va pocit mastnoty. Ple\u0165 je hydratovan\u00e1, vy\u017eiven\u00e1<\/strong><\/p>\n","protected":false},"featured_media":2279,"comment_status":"closed","ping_status":"closed","template":"","meta":[],"_links":{"self":[{"href":"http:\/\/cajovnajasminka.sk\/index.php?rest_route=\/wp\/v2\/product\/2278"}],"collection":[{"href":"http:\/\/cajovnajasminka.sk\/index.php?rest_route=\/wp\/v2\/product"}],"about":[{"href":"http:\/\/cajovnajasminka.sk\/index.php?rest_route=\/wp\/v2\/types\/product"}],"replies":[{"embeddable":true,"href":"http:\/\/cajovnajasminka.sk\/index.php?rest_route=%2Fwp%2Fv2%2Fcomments&post=2278"}],"wp:featuredmedia":[{"embeddable":true,"href":"http:\/\/cajovnajasminka.sk\/index.php?rest_route=\/wp\/v2\/media\/2279"}],"wp:attachment":[{"href":"http:\/\/cajovnajasminka.sk\/index.php?rest_route=%2Fwp%2Fv2%2Fmedia&parent=2278"}],"curies":[{"name":"wp","href":"https:\/\/api.w.org\/{rel}","templated":true}]}}