{"id":2275,"date":"2020-03-23T21:10:46","date_gmt":"2020-03-23T20:10:46","guid":{"rendered":"http:\/\/cajovnajasminka.sk\/?post_type=product&#038;p=2275"},"modified":"2023-03-16T07:51:38","modified_gmt":"2023-03-16T06:51:38","slug":"vlasy-prirodne-kapsule","status":"publish","type":"product","link":"http:\/\/cajovnajasminka.sk\/?product=vlasy-prirodne-kapsule","title":{"rendered":"Vlasy &#8211; pr\u00edrodn\u00e9 kapsule"},"content":{"rendered":"<p>Bylinn\u00e9 kapsule s pr\u00edrodn\u00fdm zlo\u017een\u00edm pre rie\u0161enie rady va\u0161ich probl\u00e9mov. Obsahuj\u00fa byliny a huby, ktor\u00e9 pre\u0161li n\u00e1ro\u010dn\u00fdmi testami(mikrobiologick\u00e9 testy, testy na pr\u00edtomnos\u0165 \u0165a\u017ek\u00fdch kovov, pestic\u00eddov, na radioaktivitu)<\/p>\n<p><strong>vlasy, nechty<\/strong><\/p>\n<p><strong>Obsahuje:<\/strong>\u00a0Chaluha bublinat\u00e1, Noni &#8211; Morinda citrolist\u00e1<\/p>\n<p><strong>Zlo\u017eenie<\/strong>: Extrakt Morinda citrifolia 200 mg , Kelp extrakt 50 mg,\u00a0 Niacin 5 mg, Mlie\u010dnan zino\u010dnat\u00fd 5 mg,\u00a0\u00a0Uhli\u010ditan v\u00e1penat\u00fd 20 mg , Mlie\u010dnan hore\u010dnat\u00fd 20 mg ,Stearan hore\u010dnat\u00fd 6 mg , celul\u00f3zov\u00e1 kapsula ve\u013ekosti 0<\/p>\n<p class=\"zvyraznenyText\"><strong>Noni<\/strong>\u00a0&#8211; podporuje celkov\u00fd telesn\u00fd a psychick\u00fd stav organizmu. Koncentr\u00e1t z tohto exotick\u00e9ho ovocia obsahuje prirodzen\u00e9 miner\u00e1ly a vitam\u00edny<br \/>\n<strong>Kelp<\/strong>\u00a0&#8211; obsiahnut\u00fd j\u00f3d prispieva k\u00a0norm\u00e1lnej \u010dinnosti metabolizmu, nervovej s\u00fastavy, stavu poko\u017eky a norm\u00e1lnej tvorbe horm\u00f3nov \u0161t\u00edtnej \u017e\u013eazy<br \/>\n<strong>Vitam\u00edn B3<\/strong>\u00a0\u2013 prispieva k\u00a0norm\u00e1lnej \u010dinnosti nervovej s\u00fastavy ,psychiky, udr\u017eaniu stavu slizn\u00edc a poko\u017eky<br \/>\n<strong>Zinok<\/strong>-prispieva k\u00a0udr\u017eaniu norm\u00e1lneho stavu kost\u00ed, vlasov a\u00a0nechtov, poko\u017eky, zraku a\u00a0imunitn\u00e9ho syst\u00e9mu<br \/>\n<strong>V\u00e1pnik<\/strong>\u00a0&#8211; prispieva k norm\u00e1lnemu energetick\u00e9mu metabolizmu<br \/>\n<strong>Hor\u010d\u00edk-<\/strong>prispieva k norm\u00e1lnej \u010dinnosti svalov, normalen\u00e9mu stavu kost\u00ed a zubov, napom\u00e1ha normalnej psychickej \u010dinnosti<\/p>\n<p><strong>D\u00e1vkovanie:<\/strong> 2x denne 1 tabletu medzi jedlom<\/p>\n","protected":false},"excerpt":{"rendered":"<p><b>Balenie : 90 kaps\u00fal\u00a0<\/b><\/p>\n","protected":false},"featured_media":2277,"comment_status":"open","ping_status":"closed","template":"","meta":[],"_links":{"self":[{"href":"http:\/\/cajovnajasminka.sk\/index.php?rest_route=\/wp\/v2\/product\/2275"}],"collection":[{"href":"http:\/\/cajovnajasminka.sk\/index.php?rest_route=\/wp\/v2\/product"}],"about":[{"href":"http:\/\/cajovnajasminka.sk\/index.php?rest_route=\/wp\/v2\/types\/product"}],"replies":[{"embeddable":true,"href":"http:\/\/cajovnajasminka.sk\/index.php?rest_route=%2Fwp%2Fv2%2Fcomments&post=2275"}],"wp:featuredmedia":[{"embeddable":true,"href":"http:\/\/cajovnajasminka.sk\/index.php?rest_route=\/wp\/v2\/media\/2277"}],"wp:attachment":[{"href":"http:\/\/cajovnajasminka.sk\/index.php?rest_route=%2Fwp%2Fv2%2Fmedia&parent=2275"}],"curies":[{"name":"wp","href":"https:\/\/api.w.org\/{rel}","templated":true}]}}