{"id":2274,"date":"2020-03-23T21:10:45","date_gmt":"2020-03-23T20:10:45","guid":{"rendered":"http:\/\/cajovnajasminka.sk\/?post_type=product&#038;p=2274"},"modified":"2023-03-16T07:51:14","modified_gmt":"2023-03-16T06:51:14","slug":"vilcacora-prirodne-kapsule","status":"publish","type":"product","link":"http:\/\/cajovnajasminka.sk\/?product=vilcacora-prirodne-kapsule","title":{"rendered":"Vilcacora &#8211; pr\u00edrodn\u00e9 kapsule"},"content":{"rendered":"<p>Bylinn\u00e9 kapsule s pr\u00edrodn\u00fdm zlo\u017een\u00edm pre rie\u0161enie rady va\u0161ich probl\u00e9mov. Obsahuj\u00fa byliny a huby, ktor\u00e9 pre\u0161li n\u00e1ro\u010dn\u00fdmi testami(mikrobiologick\u00e9 testy, testy na pr\u00edtomnos\u0165 \u0165a\u017ek\u00fdch kovov, pestic\u00eddov, na radioaktivitu)<\/p>\n<p><strong>podpora\u00a0prirodzenej imunity<\/strong><\/p>\n<p><strong>Obsahuje:<\/strong>\u00a0Vilcacora<\/p>\n<p><strong>Zlo\u017eenie<\/strong>: Vilcacora Uncaria tomentosa extrakt 294 mg , Stearan hore\u010dnat\u00fd 6 mg , celul\u00f3zov\u00e1\u00a0kapsula velikosti 0<\/p>\n<p><strong>Vilcacora<\/strong>\u00a0\u2013 (U\u0148a de Gato \u2013 Ko\u010di\u010d\u00ed dr\u00e1p) &#8211; podporuje prirodzen\u00fa funkciu imunitn\u00e9ho syst\u00e9mu, pom\u00e1ha vstreb\u00e1va\u0165 novotvary, posob\u00ed pri z\u00e1paloch<\/p>\n<p><strong>D\u00e1vkovanie:<\/strong> 3x denne 1 kapsulu medzi jedlom<\/p>\n","protected":false},"excerpt":{"rendered":"<p><b>Balenie : 90 kaps\u00fal\u00a0<\/b><\/p>\n","protected":false},"featured_media":2276,"comment_status":"open","ping_status":"closed","template":"","meta":[],"_links":{"self":[{"href":"http:\/\/cajovnajasminka.sk\/index.php?rest_route=\/wp\/v2\/product\/2274"}],"collection":[{"href":"http:\/\/cajovnajasminka.sk\/index.php?rest_route=\/wp\/v2\/product"}],"about":[{"href":"http:\/\/cajovnajasminka.sk\/index.php?rest_route=\/wp\/v2\/types\/product"}],"replies":[{"embeddable":true,"href":"http:\/\/cajovnajasminka.sk\/index.php?rest_route=%2Fwp%2Fv2%2Fcomments&post=2274"}],"wp:featuredmedia":[{"embeddable":true,"href":"http:\/\/cajovnajasminka.sk\/index.php?rest_route=\/wp\/v2\/media\/2276"}],"wp:attachment":[{"href":"http:\/\/cajovnajasminka.sk\/index.php?rest_route=%2Fwp%2Fv2%2Fmedia&parent=2274"}],"curies":[{"name":"wp","href":"https:\/\/api.w.org\/{rel}","templated":true}]}}