{"id":2271,"date":"2020-03-23T20:58:08","date_gmt":"2020-03-23T19:58:08","guid":{"rendered":"http:\/\/cajovnajasminka.sk\/?post_type=product&#038;p=2271"},"modified":"2023-03-16T07:51:58","modified_gmt":"2023-03-16T06:51:58","slug":"pylergen-prirodne-kapsule","status":"publish","type":"product","link":"http:\/\/cajovnajasminka.sk\/?product=pylergen-prirodne-kapsule","title":{"rendered":"Pylergen &#8211; pr\u00edrodn\u00e9 kapsule"},"content":{"rendered":"<p>Bylinn\u00e9 kapsule s pr\u00edrodn\u00fdm zlo\u017een\u00edm pre rie\u0161enie rady va\u0161ich probl\u00e9mov. Obsahuj\u00fa byliny a huby, ktor\u00e9 pre\u0161li n\u00e1ro\u010dn\u00fdmi testami(mikrobiologick\u00e9 testy, testy na pr\u00edtomnos\u0165 \u0165a\u017ek\u00fdch kovov, pestic\u00eddov, na radioaktivitu)<\/p>\n<p><strong>\u00a0neadekv\u00e1tne reakcie\u00a0imunitn\u00e9ho syst\u00e9mu (alergie)<\/strong><\/p>\n<p><strong>Obsahuje:<\/strong>\u00a0Stavikrv mnohokvet\u00fd, Perilla krovit\u00e1, \u0160ampi\u0148on po\u013en\u00fd<\/p>\n<p><strong>Zlo\u017eenie<\/strong>: Perilla krovit\u00e1 extrakt (Perilla frutescens) 150 mg, Stavikrv mnohokvet\u00fd extrakt (Polygonum multiflorum)\u00a080 mg,\u00a0\u00a0\u0160ampi\u0148\u00f3n mand\u013eov\u00fd extrakt\u00a0(Agaricus blazei Murill)\u00a060 mg , Stearan hore\u010dnat\u00fd\u00a09 mg, Mlie\u010dnan zino\u010dnat\u00fd 1mg,\u00a0celul\u00f3zov\u00e1 kapslula ve\u013eosti 0<\/p>\n<p><strong>Zinok<\/strong>\u00a0&#8211; prispieva k norm\u00e1lnemu stavu imunitn\u00e9ho syst\u00e9mu, ko\u017ee, vlasov, nechtov, metabolizmu kysel\u00edn, z\u00e1sad, bielkov\u00edn a cukrov. Chr\u00e1ni pred oxidat\u00edvnym stresom.<br \/>\n<strong>\u0160ampi\u00f3n mand\u013eov\u00fd<\/strong>\u00a0&#8211; podporuje prirodzen\u00fd imunitn\u00fd syst\u00e9m<\/p>\n<p><strong>D\u00e1vkovanie:<\/strong> prevencia: 3x denne 1\u00a0kapsulu medzi jedlom.\u00a0Odpor\u00fa\u010dame u\u017e\u00edva\u0165 3 t\u00fd\u017edne, 1 t\u00fd\u017eden pauza a znova<\/p>\n","protected":false},"excerpt":{"rendered":"<p><b>Balenie : 90 kaps\u00fal\u00a0<\/b><\/p>\n","protected":false},"featured_media":2273,"comment_status":"open","ping_status":"closed","template":"","meta":[],"_links":{"self":[{"href":"http:\/\/cajovnajasminka.sk\/index.php?rest_route=\/wp\/v2\/product\/2271"}],"collection":[{"href":"http:\/\/cajovnajasminka.sk\/index.php?rest_route=\/wp\/v2\/product"}],"about":[{"href":"http:\/\/cajovnajasminka.sk\/index.php?rest_route=\/wp\/v2\/types\/product"}],"replies":[{"embeddable":true,"href":"http:\/\/cajovnajasminka.sk\/index.php?rest_route=%2Fwp%2Fv2%2Fcomments&post=2271"}],"wp:featuredmedia":[{"embeddable":true,"href":"http:\/\/cajovnajasminka.sk\/index.php?rest_route=\/wp\/v2\/media\/2273"}],"wp:attachment":[{"href":"http:\/\/cajovnajasminka.sk\/index.php?rest_route=%2Fwp%2Fv2%2Fmedia&parent=2271"}],"curies":[{"name":"wp","href":"https:\/\/api.w.org\/{rel}","templated":true}]}}