{"id":2270,"date":"2020-03-23T20:58:07","date_gmt":"2020-03-23T19:58:07","guid":{"rendered":"http:\/\/cajovnajasminka.sk\/?post_type=product&#038;p=2270"},"modified":"2023-03-16T07:52:14","modified_gmt":"2023-03-16T06:52:14","slug":"stitna-zlaza-prirodne-kapsule","status":"publish","type":"product","link":"http:\/\/cajovnajasminka.sk\/?product=stitna-zlaza-prirodne-kapsule","title":{"rendered":"\u0160t\u00edtna \u017e\u013eaza &#8211; pr\u00edrodn\u00e9 kapsule"},"content":{"rendered":"<p>Bylinn\u00e9 kapsule s pr\u00edrodn\u00fdm zlo\u017een\u00edm pre rie\u0161enie rady va\u0161ich probl\u00e9mov. Obsahuj\u00fa byliny a huby, ktor\u00e9 pre\u0161li n\u00e1ro\u010dn\u00fdmi testami(mikrobiologick\u00e9 testy, testy na pr\u00edtomnos\u0165 \u0165a\u017ek\u00fdch kovov, pestic\u00eddov, na radioaktivitu)<\/p>\n<p><strong>\u00a0prirodzen\u00e9 funkcie \u0161t\u00edtnej \u017e\u013eazy<\/strong><\/p>\n<p><strong>Obsiahnut\u00fd\u00a0pr\u00edrodn\u00fd j\u00f3d\u00a0prispieva k norm\u00e1lnej \u010dinnosti metabolizmu, nervovej s\u00fastavy, stavu poko\u017eky, vlasov a norm\u00e1lnej tvorbe horm\u00f3nov \u0161t\u00edtnej \u017e\u013eazy. Podporuje spr\u00e1vny metabolizmus v\u00e1pnika, cholesterolu a\u00a0po\u010datia<\/strong><\/p>\n<p><strong>Obsahuje:<\/strong>\u00a0Chaluha bublinat\u00e1, H\u00fasenica \u010d\u00ednska &#8211; Cordyceps, Lesklokorka leskl\u00e1 &#8211; Reishi,\u00a0Vitam\u00edn B6, Vitam\u00edn E,\u00a0Vitam\u00edn B3<\/p>\n<p><strong>Zlo\u017eenie<\/strong>: (v 1 tablete): Extrakt z Reishi (Ganoderma lucidum) 150 mg, Extrakt z Cordyceps sinensis 110,8 mg, Extrakt z Chaluha bublinat\u00e1 20 mg, Vitam\u00edn E &#8211; (d-alfa-tokoferol-sukcin\u00e1t) 5 mg, Selen 200 \u03bcg, Niacin (B3) 1 mg, Pyridoxin (B6) 1 mg, Stearan hore\u010dnat\u00fd 12 mg<\/p>\n<p><strong>Reishi<\/strong>\u00a0&#8211; podporuje prirodzen\u00e9 funkcie imunitn\u00e9ho syst\u00e9mu<br \/>\n<strong>Cordyceps sinensis<\/strong>\u00a0&#8211; podporuje prirodzen\u00e9 funkcie tela<br \/>\n<strong>Chaluha bublinat\u00e1<\/strong>\u00a0&#8211; podporuje prirodzen\u00e9 funkcie \u0161t\u00edtnej \u017e\u013eazy<br \/>\n<strong>Vitam\u00edn E<\/strong>\u00a0&#8211; prispieva k ochrane buniek pred oxidativn\u00fdm stresom<br \/>\n<strong>Selen<\/strong>\u00a0&#8211; prispieva k norm\u00e1lnemu stavu nechtov, vlasov a \u0161t\u00edtnej \u017e\u013eazy<br \/>\n<strong>Niacin (B3)<\/strong>\u00a0&#8211; prispieva k norm\u00e1lnej psychickej \u010dinnosti, zn\u00ed\u017eeniu miery \u00fanavy a vy\u010derpania<br \/>\n<strong>Pyridoxin (B6)<\/strong>\u00a0&#8211; prispieva k regul\u00e1ci\u00ed hormon\u00e1lnej aktivity<\/p>\n<p><strong>D\u00e1vkovanie:<\/strong> 3x denne 1 kapsulu medzi jedlom<\/p>\n","protected":false},"excerpt":{"rendered":"<p><b>Balenie : 90 kaps\u00fal\u00a0<\/b><\/p>\n","protected":false},"featured_media":2272,"comment_status":"open","ping_status":"closed","template":"","meta":[],"_links":{"self":[{"href":"http:\/\/cajovnajasminka.sk\/index.php?rest_route=\/wp\/v2\/product\/2270"}],"collection":[{"href":"http:\/\/cajovnajasminka.sk\/index.php?rest_route=\/wp\/v2\/product"}],"about":[{"href":"http:\/\/cajovnajasminka.sk\/index.php?rest_route=\/wp\/v2\/types\/product"}],"replies":[{"embeddable":true,"href":"http:\/\/cajovnajasminka.sk\/index.php?rest_route=%2Fwp%2Fv2%2Fcomments&post=2270"}],"wp:featuredmedia":[{"embeddable":true,"href":"http:\/\/cajovnajasminka.sk\/index.php?rest_route=\/wp\/v2\/media\/2272"}],"wp:attachment":[{"href":"http:\/\/cajovnajasminka.sk\/index.php?rest_route=%2Fwp%2Fv2%2Fmedia&parent=2270"}],"curies":[{"name":"wp","href":"https:\/\/api.w.org\/{rel}","templated":true}]}}