{"id":2266,"date":"2020-03-23T20:42:25","date_gmt":"2020-03-23T19:42:25","guid":{"rendered":"http:\/\/cajovnajasminka.sk\/?post_type=product&#038;p=2266"},"modified":"2023-03-16T07:53:01","modified_gmt":"2023-03-16T06:53:01","slug":"ochranca-prirodne-kapsule","status":"publish","type":"product","link":"http:\/\/cajovnajasminka.sk\/?product=ochranca-prirodne-kapsule","title":{"rendered":"Ochranca &#8211; pr\u00edrodn\u00e9 kapsule"},"content":{"rendered":"<p>Bylinn\u00e9 kapsule s pr\u00edrodn\u00fdm zlo\u017een\u00edm pre rie\u0161enie rady va\u0161ich probl\u00e9mov. Obsahuj\u00fa byliny a huby, ktor\u00e9 pre\u0161li n\u00e1ro\u010dn\u00fdmi testami(mikrobiologick\u00e9 testy, testy na pr\u00edtomnos\u0165 \u0165a\u017ek\u00fdch kovov, pestic\u00eddov, na radioaktivitu)<\/p>\n<p><strong>\u00a0Podporuje<\/strong>\u00a0<strong>imunitn\u00fd syst\u00e9m<\/strong><strong>\u00a0<\/strong><\/p>\n<p><strong>Obsahuje:<\/strong>\u00a0Polyporus Grapefruit H\u00fasenica \u010d\u00ednska &#8211; Cordyceps<\/p>\n<p><strong>Zlo\u017eenie<\/strong>: (v\u00a01 kapsuli): Extrakt z\u00a0Cordyceps sinensis 100 mg, Extrakt z Polyporus umbellatus 94 mg, Extrakt z\u00a0Grapefruitov\u00fdch semienok 100 mg, Stearan hore\u010dnat\u00fd 6 mg, celul\u00f3zov\u00e1 kapsula ve\u013ekosti 0<\/p>\n<p><strong>CORDYCEPS &#8211; h\u00fasenica \u010d\u00ednsk\u00e1<\/strong>\u00a0\u2013 huba tradi\u010dnej \u010d\u00ednskej medic\u00edny, kter\u00e1 podporuje prirodzden\u00e9 funkcie tela<br \/>\n<strong>POLYPORUS &#8211; Choro\u0161\u00a0klobu\u010dkat\u00fd<\/strong>\u00a0&#8211; huba tradi\u010dnej \u010d\u00ednskej medic\u00edny, kter\u00e1 podporuje prirodzen\u00e9 funkcie tela<br \/>\n<strong>GREP<\/strong>\u00a0&#8211; podporuje imunitn\u00fd syst\u00e9m, spr\u00e1vnu mikrofl\u00f3ru v\u00a0tele, p\u00f4sob\u00ed na v\u00edrusy a bakt\u00e9rie<\/p>\n<p><strong>D\u00e1vkovanie:<\/strong> 3x denne 1\u00a0kapsulu medzi jedlom<br \/>\nak\u00fatne probl\u00e9my: 3x denne 2\u00a0kapsule medzi jedlom (maxim\u00e1lne 3 dni)<\/p>\n<p>Neodpor\u00fa\u010dame u\u017e\u00edvat ve\u010der, obsiahnut\u00e9 byliny mierne stimuluj\u00fa<\/p>\n","protected":false},"excerpt":{"rendered":"<p><b>Balenie : 90 kaps\u00fal\u00a0<\/b><\/p>\n","protected":false},"featured_media":2268,"comment_status":"open","ping_status":"closed","template":"","meta":[],"_links":{"self":[{"href":"http:\/\/cajovnajasminka.sk\/index.php?rest_route=\/wp\/v2\/product\/2266"}],"collection":[{"href":"http:\/\/cajovnajasminka.sk\/index.php?rest_route=\/wp\/v2\/product"}],"about":[{"href":"http:\/\/cajovnajasminka.sk\/index.php?rest_route=\/wp\/v2\/types\/product"}],"replies":[{"embeddable":true,"href":"http:\/\/cajovnajasminka.sk\/index.php?rest_route=%2Fwp%2Fv2%2Fcomments&post=2266"}],"wp:featuredmedia":[{"embeddable":true,"href":"http:\/\/cajovnajasminka.sk\/index.php?rest_route=\/wp\/v2\/media\/2268"}],"wp:attachment":[{"href":"http:\/\/cajovnajasminka.sk\/index.php?rest_route=%2Fwp%2Fv2%2Fmedia&parent=2266"}],"curies":[{"name":"wp","href":"https:\/\/api.w.org\/{rel}","templated":true}]}}