{"id":2265,"date":"2020-03-23T20:42:25","date_gmt":"2020-03-23T19:42:25","guid":{"rendered":"http:\/\/cajovnajasminka.sk\/?post_type=product&#038;p=2265"},"modified":"2023-03-16T07:52:42","modified_gmt":"2023-03-16T06:52:42","slug":"paravit-prirodne-kapsule","status":"publish","type":"product","link":"http:\/\/cajovnajasminka.sk\/?product=paravit-prirodne-kapsule","title":{"rendered":"Paravit &#8211; pr\u00edrodn\u00e9 kapsule"},"content":{"rendered":"<p>Bylinn\u00e9 kapsule s pr\u00edrodn\u00fdm zlo\u017een\u00edm pre rie\u0161enie rady va\u0161ich probl\u00e9mov. Obsahuj\u00fa byliny a huby, ktor\u00e9 pre\u0161li n\u00e1ro\u010dn\u00fdmi testami(mikrobiologick\u00e9 testy, testy na pr\u00edtomnos\u0165 \u0165a\u017ek\u00fdch kovov, pestic\u00eddov, na radioaktivitu)<\/p>\n<p><strong>podporuj\u00fa mikrobiologick\u00fa rovnov\u00e1hu v tele<\/strong><\/p>\n<p><strong>Obsahuje:<\/strong>\u00a0Polyporus Grapefruit, Klin\u010dekovec vonn\u00fd An\u00edz, vonn\u00fd orech kr\u00e1\u013eovsk\u00fd<\/p>\n<p><strong>Zlo\u017eenie<\/strong>: chaluha bublinat\u00e1 extrakt 344 mg,\u00a0\u00a0Stearan hore\u010dnat\u00fd 6 mg, celul\u00f3zov\u00e1 kapsula velikosti 0Extrakt z\u00a0Polyporus umbellatus 138 mg ,Extrakt z\u00a0Klin\u010dekovec \u00a0vonn\u00fd (Caryophyllus aromaticus L.) 50 mg ,Extrakt z\u00a0Orech kr\u00e1\u013eovsk\u00fd (juglans regia) 50 mg ,Extrakt z\u00a0Grepov\u00fdch semienok (citrus paradisi 25 mg , Extrakt z\u00a0Bedrovn\u00edk an\u00edzov\u00fd\u00a0(pimpinella anisum) 25 mg ,Stearan hore\u010dnat\u00fd 12 mg<strong style=\"font-size: 15px;\">\u00a0<\/strong><span style=\"font-size: 15px;\">\u2013 podporuje mikrobiologick\u00fa rovnov\u00e1hu v tele-v\u00edrusy,bakt\u00e9rie, parazity<\/span><\/p>\n<p class=\"zvyraznenyText\"><strong>Polyporus<\/strong>\u00a0\u2013 podporuje prirodzen\u00e9 funkce imunitn\u00e9ho syst\u00e9mu<br \/>\n<strong>Klin\u010dekovec vonn\u00fd-<\/strong>podporuje funkcie tr\u00e1viaceho traktu, celkovej o\u010disty<br \/>\n<strong>Orech kr\u00e1\u013eovsk\u00fd-<\/strong>podporuje funkcie obli\u010diek,pe\u010dene, \u010driev<br \/>\n<strong>An\u00edz\u00a0<\/strong>\u2013 podporuje norm\u00e1lnu funkciu za\u017e\u00edvacieho traktu<\/p>\n<p><strong>D\u00e1vkovanie:<\/strong> 23x denne 1 tabletu medzi jedlom ( neodpor\u00fa\u010dame u\u017e\u00edvat ve\u010der, obsiahnut\u00e9 byliny mierne stimuluj\u00fa)<\/p>\n","protected":false},"excerpt":{"rendered":"<p><b>Balenie : 90 kaps\u00fal\u00a0<\/b><\/p>\n","protected":false},"featured_media":2269,"comment_status":"open","ping_status":"closed","template":"","meta":[],"_links":{"self":[{"href":"http:\/\/cajovnajasminka.sk\/index.php?rest_route=\/wp\/v2\/product\/2265"}],"collection":[{"href":"http:\/\/cajovnajasminka.sk\/index.php?rest_route=\/wp\/v2\/product"}],"about":[{"href":"http:\/\/cajovnajasminka.sk\/index.php?rest_route=\/wp\/v2\/types\/product"}],"replies":[{"embeddable":true,"href":"http:\/\/cajovnajasminka.sk\/index.php?rest_route=%2Fwp%2Fv2%2Fcomments&post=2265"}],"wp:featuredmedia":[{"embeddable":true,"href":"http:\/\/cajovnajasminka.sk\/index.php?rest_route=\/wp\/v2\/media\/2269"}],"wp:attachment":[{"href":"http:\/\/cajovnajasminka.sk\/index.php?rest_route=%2Fwp%2Fv2%2Fmedia&parent=2265"}],"curies":[{"name":"wp","href":"https:\/\/api.w.org\/{rel}","templated":true}]}}