{"id":2260,"date":"2020-03-23T20:34:13","date_gmt":"2020-03-23T19:34:13","guid":{"rendered":"http:\/\/cajovnajasminka.sk\/?post_type=product&#038;p=2260"},"modified":"2023-03-16T07:53:32","modified_gmt":"2023-03-16T06:53:32","slug":"klby-prirodne-kapsule","status":"publish","type":"product","link":"http:\/\/cajovnajasminka.sk\/?product=klby-prirodne-kapsule","title":{"rendered":"K\u013aby- pr\u00edrodn\u00e9 kapsule"},"content":{"rendered":"<p>Bylinn\u00e9 kapsule s pr\u00edrodn\u00fdm zlo\u017een\u00edm pre rie\u0161enie rady va\u0161ich probl\u00e9mov. Obsahuj\u00fa byliny a huby, ktor\u00e9 pre\u0161li n\u00e1ro\u010dn\u00fdmi testami(mikrobiologick\u00e9 testy, testy na pr\u00edtomnos\u0165 \u0165a\u017ek\u00fdch kovov, pestic\u00eddov, na radioaktivitu)<\/p>\n<p><strong>k\u013aby, chrupavky, kosti, chrbtica<\/strong><\/p>\n<p><strong>Obsahuje:<\/strong>\u00a0Polyporus H\u00fa\u017eevnatec jedl\u00fd &#8211; Shii-take<\/p>\n<p><strong>Zlo\u017eenie<\/strong>: extrakt z\u00a0Lentinula edodes 65 mg ,extrakt z\u00a0Polyporus umbellatus 65 mg ,mlie\u010dnan zino\u010dnat\u00fd 5 mg ,uhli\u010ditan v\u00e1penat\u00fd- 10 mg ,Niacin 1 mg ,acidum ascorbicum -30 mg ,collagen &#8211; 130 mg ,Thiamin 0,5 mg ,Pyridoxyn 0,5 mg ,Stearan hore\u010dnat\u00fd 0,6 mg, celul\u00f3zov\u00e1 kapsula\u00a0velikosti 0<\/p>\n<p><strong>Vitam\u00edn C<\/strong>\u00a0&#8211;\u00a0prispieva k\u00a0norm\u00e1lnej tvorbe kolag\u00e9nu, norm\u00e1lnej funkcii kost\u00ed, chrupaviek<br \/>\n<strong>Zinok<\/strong>\u00a0&#8211; prispieva k norm\u00e1lnemu stavu kost\u00ed, nechtov a imunitn\u00e9ho syst\u00e9mu<br \/>\n<strong>V\u00e1pnik<\/strong>\u00a0&#8211; je potrebn\u00fd k\u00a0udr\u017eaniu norm\u00e1lneho stavu kost\u00ed a zubov<br \/>\n<strong>Vitam\u00edn B3<\/strong>\u00a0&#8211; prispieva k\u00a0norm\u00e1lnemu metabolizmu<br \/>\n<strong>Collagen\u00a0<\/strong>&#8211; napom\u00e1ha k\u00a0zachovaniu pevnosti a elasticity ko\u017ee a chrupaviek<br \/>\n<strong>Vitamin B1\u00a0<\/strong>&#8211; prispieva k\u00a0norm\u00e1lnemu metabolizmu a \u010dinnosti nervovej s\u00fastavy<br \/>\n<strong>Vitamin B6\u00a0<\/strong>&#8211; prispieva k\u00a0norm\u00e1lnemu metabolizmu homocysteinu, regul\u00e1ci\u00ed hormon\u00e1lnej aktivity<br \/>\n<strong>Shiitakae &#8211;\u00a0H\u00fa\u017eevnatec jedl\u00fd<\/strong>\u00a0\u2013 podporuje prirodzen\u00e9 funkcie tela<br \/>\n<strong>Polyporus &#8211; Choro\u0161\u00a0klob\u00fa\u010dkat\u00fd<\/strong>\u00a0&#8211; podporuje prirodzen\u00e9 funkcie tela<\/p>\n<p><strong>D\u00e1vkovanie:<\/strong> 2x denne medzi jedlom<\/p>\n","protected":false},"excerpt":{"rendered":"<p><b>Balenie : 90 kaps\u00fal\u00a0<\/b><\/p>\n","protected":false},"featured_media":2261,"comment_status":"open","ping_status":"closed","template":"","meta":[],"_links":{"self":[{"href":"http:\/\/cajovnajasminka.sk\/index.php?rest_route=\/wp\/v2\/product\/2260"}],"collection":[{"href":"http:\/\/cajovnajasminka.sk\/index.php?rest_route=\/wp\/v2\/product"}],"about":[{"href":"http:\/\/cajovnajasminka.sk\/index.php?rest_route=\/wp\/v2\/types\/product"}],"replies":[{"embeddable":true,"href":"http:\/\/cajovnajasminka.sk\/index.php?rest_route=%2Fwp%2Fv2%2Fcomments&post=2260"}],"wp:featuredmedia":[{"embeddable":true,"href":"http:\/\/cajovnajasminka.sk\/index.php?rest_route=\/wp\/v2\/media\/2261"}],"wp:attachment":[{"href":"http:\/\/cajovnajasminka.sk\/index.php?rest_route=%2Fwp%2Fv2%2Fmedia&parent=2260"}],"curies":[{"name":"wp","href":"https:\/\/api.w.org\/{rel}","templated":true}]}}