{"id":2258,"date":"2020-03-23T17:00:16","date_gmt":"2020-03-23T16:00:16","guid":{"rendered":"http:\/\/cajovnajasminka.sk\/?post_type=product&#038;p=2258"},"modified":"2023-03-16T07:53:47","modified_gmt":"2023-03-16T06:53:47","slug":"kelp-prirodne-kapsule","status":"publish","type":"product","link":"http:\/\/cajovnajasminka.sk\/?product=kelp-prirodne-kapsule","title":{"rendered":"Kelp &#8211; pr\u00edrodn\u00e9 kapsule"},"content":{"rendered":"<p>Bylinn\u00e9 kapsule s pr\u00edrodn\u00fdm zlo\u017een\u00edm pre rie\u0161enie rady va\u0161ich probl\u00e9mov. Obsahuj\u00fa byliny a huby, ktor\u00e9 pre\u0161li n\u00e1ro\u010dn\u00fdmi testami(mikrobiologick\u00e9 testy, testy na pr\u00edtomnos\u0165 \u0165a\u017ek\u00fdch kovov, pestic\u00eddov, na radioaktivitu)<\/p>\n<p><strong>tvorba horm\u00f3nov \u0161t\u00edtnej \u017e\u013eazy<\/strong><\/p>\n<p><strong>Obsiahnut\u00fd\u00a0pr\u00edrodn\u00fd j\u00f3d\u00a0prispieva k norm\u00e1lnej \u010dinnosti metabolizmu, nervovej s\u00fastavy, stavu poko\u017eky, vlasov a norm\u00e1lnej tvorbe horm\u00f3nov \u0161t\u00edtnej \u017e\u013eazy. Podporuje spr\u00e1vny metabolizmus v\u00e1pnika, cholesterolu a\u00a0po\u010datia<\/strong><\/p>\n<p><strong>Obsahuje:<\/strong>\u00a0Chaluhu bublinat\u00fa<\/p>\n<p><strong>Zlo\u017eenie<\/strong>: chaluha bublinat\u00e1 extrakt 344 mg,\u00a0\u00a0Stearan hore\u010dnat\u00fd 6 mg, celul\u00f3zov\u00e1 kapsula velikosti 0<\/p>\n<p><strong>D\u00e1vkovanie:<\/strong> 2-3x denne po jedle<\/p>\n","protected":false},"excerpt":{"rendered":"<p><b>Balenie : 90 kaps\u00fal\u00a0<\/b><\/p>\n","protected":false},"featured_media":2259,"comment_status":"open","ping_status":"closed","template":"","meta":[],"_links":{"self":[{"href":"http:\/\/cajovnajasminka.sk\/index.php?rest_route=\/wp\/v2\/product\/2258"}],"collection":[{"href":"http:\/\/cajovnajasminka.sk\/index.php?rest_route=\/wp\/v2\/product"}],"about":[{"href":"http:\/\/cajovnajasminka.sk\/index.php?rest_route=\/wp\/v2\/types\/product"}],"replies":[{"embeddable":true,"href":"http:\/\/cajovnajasminka.sk\/index.php?rest_route=%2Fwp%2Fv2%2Fcomments&post=2258"}],"wp:featuredmedia":[{"embeddable":true,"href":"http:\/\/cajovnajasminka.sk\/index.php?rest_route=\/wp\/v2\/media\/2259"}],"wp:attachment":[{"href":"http:\/\/cajovnajasminka.sk\/index.php?rest_route=%2Fwp%2Fv2%2Fmedia&parent=2258"}],"curies":[{"name":"wp","href":"https:\/\/api.w.org\/{rel}","templated":true}]}}