{"id":2253,"date":"2020-03-23T16:38:22","date_gmt":"2020-03-23T15:38:22","guid":{"rendered":"http:\/\/cajovnajasminka.sk\/?post_type=product&#038;p=2253"},"modified":"2023-03-16T07:54:35","modified_gmt":"2023-03-16T06:54:35","slug":"aloe-c-prirodne-kapsule-kopia","status":"publish","type":"product","link":"http:\/\/cajovnajasminka.sk\/?product=aloe-c-prirodne-kapsule-kopia","title":{"rendered":"Femina natur &#8211; pr\u00edrodn\u00e9 kapsule"},"content":{"rendered":"<p>Bylinn\u00e9 kapsule s pr\u00edrodn\u00fdm zlo\u017een\u00edm pre rie\u0161enie rady va\u0161ich probl\u00e9mov. Obsahuj\u00fa byliny a huby, ktor\u00e9 pre\u0161li n\u00e1ro\u010dn\u00fdmi testami(mikrobiologick\u00e9 testy, testy na pr\u00edtomnos\u0165 \u0165a\u017ek\u00fdch kovov, pestic\u00eddov, na radioaktivitu)<\/p>\n<p><strong>napom\u00e1ha pri gynekologick\u00fdch \u0165a\u017ekostiach,cyst\u00e1ch,my\u00f3moch<\/strong><\/p>\n<p><strong>Obsahuje:<\/strong>\u00a0Vilcacora, Alchemilka \u017eltozelen\u00e1, H\u00fasenica \u010d\u00ednska &#8211; Cordyceps<\/p>\n<p><strong>Zlo\u017eenie:\u00a0<\/strong>Extrakt z\u00a0Cordyceps sinensis 100 mg , Vilcacora Uncaria tomentosa extrakt 138 mg,\u00a0\u00a0Alchemilka mlet\u00e1 50 mg , Thiamin 0,5 mg , Pyridoxin- 0,5 mg,\u00a0\u00a0Vitamin E 5 mg (D &#8211; alfa- tokoferol sukcin\u00e1t) , Stearan hore\u010dnat\u00fd 6 mg , celul\u00f3zov\u00e1 kapsule ve\u013ekosti 0<\/p>\n<p><strong>Cordyceps\u00a0<\/strong>&#8211; husenica \u010d\u00ednsk\u00e1 \u2013 huba tradi\u010dnej \u010d\u00ednskej medic\u00edny, kter\u00e1 podporuje prirodzen\u00e9 funkcie tela<br \/>\n<strong>Vilcacora\u00a0<\/strong>\u2013 podporuje prirodzen\u00fa funkciu imunit\u00e9ho syst\u00e9mu<br \/>\n<strong>Alchemilka\u00a0<\/strong>\u2013 podporuje norm\u00e1lny stav \u017eensk\u00fdch pohlavn\u00fdch org\u00e1nov a men\u0161tru\u00e1cie,vstreb\u00e1vanie cyst, my\u00f3mov a zn\u00ed\u017eenie z\u00e1palov<br \/>\n<strong>Vitam\u00edn B1<\/strong>\u00a0-prispieva k norm\u00e1lnemu energetick\u00e9mu metabolizmu<br \/>\n<strong>Vitam\u00edn B6<\/strong>\u00a0&#8211; prispieva k regul\u00e1ci\u00ed hormon\u00e1lnej aktivity<br \/>\n<strong>Vitam\u00edn E<\/strong>\u00a0&#8211; prispieva k ochrane buniek pred oxidat\u00edvnym stresom<\/p>\n<p><strong>D\u00e1vkovanie:<\/strong> 3xdenne 1 kapsulu medzi jedlom (neodpor\u00fa\u010dame u\u017e\u00edva\u0165 ve\u010der, obsiahnut\u00e9 byliny mierne stimuluj\u00fa)<\/p>\n<p><strong>V\u00fdrobok nie je vhodn\u00fd ako podpora pri otehotnen\u00ed!<\/strong><\/p>\n","protected":false},"excerpt":{"rendered":"<p><b>Balenie : 90 kaps\u00fal\u00a0<\/b><\/p>\n","protected":false},"featured_media":2256,"comment_status":"open","ping_status":"closed","template":"","meta":[],"_links":{"self":[{"href":"http:\/\/cajovnajasminka.sk\/index.php?rest_route=\/wp\/v2\/product\/2253"}],"collection":[{"href":"http:\/\/cajovnajasminka.sk\/index.php?rest_route=\/wp\/v2\/product"}],"about":[{"href":"http:\/\/cajovnajasminka.sk\/index.php?rest_route=\/wp\/v2\/types\/product"}],"replies":[{"embeddable":true,"href":"http:\/\/cajovnajasminka.sk\/index.php?rest_route=%2Fwp%2Fv2%2Fcomments&post=2253"}],"wp:featuredmedia":[{"embeddable":true,"href":"http:\/\/cajovnajasminka.sk\/index.php?rest_route=\/wp\/v2\/media\/2256"}],"wp:attachment":[{"href":"http:\/\/cajovnajasminka.sk\/index.php?rest_route=%2Fwp%2Fv2%2Fmedia&parent=2253"}],"curies":[{"name":"wp","href":"https:\/\/api.w.org\/{rel}","templated":true}]}}