{"id":2249,"date":"2020-03-23T16:27:43","date_gmt":"2020-03-23T15:27:43","guid":{"rendered":"http:\/\/cajovnajasminka.sk\/?post_type=product&#038;p=2249"},"modified":"2023-03-16T07:54:21","modified_gmt":"2023-03-16T06:54:21","slug":"femina-happy-prirodne-kapsule","status":"publish","type":"product","link":"http:\/\/cajovnajasminka.sk\/?product=femina-happy-prirodne-kapsule","title":{"rendered":"Femina happy &#8211; pr\u00edrodn\u00e9 kapsule"},"content":{"rendered":"<p>Bylinn\u00e9 kapsule s pr\u00edrodn\u00fdm zlo\u017een\u00edm pre rie\u0161enie rady va\u0161ich probl\u00e9mov. Obsahuj\u00fa byliny a huby, ktor\u00e9 pre\u0161li n\u00e1ro\u010dn\u00fdmi testami(mikrobiologick\u00e9 testy, testy na pr\u00edtomnos\u0165 \u0165a\u017ek\u00fdch kovov, pestic\u00eddov, na radioaktivitu)<\/p>\n<p><strong>plodnos\u0165, men\u0161tru\u00e1cia, klimakt\u00e9rium, ovul\u00e1cia<\/strong><\/p>\n<p><strong>Obsahuje:<\/strong>\u00a0Zinok, Maca, Arcangelika \u010d\u00ednska, Vitam\u00edn E<\/p>\n<p><strong>Zlo\u017eenie:\u00a0<\/strong>Extrakt z\u00a0Angelika \u010d\u00ednsk\u00e1( angelicae chinensis)100 mg ,Extrakt z\u00a0Macca (Lepidium peruvianum Chacon) 181 mg , Vit. E (D-alfa-tokoferol sukcin\u00e1t) -5 mg, Mlie\u010dnan zino\u010dnat\u00fd\u00a0&#8211; 2 mg , Stearan hore\u010dnat\u00fd -12 mg<\/p>\n<p class=\"zvyraznenyText\"><strong>Angelika \u010d\u00ednsk\u00e1<\/strong>\u00a0\u2013 podporuje prirozen\u00e9 funkce \u017eensk\u00fdch pohlavn\u00fdch\u00a0org\u00e1nov, normalnej men\u0161tru\u00e1cie,napom\u00e1ha v klimakt\u00e9riu<br \/>\n<strong>Macca\u00a0<\/strong>\u2013 podporuje prirozen\u00fa plodnos\u0165, vitalitu a psychiku<br \/>\n<strong>Vitamin E<\/strong>\u00a0&#8211; antioxydant<br \/>\n<strong>Zinok \u2013<\/strong>\u00a0prispieva k\u00a0norm\u00e1lnej plodnosti a reprodukcii<\/p>\n<p><strong>D\u00e1vkovanie:<\/strong> 3x denne 1\u00a0kapsulu medzi jedlom (nedoporu\u010dujeme u\u017e\u00edvat ve\u010der, obsiahnut\u00e9 byliny mierne stimuluj\u00fa)<\/p>\n","protected":false},"excerpt":{"rendered":"<p><b>Balenie : 90 kaps\u00fal\u00a0<\/b><\/p>\n","protected":false},"featured_media":2251,"comment_status":"open","ping_status":"closed","template":"","meta":[],"_links":{"self":[{"href":"http:\/\/cajovnajasminka.sk\/index.php?rest_route=\/wp\/v2\/product\/2249"}],"collection":[{"href":"http:\/\/cajovnajasminka.sk\/index.php?rest_route=\/wp\/v2\/product"}],"about":[{"href":"http:\/\/cajovnajasminka.sk\/index.php?rest_route=\/wp\/v2\/types\/product"}],"replies":[{"embeddable":true,"href":"http:\/\/cajovnajasminka.sk\/index.php?rest_route=%2Fwp%2Fv2%2Fcomments&post=2249"}],"wp:featuredmedia":[{"embeddable":true,"href":"http:\/\/cajovnajasminka.sk\/index.php?rest_route=\/wp\/v2\/media\/2251"}],"wp:attachment":[{"href":"http:\/\/cajovnajasminka.sk\/index.php?rest_route=%2Fwp%2Fv2%2Fmedia&parent=2249"}],"curies":[{"name":"wp","href":"https:\/\/api.w.org\/{rel}","templated":true}]}}