{"id":2245,"date":"2020-03-23T15:42:57","date_gmt":"2020-03-23T14:42:57","guid":{"rendered":"http:\/\/cajovnajasminka.sk\/?post_type=product&#038;p=2245"},"modified":"2023-03-16T07:54:51","modified_gmt":"2023-03-16T06:54:51","slug":"aloe-c-prirodne-kapsule","status":"publish","type":"product","link":"http:\/\/cajovnajasminka.sk\/?product=aloe-c-prirodne-kapsule","title":{"rendered":"Aloe C+ pr\u00edrodn\u00e9 kapsule"},"content":{"rendered":"<p>Bylinn\u00e9 kapsule s pr\u00edrodn\u00fdm zlo\u017een\u00edm pre rie\u0161enie rady va\u0161ich probl\u00e9mov. Obsahuj\u00fa byliny a huby, ktor\u00e9 pre\u0161li n\u00e1ro\u010dn\u00fdmi testami(mikrobiologick\u00e9 testy, testy na pr\u00edtomnos\u0165 \u0165a\u017ek\u00fdch kovov, pestic\u00eddov, na radioaktivitu)<\/p>\n<p><strong>napom\u00e1haj\u00fa pri imunite, tr\u00e1ven\u00ed, \u010drev\u00e1 , o\u010dista, chudnut\u00ed<\/strong><\/p>\n<p><strong>Obsahuje:<\/strong>\u00a0Camu camu, Aloe prav\u00e1<\/p>\n<p><strong>Zlo\u017eenie:\u00a0<\/strong>koncentrovan\u00fd extrakt z\u00a0Alove vera 228 mg ,koncentrovan\u00fd extrakt z\u00a0plodu Camu camu (Myrciaria dubia )60 mg,\u00a0<strong>z\u00a0toho 6% \u010dist\u00e9ho\u00a0vitam\u00ednu C<\/strong>, Stearan hore\u010dnat\u00fd\u2013 12mg<\/p>\n<p class=\"zvyraznenyText\"><strong>Aloe Vera koncentr\u00e1t\u00a0<\/strong>&#8211; podporuje prirodzen\u00e9 funkcie imunitn\u00e9ho syst\u00e9mu tr\u00e1viaceho traktu a \u010driev, podporuje chudnutie, o\u010distu tela, hladinu cukru v krvi a norm\u00e1lny stav ko\u017ee, vlasov, nechtov.<br \/>\n<strong>Camu camu koncetr\u00e1t-&#8222;superovocie&#8220;<\/strong>s vysok\u00fdm obsahom prirodzen\u00e9ho vitam\u00ednu C. Ten podporuje prirodzen\u00e9 funkcie imunitn\u00e9ho syst\u00e9mu, psychiku, zni\u017euje \u00fanavu, podporuje vstreb\u00e1vanie in\u00fdch miner\u00e1lov, zlep\u0161uje stav \u010fasien, zubov, kost\u00ed, k\u013abov.<\/p>\n<p><strong>D\u00e1vkovanie:<\/strong> 3x denne 1 kapsulu medzi jedlom<\/p>\n","protected":false},"excerpt":{"rendered":"<p><b>Balenie : 90 kaps\u00fal\u00a0<\/b><\/p>\n","protected":false},"featured_media":2248,"comment_status":"open","ping_status":"closed","template":"","meta":[],"_links":{"self":[{"href":"http:\/\/cajovnajasminka.sk\/index.php?rest_route=\/wp\/v2\/product\/2245"}],"collection":[{"href":"http:\/\/cajovnajasminka.sk\/index.php?rest_route=\/wp\/v2\/product"}],"about":[{"href":"http:\/\/cajovnajasminka.sk\/index.php?rest_route=\/wp\/v2\/types\/product"}],"replies":[{"embeddable":true,"href":"http:\/\/cajovnajasminka.sk\/index.php?rest_route=%2Fwp%2Fv2%2Fcomments&post=2245"}],"wp:featuredmedia":[{"embeddable":true,"href":"http:\/\/cajovnajasminka.sk\/index.php?rest_route=\/wp\/v2\/media\/2248"}],"wp:attachment":[{"href":"http:\/\/cajovnajasminka.sk\/index.php?rest_route=%2Fwp%2Fv2%2Fmedia&parent=2245"}],"curies":[{"name":"wp","href":"https:\/\/api.w.org\/{rel}","templated":true}]}}