{"id":2243,"date":"2020-03-23T15:31:23","date_gmt":"2020-03-23T14:31:23","guid":{"rendered":"http:\/\/cajovnajasminka.sk\/?post_type=product&#038;p=2243"},"modified":"2023-03-16T07:55:06","modified_gmt":"2023-03-16T06:55:06","slug":"pohoda","status":"publish","type":"product","link":"http:\/\/cajovnajasminka.sk\/?product=pohoda","title":{"rendered":"Pohoda &#8211; pr\u00edrodn\u00e9 kapsule"},"content":{"rendered":"<p>Bylinn\u00e9 kapsule s pr\u00edrodn\u00fdm zlo\u017een\u00edm pre rie\u0161enie rady va\u0161ich probl\u00e9mov. Obsahuj\u00fa byliny a huby, ktor\u00e9 pre\u0161li n\u00e1ro\u010dn\u00fdmi testami(mikrobiologick\u00e9 testy, testy na pr\u00edtomnos\u0165 \u0165a\u017ek\u00fdch kovov, pestic\u00eddov, na radioaktivitu)<\/p>\n<p><strong>pom\u00e1ha spr\u00e1vnej psychickej \u010dinnosti, zn\u00ed\u017eeniu vy\u010derpania a \u00fanavy<\/strong><\/p>\n<p><strong>Obsahuje:<\/strong>\u00a0Kudzu, Vitam\u00edn B1, B3, B6<\/p>\n<p><strong>Zlo\u017eenie<\/strong>: Pueraria lobata extrakt 188 mg,\u00a0\u00a0Mle\u010dnan hore\u010dnat\u00fd 100 mg,\u00a0\u00a0Pyridoxin 0,5 mg,\u00a0\u00a0Niacin 5 mg , Thiamin 0,5 mg , Stearan hore\u010dnat\u00fd 6 mg , celul\u00f3zov\u00e1 kapsula ve\u013ekosti 0<\/p>\n<p><strong>Hor\u010d\u00edk<\/strong>-prispieva k\u00a0zn\u00ed\u017eeniu miery \u00fanavy a\u00a0vy\u010derpania, k\u00a0norm\u00e1lnej \u010dinnosti nervovej s\u00fastavy a\u00a0psychickej \u010dinnosti Vitam\u00edn B6-prispieva k\u00a0norm\u00e1lnemu metabolizmu homocysteinu, \u010dinnosti nervovej s\u00fastavy, psychickej \u010dinnosti, k\u00a0tvorbe \u010derven\u00fdch krviniek,zn\u00ed\u017eeniu \u00fanavy a\u00a0vy\u010derpanie, regul\u00e1ci\u00ed hormon\u00e1lnej aktivity.<br \/>\n<strong>Vitam\u00edn B3<\/strong>\u00a0\u2013 prispieva k\u00a0norm\u00e1lnej \u010dinnosti nervovej s\u00fastavy a\u00a0psychiky<br \/>\n<strong>Vitam\u00edn B1<\/strong>\u00a0 \u2013 prispieva k\u00a0norm\u00e1lnej \u010dinnosti srdca<br \/>\n<strong>Kudzu<\/strong>\u00a0&#8211; podporuje prirodzen\u00fa funkciu psychiky , podporuje tvorbu serotoninu, dopaminu a melatoninu v mozgu<\/p>\n<p><strong>D\u00e1vkovanie:<\/strong> 2 &#8211; 3x denne 1 kapsulu medzi jedlom<\/p>\n","protected":false},"excerpt":{"rendered":"<p><b>Balenie : 90 kaps\u00fal\u00a0<\/b><\/p>\n","protected":false},"featured_media":2244,"comment_status":"open","ping_status":"closed","template":"","meta":[],"_links":{"self":[{"href":"http:\/\/cajovnajasminka.sk\/index.php?rest_route=\/wp\/v2\/product\/2243"}],"collection":[{"href":"http:\/\/cajovnajasminka.sk\/index.php?rest_route=\/wp\/v2\/product"}],"about":[{"href":"http:\/\/cajovnajasminka.sk\/index.php?rest_route=\/wp\/v2\/types\/product"}],"replies":[{"embeddable":true,"href":"http:\/\/cajovnajasminka.sk\/index.php?rest_route=%2Fwp%2Fv2%2Fcomments&post=2243"}],"wp:featuredmedia":[{"embeddable":true,"href":"http:\/\/cajovnajasminka.sk\/index.php?rest_route=\/wp\/v2\/media\/2244"}],"wp:attachment":[{"href":"http:\/\/cajovnajasminka.sk\/index.php?rest_route=%2Fwp%2Fv2%2Fmedia&parent=2243"}],"curies":[{"name":"wp","href":"https:\/\/api.w.org\/{rel}","templated":true}]}}