{"id":2224,"date":"2020-03-23T15:08:06","date_gmt":"2020-03-23T14:08:06","guid":{"rendered":"http:\/\/cajovnajasminka.sk\/?post_type=product&#038;p=2224"},"modified":"2023-02-15T10:18:18","modified_gmt":"2023-02-15T09:18:18","slug":"vrbka-vnat","status":"publish","type":"product","link":"http:\/\/cajovnajasminka.sk\/?product=vrbka-vnat","title":{"rendered":"Vrbka &#8211; v\u0148a\u0165"},"content":{"rendered":"<p><strong>Kvalitn\u00e1 su\u0161en\u00e1 jednodruhov\u00e1 bylina ur\u010den\u00e1 k\u00a0pou\u017eitiu jednotlivo alebo do bylinn\u00fdch zmes\u00ed<\/strong><\/p>\n<p>Psychika, tr\u00e1venie, prostata<\/p>\n<p>&nbsp;<\/p>\n<p>&nbsp;<\/p>\n","protected":false},"excerpt":{"rendered":"<p><strong>Gram\u00e1\u017e : 30 g\u00a0<\/strong><\/p>\n","protected":false},"featured_media":2226,"comment_status":"open","ping_status":"closed","template":"","meta":[],"_links":{"self":[{"href":"http:\/\/cajovnajasminka.sk\/index.php?rest_route=\/wp\/v2\/product\/2224"}],"collection":[{"href":"http:\/\/cajovnajasminka.sk\/index.php?rest_route=\/wp\/v2\/product"}],"about":[{"href":"http:\/\/cajovnajasminka.sk\/index.php?rest_route=\/wp\/v2\/types\/product"}],"replies":[{"embeddable":true,"href":"http:\/\/cajovnajasminka.sk\/index.php?rest_route=%2Fwp%2Fv2%2Fcomments&post=2224"}],"wp:featuredmedia":[{"embeddable":true,"href":"http:\/\/cajovnajasminka.sk\/index.php?rest_route=\/wp\/v2\/media\/2226"}],"wp:attachment":[{"href":"http:\/\/cajovnajasminka.sk\/index.php?rest_route=%2Fwp%2Fv2%2Fmedia&parent=2224"}],"curies":[{"name":"wp","href":"https:\/\/api.w.org\/{rel}","templated":true}]}}