{"id":221,"date":"2017-04-30T19:04:41","date_gmt":"2017-04-30T17:04:41","guid":{"rendered":"http:\/\/cajovnajasminka.sk\/?product=zlcnik-bylinny-caj-sypany-2"},"modified":"2023-02-15T11:08:46","modified_gmt":"2023-02-15T10:08:46","slug":"zlcnik-bylinny-caj-sypany-2","status":"publish","type":"product","link":"http:\/\/cajovnajasminka.sk\/?product=zlcnik-bylinny-caj-sypany-2","title":{"rendered":"\u017dl\u010dn\u00edk &#8211; Bylinn\u00fd \u010daj sypan\u00fd"},"content":{"rendered":"<p>\u010cesk\u00fd kvalitn\u00fd sypan\u00fd bylinn\u00fd \u010daj zostavovan\u00fd pod\u013ea origin\u00e1lnej recept\u00fary, chr\u00e1nen\u00fd ochrannou zn\u00e1mkou, ur\u010den\u00fd na konkr\u00e9tny probl\u00e9m.<\/p>\n<p><strong>Zlo\u017eenie :\u00a0<\/strong><\/p>\n<p><strong>Pamajor\u00e1n v\u0148a\u0165<\/strong> \u2013 podporuje funkciu\u00a0<strong>\u017el\u010dn\u00edku a tr\u00e1venia<\/strong><br \/>\n<strong>Necht\u00edk kvet<\/strong> \u2013 podporuje vylu\u010dovanie<strong>\u00a0\u017el\u010dov\u00fdch kame\u0148ov<br \/>\n<\/strong><strong>Malina list<\/strong> &#8211; podporuje<strong> tr\u00e1venie<\/strong>, o\u010distu<br \/>\n<strong>Rebr\u00ed\u010dek v\u0148a\u0165<\/strong> \u2013 zni\u017euje <strong>nad\u00favanie<\/strong>, podporuje metabolizmus tukov<br \/>\n<strong>Rep\u00edk v\u0148a\u0165<\/strong> \u2013 podporuje vylu\u010dovacie<strong>\u00a0funkcie \u017el\u010dn\u00edka a pe\u010dene<\/strong><br \/>\n<strong>Oman kore\u0148<\/strong>\u00a0\u2013 podporuje tr\u00e1venie<br \/>\n<strong>\u013dubovn\u00edk\u00a0v\u0148a\u0165<\/strong> &#8211; uvo\u013e\u0148uje, <strong>uk\u013eud\u0148uje \u017el\u010dn\u00edk<\/strong><\/p>\n","protected":false},"excerpt":{"rendered":"<p>\u010cesk\u00fd kvalitn\u00fd sypan\u00fd bylinn\u00fd \u010daj zostavovan\u00fd pod\u013ea origin\u00e1lnej recept\u00fary, chr\u00e1nen\u00fd ochrannou zn\u00e1mkou, ur\u010den\u00fd na konkr\u00e9tny probl\u00e9m. Zlo\u017eenie :\u00a0 Pamajor\u00e1n v\u0148a\u0165 \u2013 podporuje funkciu\u00a0\u017el\u010dn\u00edku a tr\u00e1venia Necht\u00edk kvet \u2013 podporuje vylu\u010dovanie\u00a0\u017el\u010dov\u00fdch kame\u0148ov Malina list &#8211; podporuje tr\u00e1venie, o\u010distu Rebr\u00ed\u010dek v\u0148a\u0165 \u2013 zni\u017euje nad\u00favanie, podporuje metabolizmus tukov Rep\u00edk v\u0148a\u0165 \u2013 podporuje vylu\u010dovacie\u00a0funkcie \u017el\u010dn\u00edka a pe\u010dene Oman kore\u0148\u00a0\u2013<\/p>\n","protected":false},"featured_media":1899,"comment_status":"open","ping_status":"closed","template":"","meta":[],"_links":{"self":[{"href":"http:\/\/cajovnajasminka.sk\/index.php?rest_route=\/wp\/v2\/product\/221"}],"collection":[{"href":"http:\/\/cajovnajasminka.sk\/index.php?rest_route=\/wp\/v2\/product"}],"about":[{"href":"http:\/\/cajovnajasminka.sk\/index.php?rest_route=\/wp\/v2\/types\/product"}],"replies":[{"embeddable":true,"href":"http:\/\/cajovnajasminka.sk\/index.php?rest_route=%2Fwp%2Fv2%2Fcomments&post=221"}],"wp:featuredmedia":[{"embeddable":true,"href":"http:\/\/cajovnajasminka.sk\/index.php?rest_route=\/wp\/v2\/media\/1899"}],"wp:attachment":[{"href":"http:\/\/cajovnajasminka.sk\/index.php?rest_route=%2Fwp%2Fv2%2Fmedia&parent=221"}],"curies":[{"name":"wp","href":"https:\/\/api.w.org\/{rel}","templated":true}]}}