{"id":217,"date":"2017-04-30T18:27:35","date_gmt":"2017-04-30T16:27:35","guid":{"rendered":"http:\/\/cajovnajasminka.sk\/?product=zlcnik-bylinny-caj-sypany"},"modified":"2023-02-15T11:08:57","modified_gmt":"2023-02-15T10:08:57","slug":"zlcnik-bylinny-caj-sypany","status":"publish","type":"product","link":"http:\/\/cajovnajasminka.sk\/?product=zlcnik-bylinny-caj-sypany","title":{"rendered":"\u010cist\u00fd \u017el\u010dn\u00edk bez kame\u0148ov &#8211; Bylinn\u00fd \u010daj sypan\u00fd"},"content":{"rendered":"<p>\u010cesk\u00fd kvalitn\u00fd sypan\u00fd bylinn\u00fd \u010daj zostavovan\u00fd pod\u013ea origin\u00e1lnej recept\u00fary, chr\u00e1nen\u00fd ochrannou zn\u00e1mkou, ur\u010den\u00fd na konkr\u00e9tny probl\u00e9m.<\/p>\n<p><strong>Zlo\u017eenie :\u00a0<\/strong><\/p>\n<p><strong>Necht\u00edk\u00a0kvet<\/strong> &#8211; podporuje <strong>vylu\u010dovanie \u017el\u010dn\u00edkov\u00fdch kame\u0148ov<br \/>\n<\/strong><strong>Truskavec v\u0148a\u0165<\/strong> &#8211; podporuje tr\u00e1venie<br \/>\n<strong>M\u00e4ta v\u0148a\u0165<\/strong> \u2013 podporuje <strong>o\u010distu \u017el\u010dn\u00edku a pe\u010dene<\/strong><br \/>\n<strong>Vachta v\u0148a\u0165<\/strong> \u2013 podporuje <strong>tr\u00e1viaci\u00a0trakt<br \/>\n<\/strong><strong>Lomikame\u0148 v\u0148a\u0165<\/strong> \u2013\u010dist\u00ed \u017el\u010dn\u00edk a pe\u010de\u0148<br \/>\n<strong>\u0160alvia v\u0148a\u0165<\/strong> \u2013 podporuje o\u010distu p\u010dene a \u017el\u010dn\u00edku<\/p>\n","protected":false},"excerpt":{"rendered":"<p>\u010cesk\u00fd kvalitn\u00fd sypan\u00fd bylinn\u00fd \u010daj zostavovan\u00fd pod\u013ea origin\u00e1lnej recept\u00fary, chr\u00e1nen\u00fd ochrannou zn\u00e1mkou, ur\u010den\u00fd na konkr\u00e9tny probl\u00e9m. Zlo\u017eenie :\u00a0 Necht\u00edk\u00a0kvet &#8211; podporuje vylu\u010dovanie \u017el\u010dn\u00edkov\u00fdch kame\u0148ov Truskavec v\u0148a\u0165 &#8211; podporuje tr\u00e1venie M\u00e4ta v\u0148a\u0165 \u2013 podporuje o\u010distu \u017el\u010dn\u00edku a pe\u010dene Vachta v\u0148a\u0165 \u2013 podporuje tr\u00e1viaci\u00a0trakt Lomikame\u0148 v\u0148a\u0165 \u2013\u010dist\u00ed \u017el\u010dn\u00edk a pe\u010de\u0148 \u0160alvia v\u0148a\u0165 \u2013 podporuje o\u010distu p\u010dene a<\/p>\n","protected":false},"featured_media":1900,"comment_status":"open","ping_status":"closed","template":"","meta":[],"_links":{"self":[{"href":"http:\/\/cajovnajasminka.sk\/index.php?rest_route=\/wp\/v2\/product\/217"}],"collection":[{"href":"http:\/\/cajovnajasminka.sk\/index.php?rest_route=\/wp\/v2\/product"}],"about":[{"href":"http:\/\/cajovnajasminka.sk\/index.php?rest_route=\/wp\/v2\/types\/product"}],"replies":[{"embeddable":true,"href":"http:\/\/cajovnajasminka.sk\/index.php?rest_route=%2Fwp%2Fv2%2Fcomments&post=217"}],"wp:featuredmedia":[{"embeddable":true,"href":"http:\/\/cajovnajasminka.sk\/index.php?rest_route=\/wp\/v2\/media\/1900"}],"wp:attachment":[{"href":"http:\/\/cajovnajasminka.sk\/index.php?rest_route=%2Fwp%2Fv2%2Fmedia&parent=217"}],"curies":[{"name":"wp","href":"https:\/\/api.w.org\/{rel}","templated":true}]}}