{"id":2168,"date":"2020-03-23T14:21:26","date_gmt":"2020-03-23T13:21:26","guid":{"rendered":"http:\/\/cajovnajasminka.sk\/?post_type=product&#038;p=2168"},"modified":"2023-02-15T10:25:42","modified_gmt":"2023-02-15T09:25:42","slug":"pupava-list","status":"publish","type":"product","link":"http:\/\/cajovnajasminka.sk\/?product=pupava-list","title":{"rendered":"P\u00fapava &#8211; list"},"content":{"rendered":"<p><strong>Kvalitn\u00e1 su\u0161en\u00e1 jednodruhov\u00e1 bylina ur\u010den\u00e1 k\u00a0pou\u017eitiu jednotlivo alebo do bylinn\u00fdch zmes\u00ed<\/strong><\/p>\n<p>Chudnutie, tr\u00e1venie,\u00a0o\u010disty,\u00a0prekyslenie, ko\u017ee, pe\u010de\u0148, \u017el\u010dn\u00edk, pankreas,\u00a0\u010drevn\u00e1 mikrofl\u00f3ra<\/p>\n<p>&nbsp;<\/p>\n<p>&nbsp;<\/p>\n","protected":false},"excerpt":{"rendered":"<p><strong>Gram\u00e1\u017e : 30 g\u00a0<\/strong><\/p>\n","protected":false},"featured_media":2171,"comment_status":"open","ping_status":"closed","template":"","meta":[],"_links":{"self":[{"href":"http:\/\/cajovnajasminka.sk\/index.php?rest_route=\/wp\/v2\/product\/2168"}],"collection":[{"href":"http:\/\/cajovnajasminka.sk\/index.php?rest_route=\/wp\/v2\/product"}],"about":[{"href":"http:\/\/cajovnajasminka.sk\/index.php?rest_route=\/wp\/v2\/types\/product"}],"replies":[{"embeddable":true,"href":"http:\/\/cajovnajasminka.sk\/index.php?rest_route=%2Fwp%2Fv2%2Fcomments&post=2168"}],"wp:featuredmedia":[{"embeddable":true,"href":"http:\/\/cajovnajasminka.sk\/index.php?rest_route=\/wp\/v2\/media\/2171"}],"wp:attachment":[{"href":"http:\/\/cajovnajasminka.sk\/index.php?rest_route=%2Fwp%2Fv2%2Fmedia&parent=2168"}],"curies":[{"name":"wp","href":"https:\/\/api.w.org\/{rel}","templated":true}]}}