{"id":2154,"date":"2020-03-23T14:13:02","date_gmt":"2020-03-23T13:13:02","guid":{"rendered":"http:\/\/cajovnajasminka.sk\/?post_type=product&#038;p=2154"},"modified":"2023-02-15T10:30:21","modified_gmt":"2023-02-15T09:30:21","slug":"pagastan-kvet","status":"publish","type":"product","link":"http:\/\/cajovnajasminka.sk\/?product=pagastan-kvet","title":{"rendered":"Paga\u0161tan &#8211; kvet"},"content":{"rendered":"<p><strong>Kvalitn\u00e1 su\u0161en\u00e1 jednodruhov\u00e1 bylina ur\u010den\u00e1 k\u00a0pou\u017eitiu jednotlivo alebo do bylinn\u00fdch zmes\u00ed<\/strong><\/p>\n<p>K\u0155\u010dov\u00e9 \u017eily, opuchy, prekrvenie<\/p>\n<p>&nbsp;<\/p>\n","protected":false},"excerpt":{"rendered":"<p><strong>Gram\u00e1\u017e : 30 g\u00a0<\/strong><\/p>\n","protected":false},"featured_media":2155,"comment_status":"open","ping_status":"closed","template":"","meta":[],"_links":{"self":[{"href":"http:\/\/cajovnajasminka.sk\/index.php?rest_route=\/wp\/v2\/product\/2154"}],"collection":[{"href":"http:\/\/cajovnajasminka.sk\/index.php?rest_route=\/wp\/v2\/product"}],"about":[{"href":"http:\/\/cajovnajasminka.sk\/index.php?rest_route=\/wp\/v2\/types\/product"}],"replies":[{"embeddable":true,"href":"http:\/\/cajovnajasminka.sk\/index.php?rest_route=%2Fwp%2Fv2%2Fcomments&post=2154"}],"wp:featuredmedia":[{"embeddable":true,"href":"http:\/\/cajovnajasminka.sk\/index.php?rest_route=\/wp\/v2\/media\/2155"}],"wp:attachment":[{"href":"http:\/\/cajovnajasminka.sk\/index.php?rest_route=%2Fwp%2Fv2%2Fmedia&parent=2154"}],"curies":[{"name":"wp","href":"https:\/\/api.w.org\/{rel}","templated":true}]}}