{"id":215,"date":"2017-04-30T16:51:35","date_gmt":"2017-04-30T14:51:35","guid":{"rendered":"http:\/\/cajovnajasminka.sk\/?product=zensky-bylinny-caj-sypany"},"modified":"2023-02-15T11:09:10","modified_gmt":"2023-02-15T10:09:10","slug":"zensky-bylinny-caj-sypany","status":"publish","type":"product","link":"http:\/\/cajovnajasminka.sk\/?product=zensky-bylinny-caj-sypany","title":{"rendered":"\u017densk\u00fd-Bylinn\u00fd \u010daj sypan\u00fd"},"content":{"rendered":"<p>\u010cesk\u00fd kvalitn\u00fd sypan\u00fd bylinn\u00fd \u010daj zostavovan\u00fd pod\u013ea origin\u00e1lnej recept\u00fary, chr\u00e1nen\u00fd ochrannou zn\u00e1mkou, ur\u010den\u00fd na konkr\u00e9tny probl\u00e9m.<\/p>\n<p><strong>Zlo\u017eenie :\u00a0<\/strong><\/p>\n<p><strong>Alchemilka v\u0148a\u0165<\/strong> &#8211; podporuje <strong>\u017eensk\u00e9 pohlavn\u00e9 org\u00e1ny a men\u0161tru\u00e1ciu<br \/>\n<\/strong><strong>Necht\u00edk\u00a0kvet<\/strong> &#8211; podporuje<strong> vagin\u00e1lnu mikrofl\u00f3ru<br \/>\n<\/strong><strong>Koko\u0161ka v\u0148a\u0165<\/strong> \u2013 normalizuje men\u0161trua\u010dn\u00e9 krv\u00e1canie<br \/>\n<strong>Malina list<\/strong> \u2013 uvo\u013e\u0148uje <strong>predmen\u0161trua\u010dn\u00fd syndr\u00f3m<\/strong><br \/>\n<strong>Rebr\u00ed\u010dek v\u0148a\u0165<\/strong> &#8211; podporuje spr\u00e1vnu men\u0161tru\u00e1ciu<br \/>\n<strong>\u0160alvia v\u0148a\u0165<\/strong> &#8211; podporuje <strong>hormon\u00e1lny syst\u00e9m<\/strong><\/p>\n","protected":false},"excerpt":{"rendered":"<p>\u010cesk\u00fd kvalitn\u00fd sypan\u00fd bylinn\u00fd \u010daj zostavovan\u00fd pod\u013ea origin\u00e1lnej recept\u00fary, chr\u00e1nen\u00fd ochrannou zn\u00e1mkou, ur\u010den\u00fd na konkr\u00e9tny probl\u00e9m. Zlo\u017eenie :\u00a0 Alchemilka v\u0148a\u0165 &#8211; podporuje \u017eensk\u00e9 pohlavn\u00e9 org\u00e1ny a men\u0161tru\u00e1ciu Necht\u00edk\u00a0kvet &#8211; podporuje vagin\u00e1lnu mikrofl\u00f3ru Koko\u0161ka v\u0148a\u0165 \u2013 normalizuje men\u0161trua\u010dn\u00e9 krv\u00e1canie Malina list \u2013 uvo\u013e\u0148uje predmen\u0161trua\u010dn\u00fd syndr\u00f3m Rebr\u00ed\u010dek v\u0148a\u0165 &#8211; podporuje spr\u00e1vnu men\u0161tru\u00e1ciu \u0160alvia v\u0148a\u0165 &#8211; podporuje hormon\u00e1lny<\/p>\n","protected":false},"featured_media":1902,"comment_status":"open","ping_status":"closed","template":"","meta":[],"_links":{"self":[{"href":"http:\/\/cajovnajasminka.sk\/index.php?rest_route=\/wp\/v2\/product\/215"}],"collection":[{"href":"http:\/\/cajovnajasminka.sk\/index.php?rest_route=\/wp\/v2\/product"}],"about":[{"href":"http:\/\/cajovnajasminka.sk\/index.php?rest_route=\/wp\/v2\/types\/product"}],"replies":[{"embeddable":true,"href":"http:\/\/cajovnajasminka.sk\/index.php?rest_route=%2Fwp%2Fv2%2Fcomments&post=215"}],"wp:featuredmedia":[{"embeddable":true,"href":"http:\/\/cajovnajasminka.sk\/index.php?rest_route=\/wp\/v2\/media\/1902"}],"wp:attachment":[{"href":"http:\/\/cajovnajasminka.sk\/index.php?rest_route=%2Fwp%2Fv2%2Fmedia&parent=215"}],"curies":[{"name":"wp","href":"https:\/\/api.w.org\/{rel}","templated":true}]}}