{"id":2143,"date":"2020-03-23T13:59:55","date_gmt":"2020-03-23T12:59:55","guid":{"rendered":"http:\/\/cajovnajasminka.sk\/?post_type=product&#038;p=2143"},"modified":"2023-02-15T10:32:26","modified_gmt":"2023-02-15T09:32:26","slug":"oman-koren","status":"publish","type":"product","link":"http:\/\/cajovnajasminka.sk\/?product=oman-koren","title":{"rendered":"Oman &#8211; kore\u0148"},"content":{"rendered":"<p><strong>Kvalitn\u00e1 su\u0161en\u00e1 jednodruhov\u00e1 bylina ur\u010den\u00e1 k\u00a0pou\u017eitiu jednotlivo alebo do bylinn\u00fdch zmes\u00ed<\/strong><\/p>\n<p>Tr\u00e1venie, &#8222;lenivy \u017el\u010dn\u00edk&#8220;, nad\u00favanie, cukrovka, priedu\u0161ky,\u00a0\u010drevn\u00e1 mikrofl\u00f3ra<\/p>\n<p>&nbsp;<\/p>\n","protected":false},"excerpt":{"rendered":"<p><strong>Gram\u00e1\u017e : 30 g\u00a0<\/strong><\/p>\n","protected":false},"featured_media":2145,"comment_status":"open","ping_status":"closed","template":"","meta":[],"_links":{"self":[{"href":"http:\/\/cajovnajasminka.sk\/index.php?rest_route=\/wp\/v2\/product\/2143"}],"collection":[{"href":"http:\/\/cajovnajasminka.sk\/index.php?rest_route=\/wp\/v2\/product"}],"about":[{"href":"http:\/\/cajovnajasminka.sk\/index.php?rest_route=\/wp\/v2\/types\/product"}],"replies":[{"embeddable":true,"href":"http:\/\/cajovnajasminka.sk\/index.php?rest_route=%2Fwp%2Fv2%2Fcomments&post=2143"}],"wp:featuredmedia":[{"embeddable":true,"href":"http:\/\/cajovnajasminka.sk\/index.php?rest_route=\/wp\/v2\/media\/2145"}],"wp:attachment":[{"href":"http:\/\/cajovnajasminka.sk\/index.php?rest_route=%2Fwp%2Fv2%2Fmedia&parent=2143"}],"curies":[{"name":"wp","href":"https:\/\/api.w.org\/{rel}","templated":true}]}}