{"id":2136,"date":"2020-03-23T13:53:22","date_gmt":"2020-03-23T12:53:22","guid":{"rendered":"http:\/\/cajovnajasminka.sk\/?post_type=product&#038;p=2136"},"modified":"2023-02-15T10:33:57","modified_gmt":"2023-02-15T09:33:57","slug":"nechtik-kvet","status":"publish","type":"product","link":"http:\/\/cajovnajasminka.sk\/?product=nechtik-kvet","title":{"rendered":"Necht\u00edk &#8211; kvet"},"content":{"rendered":"<p><strong>Kvalitn\u00e1 su\u0161en\u00e1 jednodruhov\u00e1 bylina ur\u010den\u00e1 k\u00a0pou\u017eitiu jednotlivo alebo do bylinn\u00fdch zmes\u00ed<\/strong><\/p>\n<p>Pe\u010de\u0148, \u017el\u010dn\u00edk, gynekologick\u00e9 v\u00fdtoky, tr\u00e1venie, Crohnova choroba, ulcer\u00f3zna kolit\u00edda, bercov\u00e9 vredy<\/p>\n<p>&nbsp;<\/p>\n","protected":false},"excerpt":{"rendered":"<p><strong>Gram\u00e1\u017e : 20 g\u00a0<\/strong><\/p>\n","protected":false},"featured_media":2138,"comment_status":"open","ping_status":"closed","template":"","meta":[],"_links":{"self":[{"href":"http:\/\/cajovnajasminka.sk\/index.php?rest_route=\/wp\/v2\/product\/2136"}],"collection":[{"href":"http:\/\/cajovnajasminka.sk\/index.php?rest_route=\/wp\/v2\/product"}],"about":[{"href":"http:\/\/cajovnajasminka.sk\/index.php?rest_route=\/wp\/v2\/types\/product"}],"replies":[{"embeddable":true,"href":"http:\/\/cajovnajasminka.sk\/index.php?rest_route=%2Fwp%2Fv2%2Fcomments&post=2136"}],"wp:featuredmedia":[{"embeddable":true,"href":"http:\/\/cajovnajasminka.sk\/index.php?rest_route=\/wp\/v2\/media\/2138"}],"wp:attachment":[{"href":"http:\/\/cajovnajasminka.sk\/index.php?rest_route=%2Fwp%2Fv2%2Fmedia&parent=2136"}],"curies":[{"name":"wp","href":"https:\/\/api.w.org\/{rel}","templated":true}]}}