{"id":212,"date":"2017-04-30T16:19:04","date_gmt":"2017-04-30T14:19:04","guid":{"rendered":"http:\/\/cajovnajasminka.sk\/?product=zaludok-a-dvanastornik-bylinny-caj-sypany"},"modified":"2023-02-15T11:09:19","modified_gmt":"2023-02-15T10:09:19","slug":"zaludok-a-dvanastornik-bylinny-caj-sypany","status":"publish","type":"product","link":"http:\/\/cajovnajasminka.sk\/?product=zaludok-a-dvanastornik-bylinny-caj-sypany","title":{"rendered":"\u017dal\u00fadok a dvan\u00e1storn\u00edk-Bylinn\u00fd \u010daj sypan\u00fd"},"content":{"rendered":"<p>\u010cesk\u00fd kvalitn\u00fd sypan\u00fd bylinn\u00fd \u010daj zostavovan\u00fd pod\u013ea origin\u00e1lnej recept\u00fary, chr\u00e1nen\u00fd ochrannou zn\u00e1mkou, ur\u010den\u00fd na konkr\u00e9tny probl\u00e9m.<\/p>\n<p><strong>Zlo\u017eenie :\u00a0<\/strong><\/p>\n<p><strong>Fenikel<\/strong> \u2013 podporuje spr\u00e1vnu <strong>mikrofl\u00f3ru v\u00a0za\u017e\u00edvac\u00edm traktu<\/strong><br \/>\n<strong>M\u00e4ta v\u0148a\u0165<\/strong> \u2013 podporuje \u010dinnos\u0165\u00a0<strong>\u017eal\u00fadku a \u010driev<br \/>\n<\/strong><strong>Slez list<\/strong> &#8211; podporuje tr\u00e1viaci trakt<br \/>\n<strong>Ibi\u0161\u00a0kore\u0148<\/strong>\u00a0\u2013 podporuje <strong>tr\u00e1viaci\u00a0trakt<\/strong><br \/>\n<strong>Pu\u0161kvorec kore\u0148<\/strong>\u00a0\u2013 podporuje tr\u00e1venie<br \/>\n<strong>\u013dubovn\u00edk v\u0148a\u0165<\/strong> &#8211; uvo\u013e\u0148uje , <strong>uk\u013eud\u0148uje\u00a0tr\u00e1viaci trakt<\/strong><\/p>\n","protected":false},"excerpt":{"rendered":"<p>\u010cesk\u00fd kvalitn\u00fd sypan\u00fd bylinn\u00fd \u010daj zostavovan\u00fd pod\u013ea origin\u00e1lnej recept\u00fary, chr\u00e1nen\u00fd ochrannou zn\u00e1mkou, ur\u010den\u00fd na konkr\u00e9tny probl\u00e9m. Zlo\u017eenie :\u00a0 Fenikel \u2013 podporuje spr\u00e1vnu mikrofl\u00f3ru v\u00a0za\u017e\u00edvac\u00edm traktu M\u00e4ta v\u0148a\u0165 \u2013 podporuje \u010dinnos\u0165\u00a0\u017eal\u00fadku a \u010driev Slez list &#8211; podporuje tr\u00e1viaci trakt Ibi\u0161\u00a0kore\u0148\u00a0\u2013 podporuje tr\u00e1viaci\u00a0trakt Pu\u0161kvorec kore\u0148\u00a0\u2013 podporuje tr\u00e1venie \u013dubovn\u00edk v\u0148a\u0165 &#8211; uvo\u013e\u0148uje , uk\u013eud\u0148uje\u00a0tr\u00e1viaci trakt<\/p>\n","protected":false},"featured_media":1903,"comment_status":"open","ping_status":"closed","template":"","meta":[],"_links":{"self":[{"href":"http:\/\/cajovnajasminka.sk\/index.php?rest_route=\/wp\/v2\/product\/212"}],"collection":[{"href":"http:\/\/cajovnajasminka.sk\/index.php?rest_route=\/wp\/v2\/product"}],"about":[{"href":"http:\/\/cajovnajasminka.sk\/index.php?rest_route=\/wp\/v2\/types\/product"}],"replies":[{"embeddable":true,"href":"http:\/\/cajovnajasminka.sk\/index.php?rest_route=%2Fwp%2Fv2%2Fcomments&post=212"}],"wp:featuredmedia":[{"embeddable":true,"href":"http:\/\/cajovnajasminka.sk\/index.php?rest_route=\/wp\/v2\/media\/1903"}],"wp:attachment":[{"href":"http:\/\/cajovnajasminka.sk\/index.php?rest_route=%2Fwp%2Fv2%2Fmedia&parent=212"}],"curies":[{"name":"wp","href":"https:\/\/api.w.org\/{rel}","templated":true}]}}