{"id":2105,"date":"2020-03-23T13:23:51","date_gmt":"2020-03-23T12:23:51","guid":{"rendered":"http:\/\/cajovnajasminka.sk\/?post_type=product&#038;p=2105"},"modified":"2023-02-15T10:39:11","modified_gmt":"2023-02-15T09:39:11","slug":"lan-semeno","status":"publish","type":"product","link":"http:\/\/cajovnajasminka.sk\/?product=lan-semeno","title":{"rendered":"\u013dan- semeno"},"content":{"rendered":"<p><strong>Kvalitn\u00e1 su\u0161en\u00e1 jednodruhov\u00e1 bylina ur\u010den\u00e1 k\u00a0pou\u017eitiu jednotlivo alebo do bylinn\u00fdch zmes\u00ed<\/strong><\/p>\n<p>Z\u00e1pcha, tr\u00e1venie, \u017eal\u00fado\u010dn\u00e9 vredy, pohybov\u00fd apar\u00e1t<\/p>\n<p>&nbsp;<\/p>\n","protected":false},"excerpt":{"rendered":"<p><strong>Gram\u00e1\u017e : 50g\u00a0<\/strong><\/p>\n","protected":false},"featured_media":2107,"comment_status":"open","ping_status":"closed","template":"","meta":[],"_links":{"self":[{"href":"http:\/\/cajovnajasminka.sk\/index.php?rest_route=\/wp\/v2\/product\/2105"}],"collection":[{"href":"http:\/\/cajovnajasminka.sk\/index.php?rest_route=\/wp\/v2\/product"}],"about":[{"href":"http:\/\/cajovnajasminka.sk\/index.php?rest_route=\/wp\/v2\/types\/product"}],"replies":[{"embeddable":true,"href":"http:\/\/cajovnajasminka.sk\/index.php?rest_route=%2Fwp%2Fv2%2Fcomments&post=2105"}],"wp:featuredmedia":[{"embeddable":true,"href":"http:\/\/cajovnajasminka.sk\/index.php?rest_route=\/wp\/v2\/media\/2107"}],"wp:attachment":[{"href":"http:\/\/cajovnajasminka.sk\/index.php?rest_route=%2Fwp%2Fv2%2Fmedia&parent=2105"}],"curies":[{"name":"wp","href":"https:\/\/api.w.org\/{rel}","templated":true}]}}