{"id":2070,"date":"2020-03-22T22:54:12","date_gmt":"2020-03-22T21:54:12","guid":{"rendered":"http:\/\/cajovnajasminka.sk\/?post_type=product&#038;p=2070"},"modified":"2023-02-15T10:43:12","modified_gmt":"2023-02-15T09:43:12","slug":"ibis-lekarsky-koren","status":"publish","type":"product","link":"http:\/\/cajovnajasminka.sk\/?product=ibis-lekarsky-koren","title":{"rendered":"Ibi\u0161 lek\u00e1rsky &#8211; kore\u0148"},"content":{"rendered":"<p><strong>Kvalitn\u00e1 su\u0161en\u00e1 jednodruhov\u00e1 bylina ur\u010den\u00e1 k\u00a0pou\u017eitiu jednotlivo alebo do bylinn\u00fdch zmes\u00ed<\/strong><\/p>\n<p>Tr\u00e1viace probl\u00e9my, z\u00e1paly\u00a0\u010driev a \u017eal\u00fadka, nachladenie, ochorenie p\u013e\u00fac a priedu\u0161iek<\/p>\n<p>&nbsp;<\/p>\n","protected":false},"excerpt":{"rendered":"<p><strong>Gram\u00e1\u017e : 30 g\u00a0<\/strong><\/p>\n","protected":false},"featured_media":2072,"comment_status":"open","ping_status":"closed","template":"","meta":[],"_links":{"self":[{"href":"http:\/\/cajovnajasminka.sk\/index.php?rest_route=\/wp\/v2\/product\/2070"}],"collection":[{"href":"http:\/\/cajovnajasminka.sk\/index.php?rest_route=\/wp\/v2\/product"}],"about":[{"href":"http:\/\/cajovnajasminka.sk\/index.php?rest_route=\/wp\/v2\/types\/product"}],"replies":[{"embeddable":true,"href":"http:\/\/cajovnajasminka.sk\/index.php?rest_route=%2Fwp%2Fv2%2Fcomments&post=2070"}],"wp:featuredmedia":[{"embeddable":true,"href":"http:\/\/cajovnajasminka.sk\/index.php?rest_route=\/wp\/v2\/media\/2072"}],"wp:attachment":[{"href":"http:\/\/cajovnajasminka.sk\/index.php?rest_route=%2Fwp%2Fv2%2Fmedia&parent=2070"}],"curies":[{"name":"wp","href":"https:\/\/api.w.org\/{rel}","templated":true}]}}