{"id":2062,"date":"2020-03-22T22:44:59","date_gmt":"2020-03-22T21:44:59","guid":{"rendered":"http:\/\/cajovnajasminka.sk\/?post_type=product&#038;p=2062"},"modified":"2023-02-15T10:44:17","modified_gmt":"2023-02-15T09:44:17","slug":"chaluha-bublinata-vnat","status":"publish","type":"product","link":"http:\/\/cajovnajasminka.sk\/?product=chaluha-bublinata-vnat","title":{"rendered":"Chaluha bublinat\u00e1 &#8211; v\u0148a\u0165"},"content":{"rendered":"<p><strong>Kvalitn\u00e1 su\u0161en\u00e1 jednodruhov\u00e1 bylina ur\u010den\u00e1 k\u00a0pou\u017eitiu jednotlivo alebo do bylinn\u00fdch zmes\u00ed<\/strong><\/p>\n<p>\u0160t\u00edtna \u017e\u013eaza, chudnutie, vlasy, z\u00e1pcha, cholesterol, \u00fanava, neplodnos\u0165<\/p>\n<p>&nbsp;<\/p>\n","protected":false},"excerpt":{"rendered":"<p><strong>Gram\u00e1\u017e : 30 g\u00a0<\/strong><\/p>\n","protected":false},"featured_media":2068,"comment_status":"open","ping_status":"closed","template":"","meta":[],"_links":{"self":[{"href":"http:\/\/cajovnajasminka.sk\/index.php?rest_route=\/wp\/v2\/product\/2062"}],"collection":[{"href":"http:\/\/cajovnajasminka.sk\/index.php?rest_route=\/wp\/v2\/product"}],"about":[{"href":"http:\/\/cajovnajasminka.sk\/index.php?rest_route=\/wp\/v2\/types\/product"}],"replies":[{"embeddable":true,"href":"http:\/\/cajovnajasminka.sk\/index.php?rest_route=%2Fwp%2Fv2%2Fcomments&post=2062"}],"wp:featuredmedia":[{"embeddable":true,"href":"http:\/\/cajovnajasminka.sk\/index.php?rest_route=\/wp\/v2\/media\/2068"}],"wp:attachment":[{"href":"http:\/\/cajovnajasminka.sk\/index.php?rest_route=%2Fwp%2Fv2%2Fmedia&parent=2062"}],"curies":[{"name":"wp","href":"https:\/\/api.w.org\/{rel}","templated":true}]}}