{"id":2061,"date":"2020-03-22T22:44:59","date_gmt":"2020-03-22T21:44:59","guid":{"rendered":"http:\/\/cajovnajasminka.sk\/?post_type=product&#038;p=2061"},"modified":"2023-02-15T10:44:05","modified_gmt":"2023-02-15T09:44:05","slug":"chmel-obycajny-sistice","status":"publish","type":"product","link":"http:\/\/cajovnajasminka.sk\/?product=chmel-obycajny-sistice","title":{"rendered":"Chme\u013e oby\u010dajn\u00fd- \u0161i\u0161tice"},"content":{"rendered":"<p><strong>Kvalitn\u00e1 su\u0161en\u00e1 jednodruhov\u00e1 bylina ur\u010den\u00e1 k\u00a0pou\u017eitiu jednotlivo alebo do bylinn\u00fdch zmes\u00ed<\/strong><\/p>\n<p>Nespavos\u0165, klimakt\u00e9rium, tr\u00e1venie<\/p>\n<p>&nbsp;<\/p>\n","protected":false},"excerpt":{"rendered":"<p><strong>Gram\u00e1\u017e : 15 g\u00a0<\/strong><\/p>\n","protected":false},"featured_media":2069,"comment_status":"open","ping_status":"closed","template":"","meta":[],"_links":{"self":[{"href":"http:\/\/cajovnajasminka.sk\/index.php?rest_route=\/wp\/v2\/product\/2061"}],"collection":[{"href":"http:\/\/cajovnajasminka.sk\/index.php?rest_route=\/wp\/v2\/product"}],"about":[{"href":"http:\/\/cajovnajasminka.sk\/index.php?rest_route=\/wp\/v2\/types\/product"}],"replies":[{"embeddable":true,"href":"http:\/\/cajovnajasminka.sk\/index.php?rest_route=%2Fwp%2Fv2%2Fcomments&post=2061"}],"wp:featuredmedia":[{"embeddable":true,"href":"http:\/\/cajovnajasminka.sk\/index.php?rest_route=\/wp\/v2\/media\/2069"}],"wp:attachment":[{"href":"http:\/\/cajovnajasminka.sk\/index.php?rest_route=%2Fwp%2Fv2%2Fmedia&parent=2061"}],"curies":[{"name":"wp","href":"https:\/\/api.w.org\/{rel}","templated":true}]}}