{"id":204,"date":"2017-04-30T15:04:25","date_gmt":"2017-04-30T13:04:25","guid":{"rendered":"http:\/\/cajovnajasminka.sk\/?product=zvysena-stitna-zlaza-bylinny-caj-sypany"},"modified":"2023-02-15T11:10:02","modified_gmt":"2023-02-15T10:10:02","slug":"zvysena-stitna-zlaza-bylinny-caj-sypany","status":"publish","type":"product","link":"http:\/\/cajovnajasminka.sk\/?product=zvysena-stitna-zlaza-bylinny-caj-sypany","title":{"rendered":"\u0160t\u00edtn\u00e1 \u017e\u013eaza zv\u00fd\u0161en\u00e1 &#8211; Bylinn\u00fd \u010daj sypan\u00fd"},"content":{"rendered":"<p>\u010cesk\u00fd kvalitn\u00fd sypan\u00fd bylinn\u00fd \u010daj zostavovan\u00fd pod\u013ea origin\u00e1lnej recept\u00fary, chr\u00e1nen\u00fd ochrannou zn\u00e1mkou, ur\u010den\u00fd na konkr\u00e9tny probl\u00e9m.<\/p>\n<p><strong>Zlo\u017eenie :\u00a0<\/strong><\/p>\n<p><strong>Medovka v\u0148a\u0165<\/strong> \u2013 podporuje hormon\u00e1lnu\u00a0<strong>vyrovnanos\u0165 a norm\u00e1lnu funkciu \u0161t\u00edtnej \u017e\u013eazy<br \/>\n<\/strong><strong>Komonica v\u0148a\u0165<\/strong> &#8211; napom\u00e1ha norm\u00e1lnej funkci\u00ed\u00a0<strong>kardiovaskul\u00e1rneho syst\u00e9mu<\/strong><br \/>\n<strong>Karbinec v\u0148a\u0165<\/strong> \u2013 napom\u00e1ha\u00a0<strong>norm\u00e1lnej funkci\u00ed \u0161t\u00edtnej \u017e\u013eazy<br \/>\n<\/strong><strong>Srde\u010dn\u00edk v\u0148a\u0165<\/strong> &#8211; napom\u00e1ha norm\u00e1lnej\u00a0<strong>funkci\u00ed srdca<\/strong>\u00a0a \u0161t\u00edtnej \u017e\u013eazy<\/p>\n","protected":false},"excerpt":{"rendered":"<p>\u010cesk\u00fd kvalitn\u00fd sypan\u00fd bylinn\u00fd \u010daj zostavovan\u00fd pod\u013ea origin\u00e1lnej recept\u00fary, chr\u00e1nen\u00fd ochrannou zn\u00e1mkou, ur\u010den\u00fd na konkr\u00e9tny probl\u00e9m. Zlo\u017eenie :\u00a0 Medovka v\u0148a\u0165 \u2013 podporuje hormon\u00e1lnu\u00a0vyrovnanos\u0165 a norm\u00e1lnu funkciu \u0161t\u00edtnej \u017e\u013eazy Komonica v\u0148a\u0165 &#8211; napom\u00e1ha norm\u00e1lnej funkci\u00ed\u00a0kardiovaskul\u00e1rneho syst\u00e9mu Karbinec v\u0148a\u0165 \u2013 napom\u00e1ha\u00a0norm\u00e1lnej funkci\u00ed \u0161t\u00edtnej \u017e\u013eazy Srde\u010dn\u00edk v\u0148a\u0165 &#8211; napom\u00e1ha norm\u00e1lnej\u00a0funkci\u00ed srdca\u00a0a \u0161t\u00edtnej \u017e\u013eazy<\/p>\n","protected":false},"featured_media":1907,"comment_status":"open","ping_status":"closed","template":"","meta":[],"_links":{"self":[{"href":"http:\/\/cajovnajasminka.sk\/index.php?rest_route=\/wp\/v2\/product\/204"}],"collection":[{"href":"http:\/\/cajovnajasminka.sk\/index.php?rest_route=\/wp\/v2\/product"}],"about":[{"href":"http:\/\/cajovnajasminka.sk\/index.php?rest_route=\/wp\/v2\/types\/product"}],"replies":[{"embeddable":true,"href":"http:\/\/cajovnajasminka.sk\/index.php?rest_route=%2Fwp%2Fv2%2Fcomments&post=204"}],"wp:featuredmedia":[{"embeddable":true,"href":"http:\/\/cajovnajasminka.sk\/index.php?rest_route=\/wp\/v2\/media\/1907"}],"wp:attachment":[{"href":"http:\/\/cajovnajasminka.sk\/index.php?rest_route=%2Fwp%2Fv2%2Fmedia&parent=204"}],"curies":[{"name":"wp","href":"https:\/\/api.w.org\/{rel}","templated":true}]}}