{"id":2037,"date":"2020-03-22T21:17:35","date_gmt":"2020-03-22T20:17:35","guid":{"rendered":"http:\/\/cajovnajasminka.sk\/?post_type=product&#038;p=2037"},"modified":"2023-02-15T10:47:11","modified_gmt":"2023-02-15T09:47:11","slug":"eleuterokok-ostnany-certov-koren","status":"publish","type":"product","link":"http:\/\/cajovnajasminka.sk\/?product=eleuterokok-ostnany-certov-koren","title":{"rendered":"Eleuterokok ostnan\u00fd &#8211; \u010dertov kore\u0148"},"content":{"rendered":"<p><strong>Kvalitn\u00e1 su\u0161en\u00e1 jednodruhov\u00e1 bylina ur\u010den\u00e1 k\u00a0pou\u017eitiu jednotlivo alebo do bylinn\u00fdch zmes\u00ed<\/strong><\/p>\n<p>Stres, cholesterol, art\u00e9rioskler\u00f3za, toxick\u00e9 l\u00e1tky, \u00fanava<\/p>\n<p>&nbsp;<\/p>\n","protected":false},"excerpt":{"rendered":"<p><strong>Gram\u00e1\u017e : 30 g\u00a0<\/strong><\/p>\n","protected":false},"featured_media":2041,"comment_status":"open","ping_status":"closed","template":"","meta":[],"_links":{"self":[{"href":"http:\/\/cajovnajasminka.sk\/index.php?rest_route=\/wp\/v2\/product\/2037"}],"collection":[{"href":"http:\/\/cajovnajasminka.sk\/index.php?rest_route=\/wp\/v2\/product"}],"about":[{"href":"http:\/\/cajovnajasminka.sk\/index.php?rest_route=\/wp\/v2\/types\/product"}],"replies":[{"embeddable":true,"href":"http:\/\/cajovnajasminka.sk\/index.php?rest_route=%2Fwp%2Fv2%2Fcomments&post=2037"}],"wp:featuredmedia":[{"embeddable":true,"href":"http:\/\/cajovnajasminka.sk\/index.php?rest_route=\/wp\/v2\/media\/2041"}],"wp:attachment":[{"href":"http:\/\/cajovnajasminka.sk\/index.php?rest_route=%2Fwp%2Fv2%2Fmedia&parent=2037"}],"curies":[{"name":"wp","href":"https:\/\/api.w.org\/{rel}","templated":true}]}}