{"id":2024,"date":"2020-03-22T20:59:15","date_gmt":"2020-03-22T19:59:15","guid":{"rendered":"http:\/\/cajovnajasminka.sk\/?post_type=product&#038;p=2024"},"modified":"2023-02-15T10:49:02","modified_gmt":"2023-02-15T09:49:02","slug":"cakanka-obycajna-koren","status":"publish","type":"product","link":"http:\/\/cajovnajasminka.sk\/?product=cakanka-obycajna-koren","title":{"rendered":"\u010cakanka oby\u010dajn\u00e1- kore\u0148"},"content":{"rendered":"<p><strong>Kvalitn\u00e1 su\u0161en\u00e1 jednodruhov\u00e1 bylina ur\u010den\u00e1 k\u00a0pou\u017eitiu jednotlivo alebo do bylinn\u00fdch zmes\u00ed<\/strong><\/p>\n<p>Pe\u010de\u0148, tr\u00e1venie, chudnutie, metabolizmus,\u00a0z\u00e1pcha, \u010drevn\u00e1 mikrofl\u00f3ra<\/p>\n<p>&nbsp;<\/p>\n","protected":false},"excerpt":{"rendered":"<p><strong>Gram\u00e1\u017e : 30 g\u00a0<\/strong><\/p>\n","protected":false},"featured_media":2027,"comment_status":"open","ping_status":"closed","template":"","meta":[],"_links":{"self":[{"href":"http:\/\/cajovnajasminka.sk\/index.php?rest_route=\/wp\/v2\/product\/2024"}],"collection":[{"href":"http:\/\/cajovnajasminka.sk\/index.php?rest_route=\/wp\/v2\/product"}],"about":[{"href":"http:\/\/cajovnajasminka.sk\/index.php?rest_route=\/wp\/v2\/types\/product"}],"replies":[{"embeddable":true,"href":"http:\/\/cajovnajasminka.sk\/index.php?rest_route=%2Fwp%2Fv2%2Fcomments&post=2024"}],"wp:featuredmedia":[{"embeddable":true,"href":"http:\/\/cajovnajasminka.sk\/index.php?rest_route=\/wp\/v2\/media\/2027"}],"wp:attachment":[{"href":"http:\/\/cajovnajasminka.sk\/index.php?rest_route=%2Fwp%2Fv2%2Fmedia&parent=2024"}],"curies":[{"name":"wp","href":"https:\/\/api.w.org\/{rel}","templated":true}]}}