{"id":2010,"date":"2020-03-22T20:30:49","date_gmt":"2020-03-22T19:30:49","guid":{"rendered":"http:\/\/cajovnajasminka.sk\/?post_type=product&#038;p=2010"},"modified":"2023-02-15T10:50:29","modified_gmt":"2023-02-15T09:50:29","slug":"baza-cierna-kvet","status":"publish","type":"product","link":"http:\/\/cajovnajasminka.sk\/?product=baza-cierna-kvet","title":{"rendered":"Baza \u010dierna- kvet"},"content":{"rendered":"<p><strong>Kvalitn\u00e1 su\u0161en\u00e1 jednodruhov\u00e1 bylina ur\u010den\u00e1 k\u00a0pou\u017eitiu jednotlivo alebo do bylinn\u00fdch zmes\u00ed<\/strong><\/p>\n<p>\u00da\u010dinne napom\u00e1ha pri\u00a0chr\u00edpke, z\u00e1paloch mo\u010dov\u00fdch ciest, chrbtici, tie\u017e na nervy, reumu, k\u013aby<\/p>\n<p>&nbsp;<\/p>\n","protected":false},"excerpt":{"rendered":"<p><strong>Gram\u00e1\u017e : 30 g\u00a0<\/strong><\/p>\n","protected":false},"featured_media":2014,"comment_status":"open","ping_status":"closed","template":"","meta":[],"_links":{"self":[{"href":"http:\/\/cajovnajasminka.sk\/index.php?rest_route=\/wp\/v2\/product\/2010"}],"collection":[{"href":"http:\/\/cajovnajasminka.sk\/index.php?rest_route=\/wp\/v2\/product"}],"about":[{"href":"http:\/\/cajovnajasminka.sk\/index.php?rest_route=\/wp\/v2\/types\/product"}],"replies":[{"embeddable":true,"href":"http:\/\/cajovnajasminka.sk\/index.php?rest_route=%2Fwp%2Fv2%2Fcomments&post=2010"}],"wp:featuredmedia":[{"embeddable":true,"href":"http:\/\/cajovnajasminka.sk\/index.php?rest_route=\/wp\/v2\/media\/2014"}],"wp:attachment":[{"href":"http:\/\/cajovnajasminka.sk\/index.php?rest_route=%2Fwp%2Fv2%2Fmedia&parent=2010"}],"curies":[{"name":"wp","href":"https:\/\/api.w.org\/{rel}","templated":true}]}}