{"id":2008,"date":"2020-03-22T20:30:48","date_gmt":"2020-03-22T19:30:48","guid":{"rendered":"http:\/\/cajovnajasminka.sk\/?post_type=product&#038;p=2008"},"modified":"2023-02-15T10:50:45","modified_gmt":"2023-02-15T09:50:45","slug":"archangelika-lekarska-koren","status":"publish","type":"product","link":"http:\/\/cajovnajasminka.sk\/?product=archangelika-lekarska-koren","title":{"rendered":"Archangelika lek\u00e1rska &#8211; kore\u0148"},"content":{"rendered":"<p><strong>Kvalitn\u00e1 su\u0161en\u00e1 jednodruhov\u00e1 bylina ur\u010den\u00e1 k\u00a0pou\u017eitiu jednotlivo alebo do bylinn\u00fdch zmes\u00ed<\/strong><\/p>\n<p>\u00da\u010dinne napom\u00e1ha pri\u00a0ad\u00favani\u00ed, \u017eal\u00fado\u010dnej neur\u00f3ze,\u00a0pe\u010de\u0148ov\u00fdch a pankreas ov\u00fdch probl\u00e9moch<\/p>\n<p>&nbsp;<\/p>\n","protected":false},"excerpt":{"rendered":"<p><strong>Gram\u00e1\u017e : 30 g\u00a0<\/strong><\/p>\n","protected":false},"featured_media":2013,"comment_status":"open","ping_status":"closed","template":"","meta":[],"_links":{"self":[{"href":"http:\/\/cajovnajasminka.sk\/index.php?rest_route=\/wp\/v2\/product\/2008"}],"collection":[{"href":"http:\/\/cajovnajasminka.sk\/index.php?rest_route=\/wp\/v2\/product"}],"about":[{"href":"http:\/\/cajovnajasminka.sk\/index.php?rest_route=\/wp\/v2\/types\/product"}],"replies":[{"embeddable":true,"href":"http:\/\/cajovnajasminka.sk\/index.php?rest_route=%2Fwp%2Fv2%2Fcomments&post=2008"}],"wp:featuredmedia":[{"embeddable":true,"href":"http:\/\/cajovnajasminka.sk\/index.php?rest_route=\/wp\/v2\/media\/2013"}],"wp:attachment":[{"href":"http:\/\/cajovnajasminka.sk\/index.php?rest_route=%2Fwp%2Fv2%2Fmedia&parent=2008"}],"curies":[{"name":"wp","href":"https:\/\/api.w.org\/{rel}","templated":true}]}}