{"id":2004,"date":"2020-03-22T20:14:19","date_gmt":"2020-03-22T19:14:19","guid":{"rendered":"http:\/\/cajovnajasminka.sk\/?post_type=product&#038;p=2004"},"modified":"2023-02-15T10:51:09","modified_gmt":"2023-02-15T09:51:09","slug":"alchemilka-vnat","status":"publish","type":"product","link":"http:\/\/cajovnajasminka.sk\/?product=alchemilka-vnat","title":{"rendered":"Alchemilka- v\u0148a\u0165"},"content":{"rendered":"<p><strong>Kvalitn\u00e1 su\u0161en\u00e1 jednodruhov\u00e1 bylina ur\u010den\u00e1 k\u00a0pou\u017eitiu jednotlivo alebo do bylinn\u00fdch zmes\u00ed<\/strong><\/p>\n<p>\u00da\u010dinne napom\u00e1ha pri\u00a0\u017eensk\u00e9 pohlavn\u00fdch probl\u00e9moch, pri neplodnosti, men\u0161tru\u00e1ci\u00ed<\/p>\n<p>&nbsp;<\/p>\n","protected":false},"excerpt":{"rendered":"<p><strong>Gram\u00e1\u017e : 30 g\u00a0<\/strong><\/p>\n","protected":false},"featured_media":2007,"comment_status":"open","ping_status":"closed","template":"","meta":[],"_links":{"self":[{"href":"http:\/\/cajovnajasminka.sk\/index.php?rest_route=\/wp\/v2\/product\/2004"}],"collection":[{"href":"http:\/\/cajovnajasminka.sk\/index.php?rest_route=\/wp\/v2\/product"}],"about":[{"href":"http:\/\/cajovnajasminka.sk\/index.php?rest_route=\/wp\/v2\/types\/product"}],"replies":[{"embeddable":true,"href":"http:\/\/cajovnajasminka.sk\/index.php?rest_route=%2Fwp%2Fv2%2Fcomments&post=2004"}],"wp:featuredmedia":[{"embeddable":true,"href":"http:\/\/cajovnajasminka.sk\/index.php?rest_route=\/wp\/v2\/media\/2007"}],"wp:attachment":[{"href":"http:\/\/cajovnajasminka.sk\/index.php?rest_route=%2Fwp%2Fv2%2Fmedia&parent=2004"}],"curies":[{"name":"wp","href":"https:\/\/api.w.org\/{rel}","templated":true}]}}