{"id":2002,"date":"2020-03-22T20:14:17","date_gmt":"2020-03-22T19:14:17","guid":{"rendered":"http:\/\/cajovnajasminka.sk\/?post_type=product&#038;p=2002"},"modified":"2023-02-15T10:52:05","modified_gmt":"2023-02-15T09:52:05","slug":"pupava-lekarska-koren","status":"publish","type":"product","link":"http:\/\/cajovnajasminka.sk\/?product=pupava-lekarska-koren","title":{"rendered":"P\u00fapava lek\u00e1rska- kore\u0148"},"content":{"rendered":"<p><strong>Kvalitn\u00e1 su\u0161en\u00e1 jednodruhov\u00e1 bylina ur\u010den\u00e1 k\u00a0pou\u017eitiu jednotlivo alebo do bylinn\u00fdch zmes\u00ed<\/strong><\/p>\n<p>\u00da\u010dinne napom\u00e1ha pri\u00a0chudnut\u00ed, tr\u00e1ven\u00ed,\u00a0o\u010diste,\u00a0prekyslen\u00ed, ko\u017en\u00e9 probl\u00e9my, pe\u010de\u0148, \u017el\u010dn\u00edk, pankreas a pri \u010drevnej mikrofl\u00f3re<\/p>\n<p>&nbsp;<\/p>\n","protected":false},"excerpt":{"rendered":"<p><strong>Gram\u00e1\u017e : 30 g\u00a0<\/strong><\/p>\n","protected":false},"featured_media":2005,"comment_status":"open","ping_status":"closed","template":"","meta":[],"_links":{"self":[{"href":"http:\/\/cajovnajasminka.sk\/index.php?rest_route=\/wp\/v2\/product\/2002"}],"collection":[{"href":"http:\/\/cajovnajasminka.sk\/index.php?rest_route=\/wp\/v2\/product"}],"about":[{"href":"http:\/\/cajovnajasminka.sk\/index.php?rest_route=\/wp\/v2\/types\/product"}],"replies":[{"embeddable":true,"href":"http:\/\/cajovnajasminka.sk\/index.php?rest_route=%2Fwp%2Fv2%2Fcomments&post=2002"}],"wp:featuredmedia":[{"embeddable":true,"href":"http:\/\/cajovnajasminka.sk\/index.php?rest_route=\/wp\/v2\/media\/2005"}],"wp:attachment":[{"href":"http:\/\/cajovnajasminka.sk\/index.php?rest_route=%2Fwp%2Fv2%2Fmedia&parent=2002"}],"curies":[{"name":"wp","href":"https:\/\/api.w.org\/{rel}","templated":true}]}}