{"id":200,"date":"2017-04-30T14:45:09","date_gmt":"2017-04-30T12:45:09","guid":{"rendered":"http:\/\/cajovnajasminka.sk\/?product=stihla-linia-bylinny-caj-sypany"},"modified":"2023-02-15T11:10:31","modified_gmt":"2023-02-15T10:10:31","slug":"stihla-linia-bylinny-caj-sypany","status":"publish","type":"product","link":"http:\/\/cajovnajasminka.sk\/?product=stihla-linia-bylinny-caj-sypany","title":{"rendered":"\u0160t\u00edhla l\u00ednia-Bylinn\u00fd \u010daj sypan\u00fd"},"content":{"rendered":"<p>\u010cesk\u00fd kvalitn\u00fd sypan\u00fd bylinn\u00fd \u010daj zostavovan\u00fd pod\u013ea origin\u00e1lnej recept\u00fary, chr\u00e1nen\u00fd ochrannou zn\u00e1mkou, ur\u010den\u00fd na konkr\u00e9tny probl\u00e9m.<\/p>\n<p><strong>Zlo\u017eenie :\u00a0<\/strong><\/p>\n<p><strong>Rooibos <\/strong>\u2013 prirodzen\u00fd antioxidant<br \/>\n<strong>P\u00fapava\u00a0kore\u0148<\/strong>\u00a0\u2013 podporuje <strong>zni\u017eovanie telesnej hmotnosti a detoxik\u00e1ciu\u00a0<\/strong><br \/>\n<strong>\u010cakanka v\u0148a\u0165<\/strong> \u2013 podporuje <strong>redukciu v\u00e1hy<\/strong> a\u00a0tr\u00e1venie<br \/>\n<strong>Chaluha bublinat\u00e1<\/strong> \u2013 podporuje <strong>metabolizmus, funkciu \u0161t\u00edtnej \u017e\u013eazy<\/strong>, redukciu v\u00e1hy<br \/>\n<strong>Necht\u00edk kvet<\/strong>\u00a0\u2013 podporuje funkciu pe\u010dene a \u010driev<br \/>\n<strong>Rebr\u00ed\u010dek v\u0148a\u0165<\/strong> \u2013 podporuje<strong> metabolizmus tukov a zni\u017eovanie v\u00e1hy<\/strong><br \/>\n<strong>Truskavec v\u0148a\u0165<\/strong> &#8211; podporuje funkciu \u010driev a redukciu v\u00e1hy<\/p>\n","protected":false},"excerpt":{"rendered":"<p>\u010cesk\u00fd kvalitn\u00fd sypan\u00fd bylinn\u00fd \u010daj zostavovan\u00fd pod\u013ea origin\u00e1lnej recept\u00fary, chr\u00e1nen\u00fd ochrannou zn\u00e1mkou, ur\u010den\u00fd na konkr\u00e9tny probl\u00e9m. Zlo\u017eenie :\u00a0 Rooibos \u2013 prirodzen\u00fd antioxidant P\u00fapava\u00a0kore\u0148\u00a0\u2013 podporuje zni\u017eovanie telesnej hmotnosti a detoxik\u00e1ciu\u00a0 \u010cakanka v\u0148a\u0165 \u2013 podporuje redukciu v\u00e1hy a\u00a0tr\u00e1venie Chaluha bublinat\u00e1 \u2013 podporuje metabolizmus, funkciu \u0161t\u00edtnej \u017e\u013eazy, redukciu v\u00e1hy Necht\u00edk kvet\u00a0\u2013 podporuje funkciu pe\u010dene a \u010driev Rebr\u00ed\u010dek v\u0148a\u0165<\/p>\n","protected":false},"featured_media":1909,"comment_status":"open","ping_status":"closed","template":"","meta":[],"_links":{"self":[{"href":"http:\/\/cajovnajasminka.sk\/index.php?rest_route=\/wp\/v2\/product\/200"}],"collection":[{"href":"http:\/\/cajovnajasminka.sk\/index.php?rest_route=\/wp\/v2\/product"}],"about":[{"href":"http:\/\/cajovnajasminka.sk\/index.php?rest_route=\/wp\/v2\/types\/product"}],"replies":[{"embeddable":true,"href":"http:\/\/cajovnajasminka.sk\/index.php?rest_route=%2Fwp%2Fv2%2Fcomments&post=200"}],"wp:featuredmedia":[{"embeddable":true,"href":"http:\/\/cajovnajasminka.sk\/index.php?rest_route=\/wp\/v2\/media\/1909"}],"wp:attachment":[{"href":"http:\/\/cajovnajasminka.sk\/index.php?rest_route=%2Fwp%2Fv2%2Fmedia&parent=200"}],"curies":[{"name":"wp","href":"https:\/\/api.w.org\/{rel}","templated":true}]}}