{"id":1998,"date":"2020-03-22T19:54:23","date_gmt":"2020-03-22T18:54:23","guid":{"rendered":"http:\/\/cajovnajasminka.sk\/?post_type=product&#038;p=1998"},"modified":"2023-02-15T09:54:07","modified_gmt":"2023-02-15T08:54:07","slug":"dojciaci-bylinny-caj-porciovany","status":"publish","type":"product","link":"http:\/\/cajovnajasminka.sk\/?product=dojciaci-bylinny-caj-porciovany","title":{"rendered":"Doj\u010diaci-Bylinn\u00fd \u010daj porciovan\u00fd"},"content":{"rendered":"<p>\u010cesk\u00fd kvalitn\u00fd sypan\u00fd bylinn\u00fd \u010daj zostavovan\u00fd pod\u013ea origin\u00e1lnej recept\u00fary, chr\u00e1nen\u00fd ochrannou zn\u00e1mkou, ur\u010den\u00fd na konkr\u00e9tny probl\u00e9m.<\/p>\n<p><strong>Zlo\u017eenie :\u00a0<\/strong><\/p>\n<p><strong>Jastrabina lek\u00e1rska v\u0148a\u0165<\/strong>\u00a0&#8211; podporuje tvorbu<strong>\u00a0matersk\u00e9ho mlieka<\/strong><br \/>\n<strong>An\u00edz vonn\u00fd plod<\/strong>\u00a0&#8211; podporuje\u00a0<strong>lakt\u00e1ciu<\/strong>, spr\u00e1vnu funkciu\u00a0<strong>\u010driev, obli\u010diek a d\u00fdchanie<\/strong><br \/>\n<strong>K\u00f4por vo\u0148av\u00fd plod<\/strong>\u00a0&#8211; podporuje<strong>\u00a0lakt\u00e1ciu, sp\u00e1nok, tr\u00e1venie<\/strong><br \/>\n<strong>Malin\u00edk oby\u010dajn\u00fd list<\/strong>\u00a0&#8211; podporuje\u00a0<strong>regener\u00e1ciu organizmu<\/strong><\/p>\n<p><strong>Obsah balenia : 15 x 2,5 g <\/strong><\/p>\n","protected":false},"excerpt":{"rendered":"<p><strong>Obsah balenia : 15 x 2,5 g <\/strong><\/p>\n","protected":false},"featured_media":1999,"comment_status":"open","ping_status":"closed","template":"","meta":[],"_links":{"self":[{"href":"http:\/\/cajovnajasminka.sk\/index.php?rest_route=\/wp\/v2\/product\/1998"}],"collection":[{"href":"http:\/\/cajovnajasminka.sk\/index.php?rest_route=\/wp\/v2\/product"}],"about":[{"href":"http:\/\/cajovnajasminka.sk\/index.php?rest_route=\/wp\/v2\/types\/product"}],"replies":[{"embeddable":true,"href":"http:\/\/cajovnajasminka.sk\/index.php?rest_route=%2Fwp%2Fv2%2Fcomments&post=1998"}],"wp:featuredmedia":[{"embeddable":true,"href":"http:\/\/cajovnajasminka.sk\/index.php?rest_route=\/wp\/v2\/media\/1999"}],"wp:attachment":[{"href":"http:\/\/cajovnajasminka.sk\/index.php?rest_route=%2Fwp%2Fv2%2Fmedia&parent=1998"}],"curies":[{"name":"wp","href":"https:\/\/api.w.org\/{rel}","templated":true}]}}