{"id":198,"date":"2017-04-30T14:39:40","date_gmt":"2017-04-30T12:39:40","guid":{"rendered":"http:\/\/cajovnajasminka.sk\/?product=creva-bylinny-caj-sypany"},"modified":"2023-02-15T11:10:39","modified_gmt":"2023-02-15T10:10:39","slug":"creva-bylinny-caj-sypany","status":"publish","type":"product","link":"http:\/\/cajovnajasminka.sk\/?product=creva-bylinny-caj-sypany","title":{"rendered":"\u010crev\u00e1-Bylinn\u00fd \u010daj sypan\u00fd"},"content":{"rendered":"<p>\u010cesk\u00fd kvalitn\u00fd sypan\u00fd bylinn\u00fd \u010daj zostavovan\u00fd pod\u013ea origin\u00e1lnej recept\u00fary, chr\u00e1nen\u00fd ochrannou zn\u00e1mkou, ur\u010den\u00fd na konkr\u00e9tny probl\u00e9m.<\/p>\n<p><strong>Zlo\u017eenie :\u00a0<\/strong><\/p>\n<p><strong>\u010cu\u010doriedka plod<\/strong> &#8211; podporuje<strong> prirodzen\u00fa funkciu \u010driev, \u010drevn\u00fa sliznicu\u00a0<\/strong><br \/>\n<strong>Ibi\u0161\u00a0kore\u0148<\/strong>\u00a0&#8211; podporuje spr\u00e1vnu <strong>\u010drevn\u00fa\u00a0peristaltiku<br \/>\n<\/strong><strong>M\u00e4ta v\u0148a\u0165<\/strong> \u2013 podporuje tr\u00e1venie\u00a0a \u010drev\u00e1<br \/>\n<strong>N\u00e1tr\u017en\u00edk\u00a0hus\u00ed v\u0148a\u0165<\/strong> \u2013 podporuje <strong>\u010drevn\u00fa\u00a0<\/strong><strong>\u00a0mikrofl\u00f3ru<\/strong><br \/>\n<strong>N\u00e1tr\u017en\u00edk kore\u0148<\/strong>\u00a0\u2013 podporuje norm\u00e1lnu\u00a0<strong>funkciu \u010driev<\/strong><br \/>\n<strong>Rep\u00edk v\u0148a\u0165<\/strong> \u2013 podporuje norm\u00e1lne tr\u00e1venie<\/p>\n","protected":false},"excerpt":{"rendered":"<p>\u010cesk\u00fd kvalitn\u00fd sypan\u00fd bylinn\u00fd \u010daj zostavovan\u00fd pod\u013ea origin\u00e1lnej recept\u00fary, chr\u00e1nen\u00fd ochrannou zn\u00e1mkou, ur\u010den\u00fd na konkr\u00e9tny probl\u00e9m. Zlo\u017eenie :\u00a0 \u010cu\u010doriedka plod &#8211; podporuje prirodzen\u00fa funkciu \u010driev, \u010drevn\u00fa sliznicu\u00a0 Ibi\u0161\u00a0kore\u0148\u00a0&#8211; podporuje spr\u00e1vnu \u010drevn\u00fa\u00a0peristaltiku M\u00e4ta v\u0148a\u0165 \u2013 podporuje tr\u00e1venie\u00a0a \u010drev\u00e1 N\u00e1tr\u017en\u00edk\u00a0hus\u00ed v\u0148a\u0165 \u2013 podporuje \u010drevn\u00fa\u00a0\u00a0mikrofl\u00f3ru N\u00e1tr\u017en\u00edk kore\u0148\u00a0\u2013 podporuje norm\u00e1lnu\u00a0funkciu \u010driev Rep\u00edk v\u0148a\u0165 \u2013 podporuje norm\u00e1lne tr\u00e1venie<\/p>\n","protected":false},"featured_media":1898,"comment_status":"open","ping_status":"closed","template":"","meta":[],"_links":{"self":[{"href":"http:\/\/cajovnajasminka.sk\/index.php?rest_route=\/wp\/v2\/product\/198"}],"collection":[{"href":"http:\/\/cajovnajasminka.sk\/index.php?rest_route=\/wp\/v2\/product"}],"about":[{"href":"http:\/\/cajovnajasminka.sk\/index.php?rest_route=\/wp\/v2\/types\/product"}],"replies":[{"embeddable":true,"href":"http:\/\/cajovnajasminka.sk\/index.php?rest_route=%2Fwp%2Fv2%2Fcomments&post=198"}],"wp:featuredmedia":[{"embeddable":true,"href":"http:\/\/cajovnajasminka.sk\/index.php?rest_route=\/wp\/v2\/media\/1898"}],"wp:attachment":[{"href":"http:\/\/cajovnajasminka.sk\/index.php?rest_route=%2Fwp%2Fv2%2Fmedia&parent=198"}],"curies":[{"name":"wp","href":"https:\/\/api.w.org\/{rel}","templated":true}]}}