{"id":1962,"date":"2020-03-22T19:07:38","date_gmt":"2020-03-22T18:07:38","guid":{"rendered":"http:\/\/cajovnajasminka.sk\/?post_type=product&#038;p=1962"},"modified":"2023-02-15T09:54:51","modified_gmt":"2023-02-15T08:54:51","slug":"pomarancova-koza-bylinny-caj-porciovany","status":"publish","type":"product","link":"http:\/\/cajovnajasminka.sk\/?product=pomarancova-koza-bylinny-caj-porciovany","title":{"rendered":"Pomaran\u010dov\u00e1 ko\u017ea-Bylinn\u00fd \u010daj porciovan\u00fd"},"content":{"rendered":"<p>\u010cesk\u00fd kvalitn\u00fd sypan\u00fd bylinn\u00fd \u010daj zostavovan\u00fd pod\u013ea origin\u00e1lnej recept\u00fary, chr\u00e1nen\u00fd ochrannou zn\u00e1mkou, ur\u010den\u00fd na konkr\u00e9tny probl\u00e9m.<\/p>\n<p><strong>Zlo\u017eenie :\u00a0<\/strong><\/p>\n<p><strong>Lipkavec v\u0148a\u0165<\/strong>\u00a0\u2013 podporuje \u010dinnos\u0165\u00a0<strong>lymfatick\u00e9ho syst\u00e9mu<\/strong><br \/>\n<strong>Paga\u0161tan kvet\u00a0<\/strong>&#8211; podporuje\u00a0<strong>prekrvenie, cievy, \u017eily<\/strong>, drobn\u00e9 kapil\u00e1ry<br \/>\n<strong>Stavikrv v\u0148a\u0165<\/strong>\u00a0\u2013podporuje<strong>\u00a0chudnutie\u00a0<\/strong>a funkciu \u010driev<br \/>\n<strong>\u017dih\u013eava v\u0148a\u0165<\/strong>\u2013 podporuje o\u010distu tela, obli\u010dky,<strong>\u00a0norm\u00e1lny stav ko\u017ee<\/strong><br \/>\n<strong>Prasli\u010dka v\u0148a\u0165<\/strong>\u00a0\u2013 podporuje norm\u00e1lny stav ko\u017ee a tkan\u00edv,\u00a0<strong>o\u010distu tela<br \/>\n<\/strong><strong>Tu\u017eobn\u00edk v\u0148a\u0165<\/strong>\u00a0\u2013 podporuje\u00a0<strong>vylu\u010dovanie,<\/strong>\u00a0o\u010distu, stav ko\u017ee<\/p>\n<p><strong>Obsah balenia : 15 x 2,5 g <\/strong><\/p>\n","protected":false},"excerpt":{"rendered":"<p><strong>Obsah balenia : 15 x 2,5 g <\/strong><\/p>\n","protected":false},"featured_media":1996,"comment_status":"open","ping_status":"closed","template":"","meta":[],"_links":{"self":[{"href":"http:\/\/cajovnajasminka.sk\/index.php?rest_route=\/wp\/v2\/product\/1962"}],"collection":[{"href":"http:\/\/cajovnajasminka.sk\/index.php?rest_route=\/wp\/v2\/product"}],"about":[{"href":"http:\/\/cajovnajasminka.sk\/index.php?rest_route=\/wp\/v2\/types\/product"}],"replies":[{"embeddable":true,"href":"http:\/\/cajovnajasminka.sk\/index.php?rest_route=%2Fwp%2Fv2%2Fcomments&post=1962"}],"wp:featuredmedia":[{"embeddable":true,"href":"http:\/\/cajovnajasminka.sk\/index.php?rest_route=\/wp\/v2\/media\/1996"}],"wp:attachment":[{"href":"http:\/\/cajovnajasminka.sk\/index.php?rest_route=%2Fwp%2Fv2%2Fmedia&parent=1962"}],"curies":[{"name":"wp","href":"https:\/\/api.w.org\/{rel}","templated":true}]}}