{"id":196,"date":"2017-04-30T14:34:55","date_gmt":"2017-04-30T12:34:55","guid":{"rendered":"http:\/\/cajovnajasminka.sk\/?product=pankreas-bylinny-caj-sypany"},"modified":"2023-02-15T11:10:51","modified_gmt":"2023-02-15T10:10:51","slug":"pankreas-bylinny-caj-sypany","status":"publish","type":"product","link":"http:\/\/cajovnajasminka.sk\/?product=pankreas-bylinny-caj-sypany","title":{"rendered":"Pankreas-Bylinn\u00fd \u010daj sypan\u00fd"},"content":{"rendered":"<p>\u010cesk\u00fd kvalitn\u00fd sypan\u00fd bylinn\u00fd \u010daj zostavovan\u00fd pod\u013ea origin\u00e1lnej recept\u00fary, chr\u00e1nen\u00fd ochrannou zn\u00e1mkou, ur\u010den\u00fd na konkr\u00e9tny probl\u00e9m.<\/p>\n<p><strong>Zlo\u017eenie :\u00a0<\/strong><\/p>\n<p><strong>P\u00fapava kore\u0148<\/strong>\u00a0\u2013 podporuje <strong>tr\u00e1venie<\/strong>, o\u010distu, \u010drevn\u00fa mikrofl\u00f3ru<br \/>\n<strong>Necht\u00edk\u00a0kvet<\/strong> &#8211; podporuje \u017el\u010dn\u00edk a <strong>pankreas, zni\u017euje nad\u00favanie v \u010drev\u00e1ch<\/strong><br \/>\n<strong>Rep\u00edk v\u0148a\u0165<\/strong> \u2013 podporuje tr\u00e1ven\u00ed a vylu\u010dovanie<br \/>\n<strong>Slamiha\u00a0kvet<\/strong> &#8211; podporuje <strong>tr\u00e1viaci trakt<\/strong><br \/>\n<strong>Kondurango k\u00f4ra<\/strong> \u2013 podporuje tr\u00e1venie<strong>\u00a0a chu\u0165 k jedlu<\/strong><br \/>\n<strong>Lop\u00fach kore\u0148<\/strong>\u00a0\u2013 podporuje spr\u00e1vnu<strong> hladinu cukru v krvi<br \/>\n<\/strong><strong>\u013dubovn\u00edk v\u0148a\u0165<\/strong> \u2013 uvo\u013e\u0148uje, uk\u013eud\u0148uje\u00a0tr\u00e1viace funkcie<\/p>\n","protected":false},"excerpt":{"rendered":"<p>\u010cesk\u00fd kvalitn\u00fd sypan\u00fd bylinn\u00fd \u010daj zostavovan\u00fd pod\u013ea origin\u00e1lnej recept\u00fary, chr\u00e1nen\u00fd ochrannou zn\u00e1mkou, ur\u010den\u00fd na konkr\u00e9tny probl\u00e9m. Zlo\u017eenie :\u00a0 P\u00fapava kore\u0148\u00a0\u2013 podporuje tr\u00e1venie, o\u010distu, \u010drevn\u00fa mikrofl\u00f3ru Necht\u00edk\u00a0kvet &#8211; podporuje \u017el\u010dn\u00edk a pankreas, zni\u017euje nad\u00favanie v \u010drev\u00e1ch Rep\u00edk v\u0148a\u0165 \u2013 podporuje tr\u00e1ven\u00ed a vylu\u010dovanie Slamiha\u00a0kvet &#8211; podporuje tr\u00e1viaci trakt Kondurango k\u00f4ra \u2013 podporuje tr\u00e1venie\u00a0a chu\u0165 k jedlu<\/p>\n","protected":false},"featured_media":1916,"comment_status":"open","ping_status":"closed","template":"","meta":[],"_links":{"self":[{"href":"http:\/\/cajovnajasminka.sk\/index.php?rest_route=\/wp\/v2\/product\/196"}],"collection":[{"href":"http:\/\/cajovnajasminka.sk\/index.php?rest_route=\/wp\/v2\/product"}],"about":[{"href":"http:\/\/cajovnajasminka.sk\/index.php?rest_route=\/wp\/v2\/types\/product"}],"replies":[{"embeddable":true,"href":"http:\/\/cajovnajasminka.sk\/index.php?rest_route=%2Fwp%2Fv2%2Fcomments&post=196"}],"wp:featuredmedia":[{"embeddable":true,"href":"http:\/\/cajovnajasminka.sk\/index.php?rest_route=\/wp\/v2\/media\/1916"}],"wp:attachment":[{"href":"http:\/\/cajovnajasminka.sk\/index.php?rest_route=%2Fwp%2Fv2%2Fmedia&parent=196"}],"curies":[{"name":"wp","href":"https:\/\/api.w.org\/{rel}","templated":true}]}}