{"id":1958,"date":"2020-03-22T19:02:08","date_gmt":"2020-03-22T18:02:08","guid":{"rendered":"http:\/\/cajovnajasminka.sk\/?post_type=product&#038;p=1958"},"modified":"2023-02-15T09:55:06","modified_gmt":"2023-02-15T08:55:06","slug":"cistiaci-bylinny-caj-porciovany","status":"publish","type":"product","link":"http:\/\/cajovnajasminka.sk\/?product=cistiaci-bylinny-caj-porciovany","title":{"rendered":"\u010cistiaci-Bylinn\u00fd \u010daj porciovan\u00fd"},"content":{"rendered":"<p>\u010cesk\u00fd kvalitn\u00fd sypan\u00fd bylinn\u00fd \u010daj zostavovan\u00fd pod\u013ea origin\u00e1lnej recept\u00fary, chr\u00e1nen\u00fd ochrannou zn\u00e1mkou, ur\u010den\u00fd na konkr\u00e9tny probl\u00e9m.<\/p>\n<p><strong>Zlo\u017eenie :\u00a0<\/strong><\/p>\n<p><strong>\u017dih\u013eava v\u0148a\u0165<\/strong>\u00a0\u2013podporuje\u00a0<strong>o\u010distu, spr\u00e1vnu \u010drevn\u00fa mikrofl\u00f3ru<\/strong>, hladinu krvn\u00e9ho cukru<br \/>\n<strong>P\u00fapava \u00a0list<\/strong>\u00a0&#8211; podporuje<strong>\u00a0detoxik\u00e1ciu<\/strong>, spr\u00e1vnu \u010drevn\u00fa\u00a0mikrofl\u00f3ru, funkciu pe\u010dene<br \/>\n<strong>Sedmokr\u00e1ska kvet<\/strong>\u00a0&#8211; podporuje stav ko\u017ee, vlasov a nechtov<br \/>\n<strong>Necht\u00edk kvet<\/strong>&#8211; podporuje funkciu \u010driev,\u00a0<strong>spr\u00e1vnu vagin\u00e1lnu mikrofl\u00f3ru<\/strong><br \/>\n<strong>Rebr\u00ed\u010dek v\u0148a\u0165<\/strong>\u00a0\u2013 podporuje metabolizmus tukov,\u00a0<strong>zni\u017eovanie nadv\u00e1hy<br \/>\nTu\u017eobn\u00edk v\u0148a\u0165<\/strong>\u00a0&#8211; podporuje\u00a0<strong>celkovu o\u010distu<\/strong><\/p>\n<p><strong>Obsah balenia : 15 x 2,5 g <\/strong><\/p>\n","protected":false},"excerpt":{"rendered":"<p><strong>Obsah balenia : 15 x 2,5 g <\/strong><\/p>\n","protected":false},"featured_media":1995,"comment_status":"open","ping_status":"closed","template":"","meta":[],"_links":{"self":[{"href":"http:\/\/cajovnajasminka.sk\/index.php?rest_route=\/wp\/v2\/product\/1958"}],"collection":[{"href":"http:\/\/cajovnajasminka.sk\/index.php?rest_route=\/wp\/v2\/product"}],"about":[{"href":"http:\/\/cajovnajasminka.sk\/index.php?rest_route=\/wp\/v2\/types\/product"}],"replies":[{"embeddable":true,"href":"http:\/\/cajovnajasminka.sk\/index.php?rest_route=%2Fwp%2Fv2%2Fcomments&post=1958"}],"wp:featuredmedia":[{"embeddable":true,"href":"http:\/\/cajovnajasminka.sk\/index.php?rest_route=\/wp\/v2\/media\/1995"}],"wp:attachment":[{"href":"http:\/\/cajovnajasminka.sk\/index.php?rest_route=%2Fwp%2Fv2%2Fmedia&parent=1958"}],"curies":[{"name":"wp","href":"https:\/\/api.w.org\/{rel}","templated":true}]}}