{"id":1957,"date":"2020-03-22T19:02:06","date_gmt":"2020-03-22T18:02:06","guid":{"rendered":"http:\/\/cajovnajasminka.sk\/?post_type=product&#038;p=1957"},"modified":"2023-02-15T09:55:19","modified_gmt":"2023-02-15T08:55:19","slug":"creva-bylinny-caj-porciovany-kopia","status":"publish","type":"product","link":"http:\/\/cajovnajasminka.sk\/?product=creva-bylinny-caj-porciovany-kopia","title":{"rendered":"\u010celn\u00e9 dutiny-Bylinn\u00fd \u010daj porciovan\u00fd"},"content":{"rendered":"<p>\u010cesk\u00fd kvalitn\u00fd sypan\u00fd bylinn\u00fd \u010daj zostavovan\u00fd pod\u013ea origin\u00e1lnej recept\u00fary, chr\u00e1nen\u00fd ochrannou zn\u00e1mkou, ur\u010den\u00fd na konkr\u00e9tny probl\u00e9m.<\/p>\n<p><strong>Zlo\u017eenie :\u00a0<\/strong><\/p>\n<p><strong>N\u00e1tr\u017en\u00edk vzpriamen\u00fd<\/strong>\u00a0-podporuje spr\u00e1vnu<strong>\u00a0\u010drevn\u00fa mikrofl\u00f3ru a tr\u00e1venie<\/strong><br \/>\n<strong>\u017dih\u013eava<\/strong>\u00a0-podporuje<strong>\u00a0hojenie, obli\u010dky a vitalitu<\/strong><br \/>\n<strong>\u0160alvia<\/strong>\u00a0&#8211; podporuje prirodzen\u00e9\u00a0<strong>d\u00fdchanie a imunitu<br \/>\nMaterina d\u00fa\u0161ka<\/strong>\u00a0&#8211; podporuje<strong>\u00a0d\u00fdchanie a imunitu<\/strong><br \/>\n<strong>Slez list<\/strong>\u00a0&#8211; p\u00f4sob\u00ed na norm\u00e1lne funkcie\u00a0<strong>horn\u00fdch d\u00fdchac\u00edch ciest<br \/>\nDivozel &#8211;<\/strong>\u00a0podporuje dobr\u00fd stav<strong>\u00a0slizn\u00edc, d\u00fdchania a imunitu<\/strong><\/p>\n<p><strong>Obsah balenia : 15 x 2,5 g <\/strong><\/p>\n","protected":false},"excerpt":{"rendered":"<p><strong>Obsah balenia : 15 x 2,5 g <\/strong><\/p>\n","protected":false},"featured_media":1961,"comment_status":"open","ping_status":"closed","template":"","meta":[],"_links":{"self":[{"href":"http:\/\/cajovnajasminka.sk\/index.php?rest_route=\/wp\/v2\/product\/1957"}],"collection":[{"href":"http:\/\/cajovnajasminka.sk\/index.php?rest_route=\/wp\/v2\/product"}],"about":[{"href":"http:\/\/cajovnajasminka.sk\/index.php?rest_route=\/wp\/v2\/types\/product"}],"replies":[{"embeddable":true,"href":"http:\/\/cajovnajasminka.sk\/index.php?rest_route=%2Fwp%2Fv2%2Fcomments&post=1957"}],"wp:featuredmedia":[{"embeddable":true,"href":"http:\/\/cajovnajasminka.sk\/index.php?rest_route=\/wp\/v2\/media\/1961"}],"wp:attachment":[{"href":"http:\/\/cajovnajasminka.sk\/index.php?rest_route=%2Fwp%2Fv2%2Fmedia&parent=1957"}],"curies":[{"name":"wp","href":"https:\/\/api.w.org\/{rel}","templated":true}]}}