{"id":1940,"date":"2020-03-22T15:30:13","date_gmt":"2020-03-22T14:30:13","guid":{"rendered":"http:\/\/cajovnajasminka.sk\/?post_type=product&#038;p=1940"},"modified":"2023-02-15T11:07:42","modified_gmt":"2023-02-15T10:07:42","slug":"potenie-bylinny-caj-sypany","status":"publish","type":"product","link":"http:\/\/cajovnajasminka.sk\/?product=potenie-bylinny-caj-sypany","title":{"rendered":"Potenie-Bylinn\u00fd \u010daj sypan\u00fd"},"content":{"rendered":"<p>\u010cesk\u00fd kvalitn\u00fd sypan\u00fd bylinn\u00fd \u010daj zostavovan\u00fd pod\u013ea origin\u00e1lnej recept\u00fary, chr\u00e1nen\u00fd ochrannou zn\u00e1mkou, ur\u010den\u00fd na konkr\u00e9tny probl\u00e9m.<\/p>\n<p><strong>Zlo\u017eenie :\u00a0<\/strong><\/p>\n<p><strong>Yzop lek\u00e1rsky\u00a0v\u0148a\u0165<\/strong>\u00a0&#8211; podporuje norm\u00e1lne funkcie d\u00fdchacieho a kardiovaskul\u00e1rneho \u00fastrojenstva<br \/>\n<strong>\u0160alvia lek\u00e1rska v\u0148a\u0165<\/strong>\u00a0&#8211; upravuje norm\u00e1lne potenie<strong><br \/>\n<\/strong><strong>Orech kr\u00e1\u013eovsk\u00fd list<\/strong>\u00a0&#8211; podporuje norm\u00e1lne funkcie obli\u010diek<br \/>\n<strong>Zlatoby\u013e cel\u00edk list<\/strong>\u00a0&#8211; podporuje norm\u00e1lne funkcie obli\u010diek a klimakt\u00e9rium<\/p>\n<p><strong>Gram\u00e1\u017e : 50 g\u00a0<\/strong><\/p>\n","protected":false},"excerpt":{"rendered":"<p>\u010cesk\u00fd kvalitn\u00fd sypan\u00fd bylinn\u00fd \u010daj zostavovan\u00fd pod\u013ea origin\u00e1lnej recept\u00fary, chr\u00e1nen\u00fd ochrannou zn\u00e1mkou, ur\u010den\u00fd na konkr\u00e9tny probl\u00e9m. Zlo\u017eenie :\u00a0 Yzop lek\u00e1rsky\u00a0v\u0148a\u0165\u00a0&#8211; podporuje norm\u00e1lne funkcie d\u00fdchacieho a kardiovaskul\u00e1rneho \u00fastrojenstva \u0160alvia lek\u00e1rska v\u0148a\u0165\u00a0&#8211; upravuje norm\u00e1lne potenie Orech kr\u00e1\u013eovsk\u00fd list\u00a0&#8211; podporuje norm\u00e1lne funkcie obli\u010diek Zlatoby\u013e cel\u00edk list\u00a0&#8211; podporuje norm\u00e1lne funkcie obli\u010diek a klimakt\u00e9rium Gram\u00e1\u017e : 50 g\u00a0<\/p>\n","protected":false},"featured_media":1942,"comment_status":"open","ping_status":"closed","template":"","meta":[],"_links":{"self":[{"href":"http:\/\/cajovnajasminka.sk\/index.php?rest_route=\/wp\/v2\/product\/1940"}],"collection":[{"href":"http:\/\/cajovnajasminka.sk\/index.php?rest_route=\/wp\/v2\/product"}],"about":[{"href":"http:\/\/cajovnajasminka.sk\/index.php?rest_route=\/wp\/v2\/types\/product"}],"replies":[{"embeddable":true,"href":"http:\/\/cajovnajasminka.sk\/index.php?rest_route=%2Fwp%2Fv2%2Fcomments&post=1940"}],"wp:featuredmedia":[{"embeddable":true,"href":"http:\/\/cajovnajasminka.sk\/index.php?rest_route=\/wp\/v2\/media\/1942"}],"wp:attachment":[{"href":"http:\/\/cajovnajasminka.sk\/index.php?rest_route=%2Fwp%2Fv2%2Fmedia&parent=1940"}],"curies":[{"name":"wp","href":"https:\/\/api.w.org\/{rel}","templated":true}]}}